{"id":2683,"date":"2017-01-03T19:57:54","date_gmt":"2017-01-03T19:57:54","guid":{"rendered":"http:\/\/alj.corp.staging.omniaconnect.net\/tr\/?page_id=2683"},"modified":"2025-03-19T08:12:13","modified_gmt":"2025-03-19T08:12:13","slug":"story","status":"publish","type":"page","link":"https:\/\/alj.com\/tr\/about\/story\/","title":{"rendered":"Hik\u00e2yemiz"},"content":{"rendered":"<h2>G\u00fc\u00e7l\u00fc bir Ortak<\/h2>\n<div class=\"p1-style\">Abdul Latif Jameel Orta Do\u011fu, Kuzey Afrika ve T\u00fcrkiye (MENAT b\u00f6lgesi) i\u00e7inde derin k\u00f6klere sahip, \u00e7ok \u00e7e\u015fitli i\u015f kollar\u0131nda faaliyet g\u00f6steren bir \u015firkettir. Sahip oldu\u011fumuz g\u00fc\u00e7l\u00fc a\u011flar ve uzun bir ge\u00e7mi\u015fe dayanan ili\u015fkilerimiz bizi g\u00fc\u00e7l\u00fc bir ortak haline getirerek b\u00f6lgede i\u015f yapmak isteyen \u015firketler i\u00e7in kap\u0131lar\u0131n a\u00e7\u0131lmas\u0131n\u0131 sa\u011flamaktad\u0131r.<\/div>\n<p>\u015eirketlerimiz d\u00fcnyan\u0131n lider markalar\u0131ndan baz\u0131lar\u0131n\u0131 temsil etmekte ve bu markalar\u0131n g\u00fcvenini kazanarak uzun s\u00fcreli ve kar\u015f\u0131l\u0131kl\u0131 faydaya dayanan ili\u015fkiler kurmaktad\u0131r. Ortaklar\u0131m\u0131z\u0131n ihtiya\u00e7lar\u0131n\u0131 \u00f6ng\u00f6rme ve yerine getirme konusundaki kararl\u0131l\u0131\u011f\u0131m\u0131z, ba\u015far\u0131m\u0131z\u0131 sa\u011flayan temel unsur olmu\u015ftur.<\/p>\n<p>Bundan 80 sene \u00f6nce Suudi Arabistan\u2019\u0131n Cidde kentindeki k\u00fc\u00e7\u00fck bir ticaret \u015firketi ve daha sonra Toyota distrib\u00fct\u00f6r\u00fc olarak yapt\u0131\u011f\u0131m\u0131z m\u00fctevaz\u0131 ba\u015flang\u0131\u00e7tan bu yana kapsaml\u0131 bir operasyon altyap\u0131s\u0131 olu\u015fturduk, Suudi Arabistan\u2019\u0131n en b\u00fcy\u00fck ta\u015f\u0131t da\u011f\u0131t\u0131m a\u011f\u0131n\u0131 kurduk ve bu \u00e7al\u0131\u015fmalar\u0131 y\u00fcr\u00fct\u00fcrken otomotiv alan\u0131nda b\u00f6lgenin tamam\u0131nda muazzam bir uzmanl\u0131k elde ettik.<\/p>\n<p>Otomotiv sekt\u00f6r\u00fcndeki engin deneyimlerimizi uygularken, MENAT b\u00f6lgesinde \u2018ya\u015fam\u0131n altyap\u0131s\u0131na\u2019 katk\u0131da bulunacak yeni sekt\u00f6rlere a\u00e7\u0131lmak i\u00e7in uzmanl\u0131\u011f\u0131m\u0131z\u0131 ve operasyon altyap\u0131m\u0131z\u0131 kulland\u0131k.<\/p>\n","protected":false},"excerpt":{"rendered":"<p>G\u00fc\u00e7l\u00fc bir Ortak Abdul Latif Jameel Orta Do\u011fu, Kuzey Afrika ve T\u00fcrkiye (MENAT b\u00f6lgesi) i\u00e7inde derin k\u00f6klere sahip, \u00e7ok \u00e7e\u015fitli i\u015f kollar\u0131nda faaliyet g\u00f6steren bir \u015firkettir. Sahip oldu\u011fumuz g\u00fc\u00e7l\u00fc a\u011flar ve uzun bir ge\u00e7mi\u015fe dayanan ili\u015fkilerimiz bizi g\u00fc\u00e7l\u00fc bir ortak haline getirerek b\u00f6lgede i\u015f yapmak isteyen \u015firketler i\u00e7in kap\u0131lar\u0131n a\u00e7\u0131lmas\u0131n\u0131 sa\u011flamaktad\u0131r. \u015eirketlerimiz d\u00fcnyan\u0131n lider markalar\u0131ndan [&hellip;]<\/p>\n","protected":false},"author":14,"featured_media":0,"parent":2665,"menu_order":3,"comment_status":"closed","ping_status":"closed","template":"page-templates\/about-us-overview.php","meta":{"footnotes":""},"categories":[],"acf":[],"yoast_head":"<!-- This site is optimized with the Yoast SEO plugin v21.5 - https:\/\/yoast.com\/wordpress\/plugins\/seo\/ -->\n<title>Biz ve \u00c7ok Y\u00f6nl\u00fc Faaliyet Alanlar\u0131m\u0131z | Abdul Latif Jameel\u00ae<\/title>\n<meta name=\"description\" content=\"Son 70 y\u0131l i\u00e7inde kapsaml\u0131 bir operasyon altyap\u0131s\u0131 kurduk. Tercih edilen bir yat\u0131r\u0131m orta\u011f\u0131 olma yolculu\u011fumuz hakk\u0131nda daha fazla bilgi edinin.\" \/>\n<meta name=\"robots\" content=\"index, follow, max-snippet:-1, max-image-preview:large, max-video-preview:-1\" \/>\n<link rel=\"canonical\" href=\"https:\/\/alj.com\/tr\/about\/story\/\" \/>\n<meta property=\"og:locale\" content=\"tr_TR\" \/>\n<meta property=\"og:type\" content=\"article\" \/>\n<meta property=\"og:title\" content=\"Biz ve \u00c7ok Y\u00f6nl\u00fc Faaliyet Alanlar\u0131m\u0131z | Abdul Latif Jameel\u00ae\" \/>\n<meta property=\"og:description\" content=\"Son 70 y\u0131l i\u00e7inde kapsaml\u0131 bir operasyon altyap\u0131s\u0131 kurduk. Tercih edilen bir yat\u0131r\u0131m orta\u011f\u0131 olma yolculu\u011fumuz hakk\u0131nda daha fazla bilgi edinin.\" \/>\n<meta property=\"og:url\" content=\"https:\/\/alj.com\/tr\/about\/story\/\" \/>\n<meta property=\"og:site_name\" content=\"Abdul Latif Jameel\" \/>\n<meta property=\"article:publisher\" content=\"https:\/\/www.facebook.com\/Abdul.Latif.Jameel.Official\" \/>\n<meta property=\"article:modified_time\" content=\"2025-03-19T08:12:13+00:00\" \/>\n<meta property=\"og:image\" content=\"https:\/\/media.alj.com\/app\/uploads\/2016\/10\/alj-our-presence-in-menat-and-beyond.jpg\" \/>\n\t<meta property=\"og:image:width\" content=\"1294\" \/>\n\t<meta property=\"og:image:height\" content=\"600\" \/>\n\t<meta property=\"og:image:type\" content=\"image\/jpeg\" \/>\n<meta name=\"twitter:card\" content=\"summary_large_image\" \/>\n<meta name=\"twitter:label1\" content=\"Est. reading time\" \/>\n\t<meta name=\"twitter:data1\" content=\"1 minute\" \/>\n<script type=\"application\/ld+json\" class=\"yoast-schema-graph\">{\"@context\":\"https:\/\/schema.org\",\"@graph\":[{\"@type\":\"WebPage\",\"@id\":\"https:\/\/alj.com\/tr\/about\/story\/\",\"url\":\"https:\/\/alj.com\/tr\/about\/story\/\",\"name\":\"Biz ve \u00c7ok Y\u00f6nl\u00fc Faaliyet Alanlar\u0131m\u0131z | Abdul Latif Jameel\u00ae\",\"isPartOf\":{\"@id\":\"https:\/\/alj.com\/en\/#website\"},\"datePublished\":\"2017-01-03T19:57:54+00:00\",\"dateModified\":\"2025-03-19T08:12:13+00:00\",\"description\":\"Son 70 y\u0131l i\u00e7inde kapsaml\u0131 bir operasyon altyap\u0131s\u0131 kurduk. Tercih edilen bir yat\u0131r\u0131m orta\u011f\u0131 olma yolculu\u011fumuz hakk\u0131nda daha fazla bilgi edinin.\",\"breadcrumb\":{\"@id\":\"https:\/\/alj.com\/tr\/about\/story\/#breadcrumb\"},\"inLanguage\":\"tr\",\"potentialAction\":[{\"@type\":\"ReadAction\",\"target\":[\"https:\/\/alj.com\/tr\/about\/story\/\"]}]},{\"@type\":\"BreadcrumbList\",\"@id\":\"https:\/\/alj.com\/tr\/about\/story\/#breadcrumb\",\"itemListElement\":[{\"@type\":\"ListItem\",\"position\":1,\"name\":\"Home\",\"item\":\"https:\/\/alj.com\/tr\/\"},{\"@type\":\"ListItem\",\"position\":2,\"name\":\"Hakk\u0131m\u0131zda\",\"item\":\"https:\/\/alj.com\/tr\/about\/\"},{\"@type\":\"ListItem\",\"position\":3,\"name\":\"Hik\u00e2yemiz\"}]},{\"@type\":\"WebSite\",\"@id\":\"https:\/\/alj.com\/en\/#website\",\"url\":\"https:\/\/alj.com\/en\/\",\"name\":\"Abdul Latif Jameel\",\"description\":\"Abdul Latif Jameel\",\"potentialAction\":[{\"@type\":\"SearchAction\",\"target\":{\"@type\":\"EntryPoint\",\"urlTemplate\":\"https:\/\/alj.com\/en\/?s={search_term_string}\"},\"query-input\":\"required name=search_term_string\"}],\"inLanguage\":\"tr\"}]}<\/script>\n<!-- \/ Yoast SEO plugin. -->","yoast_head_json":{"title":"Biz ve \u00c7ok Y\u00f6nl\u00fc Faaliyet Alanlar\u0131m\u0131z | Abdul Latif Jameel\u00ae","description":"Son 70 y\u0131l i\u00e7inde kapsaml\u0131 bir operasyon altyap\u0131s\u0131 kurduk. Tercih edilen bir yat\u0131r\u0131m orta\u011f\u0131 olma yolculu\u011fumuz hakk\u0131nda daha fazla bilgi edinin.","robots":{"index":"index","follow":"follow","max-snippet":"max-snippet:-1","max-image-preview":"max-image-preview:large","max-video-preview":"max-video-preview:-1"},"canonical":"https:\/\/alj.com\/tr\/about\/story\/","og_locale":"tr_TR","og_type":"article","og_title":"Biz ve \u00c7ok Y\u00f6nl\u00fc Faaliyet Alanlar\u0131m\u0131z | Abdul Latif Jameel\u00ae","og_description":"Son 70 y\u0131l i\u00e7inde kapsaml\u0131 bir operasyon altyap\u0131s\u0131 kurduk. Tercih edilen bir yat\u0131r\u0131m orta\u011f\u0131 olma yolculu\u011fumuz hakk\u0131nda daha fazla bilgi edinin.","og_url":"https:\/\/alj.com\/tr\/about\/story\/","og_site_name":"Abdul Latif Jameel","article_publisher":"https:\/\/www.facebook.com\/Abdul.Latif.Jameel.Official","article_modified_time":"2025-03-19T08:12:13+00:00","og_image":[{"width":1294,"height":600,"url":"https:\/\/media.alj.com\/app\/uploads\/2016\/10\/alj-our-presence-in-menat-and-beyond.jpg","type":"image\/jpeg"}],"twitter_card":"summary_large_image","twitter_misc":{"Est. reading time":"1 minute"},"schema":{"@context":"https:\/\/schema.org","@graph":[{"@type":"WebPage","@id":"https:\/\/alj.com\/tr\/about\/story\/","url":"https:\/\/alj.com\/tr\/about\/story\/","name":"Biz ve \u00c7ok Y\u00f6nl\u00fc Faaliyet Alanlar\u0131m\u0131z | Abdul Latif Jameel\u00ae","isPartOf":{"@id":"https:\/\/alj.com\/en\/#website"},"datePublished":"2017-01-03T19:57:54+00:00","dateModified":"2025-03-19T08:12:13+00:00","description":"Son 70 y\u0131l i\u00e7inde kapsaml\u0131 bir operasyon altyap\u0131s\u0131 kurduk. Tercih edilen bir yat\u0131r\u0131m orta\u011f\u0131 olma yolculu\u011fumuz hakk\u0131nda daha fazla bilgi edinin.","breadcrumb":{"@id":"https:\/\/alj.com\/tr\/about\/story\/#breadcrumb"},"inLanguage":"tr","potentialAction":[{"@type":"ReadAction","target":["https:\/\/alj.com\/tr\/about\/story\/"]}]},{"@type":"BreadcrumbList","@id":"https:\/\/alj.com\/tr\/about\/story\/#breadcrumb","itemListElement":[{"@type":"ListItem","position":1,"name":"Home","item":"https:\/\/alj.com\/tr\/"},{"@type":"ListItem","position":2,"name":"Hakk\u0131m\u0131zda","item":"https:\/\/alj.com\/tr\/about\/"},{"@type":"ListItem","position":3,"name":"Hik\u00e2yemiz"}]},{"@type":"WebSite","@id":"https:\/\/alj.com\/en\/#website","url":"https:\/\/alj.com\/en\/","name":"Abdul Latif Jameel","description":"Abdul Latif Jameel","potentialAction":[{"@type":"SearchAction","target":{"@type":"EntryPoint","urlTemplate":"https:\/\/alj.com\/en\/?s={search_term_string}"},"query-input":"required name=search_term_string"}],"inLanguage":"tr"}]}},"_links":{"self":[{"href":"https:\/\/alj.com\/tr\/wp-json\/wp\/v2\/pages\/2683"}],"collection":[{"href":"https:\/\/alj.com\/tr\/wp-json\/wp\/v2\/pages"}],"about":[{"href":"https:\/\/alj.com\/tr\/wp-json\/wp\/v2\/types\/page"}],"author":[{"embeddable":true,"href":"https:\/\/alj.com\/tr\/wp-json\/wp\/v2\/users\/14"}],"replies":[{"embeddable":true,"href":"https:\/\/alj.com\/tr\/wp-json\/wp\/v2\/comments?post=2683"}],"version-history":[{"count":1,"href":"https:\/\/alj.com\/tr\/wp-json\/wp\/v2\/pages\/2683\/revisions"}],"predecessor-version":[{"id":120860,"href":"https:\/\/alj.com\/tr\/wp-json\/wp\/v2\/pages\/2683\/revisions\/120860"}],"up":[{"embeddable":true,"href":"https:\/\/alj.com\/tr\/wp-json\/wp\/v2\/pages\/2665"}],"wp:attachment":[{"href":"https:\/\/alj.com\/tr\/wp-json\/wp\/v2\/media?parent=2683"}],"wp:term":[{"taxonomy":"category","embeddable":true,"href":"https:\/\/alj.com\/tr\/wp-json\/wp\/v2\/categories?post=2683"}],"curies":[{"name":"wp","href":"https:\/\/api.w.org\/{rel}","templated":true}]}}