{"id":2735,"date":"2017-01-04T09:23:30","date_gmt":"2017-01-04T09:23:30","guid":{"rendered":"http:\/\/alj.corp.staging.omniaconnect.net\/tr\/?page_id=2735"},"modified":"2018-09-23T11:39:22","modified_gmt":"2018-09-23T11:39:22","slug":"media-resources","status":"publish","type":"page","link":"https:\/\/alj.com\/tr\/news-media\/media-resources\/","title":{"rendered":"Medya Kaynaklar\u0131"},"content":{"rendered":"","protected":false},"excerpt":{"rendered":"","protected":false},"author":14,"featured_media":0,"parent":2729,"menu_order":17,"comment_status":"closed","ping_status":"closed","template":"page-templates\/media-listing.php","meta":{"footnotes":""},"categories":[],"acf":[],"yoast_head":"<!-- This site is optimized with the Yoast SEO plugin v21.5 - https:\/\/yoast.com\/wordpress\/plugins\/seo\/ -->\n<title>Medya Kaynaklar\u0131 | Abdul Latif Jameel\u00ae<\/title>\n<meta name=\"description\" content=\"Bas\u0131n b\u00fcltenlerimize, haber makalelerimize, etkinlik foto\u011fraf galerilerine ve multimedya dosyalar\u0131m\u0131za eri\u015ferek medya kaynaklar\u0131n\u0131 ke\u015ffedin\" \/>\n<meta name=\"robots\" content=\"index, follow, max-snippet:-1, max-image-preview:large, max-video-preview:-1\" \/>\n<link rel=\"canonical\" href=\"https:\/\/alj.com\/tr\/news-media\/media-resources\/\" \/>\n<meta property=\"og:locale\" content=\"tr_TR\" \/>\n<meta property=\"og:type\" content=\"article\" \/>\n<meta property=\"og:title\" content=\"Medya Kaynaklar\u0131 | Abdul Latif Jameel\u00ae\" \/>\n<meta property=\"og:description\" content=\"Bas\u0131n b\u00fcltenlerimize, haber makalelerimize, etkinlik foto\u011fraf galerilerine ve multimedya dosyalar\u0131m\u0131za eri\u015ferek medya kaynaklar\u0131n\u0131 ke\u015ffedin\" \/>\n<meta property=\"og:url\" content=\"https:\/\/alj.com\/tr\/news-media\/media-resources\/\" \/>\n<meta property=\"og:site_name\" content=\"Abdul Latif Jameel\" \/>\n<meta property=\"article:publisher\" content=\"https:\/\/www.facebook.com\/Abdul.Latif.Jameel.Official\" \/>\n<meta property=\"article:modified_time\" content=\"2018-09-23T11:39:22+00:00\" \/>\n<meta property=\"og:image\" content=\"https:\/\/media.alj.com\/app\/uploads\/2016\/10\/alj-our-presence-in-menat-and-beyond.jpg\" \/>\n\t<meta property=\"og:image:width\" content=\"1294\" \/>\n\t<meta property=\"og:image:height\" content=\"600\" \/>\n\t<meta property=\"og:image:type\" content=\"image\/jpeg\" \/>\n<meta name=\"twitter:card\" content=\"summary_large_image\" \/>\n<script type=\"application\/ld+json\" class=\"yoast-schema-graph\">{\"@context\":\"https:\/\/schema.org\",\"@graph\":[{\"@type\":\"WebPage\",\"@id\":\"https:\/\/alj.com\/tr\/news-media\/media-resources\/\",\"url\":\"https:\/\/alj.com\/tr\/news-media\/media-resources\/\",\"name\":\"Medya Kaynaklar\u0131 | Abdul Latif Jameel\u00ae\",\"isPartOf\":{\"@id\":\"https:\/\/alj.com\/en\/#website\"},\"datePublished\":\"2017-01-04T09:23:30+00:00\",\"dateModified\":\"2018-09-23T11:39:22+00:00\",\"description\":\"Bas\u0131n b\u00fcltenlerimize, haber makalelerimize, etkinlik foto\u011fraf galerilerine ve multimedya dosyalar\u0131m\u0131za eri\u015ferek medya kaynaklar\u0131n\u0131 ke\u015ffedin\",\"breadcrumb\":{\"@id\":\"https:\/\/alj.com\/tr\/news-media\/media-resources\/#breadcrumb\"},\"inLanguage\":\"tr\",\"potentialAction\":[{\"@type\":\"ReadAction\",\"target\":[\"https:\/\/alj.com\/tr\/news-media\/media-resources\/\"]}]},{\"@type\":\"BreadcrumbList\",\"@id\":\"https:\/\/alj.com\/tr\/news-media\/media-resources\/#breadcrumb\",\"itemListElement\":[{\"@type\":\"ListItem\",\"position\":1,\"name\":\"Home\",\"item\":\"https:\/\/alj.com\/tr\/\"},{\"@type\":\"ListItem\",\"position\":2,\"name\":\"Haber ve Medya\",\"item\":\"https:\/\/alj.com\/tr\/news-media\/\"},{\"@type\":\"ListItem\",\"position\":3,\"name\":\"Medya Kaynaklar\u0131\"}]},{\"@type\":\"WebSite\",\"@id\":\"https:\/\/alj.com\/en\/#website\",\"url\":\"https:\/\/alj.com\/en\/\",\"name\":\"Abdul Latif Jameel\",\"description\":\"Abdul Latif Jameel\",\"potentialAction\":[{\"@type\":\"SearchAction\",\"target\":{\"@type\":\"EntryPoint\",\"urlTemplate\":\"https:\/\/alj.com\/en\/?s={search_term_string}\"},\"query-input\":\"required name=search_term_string\"}],\"inLanguage\":\"tr\"}]}<\/script>\n<!-- \/ Yoast SEO plugin. -->","yoast_head_json":{"title":"Medya Kaynaklar\u0131 | Abdul Latif Jameel\u00ae","description":"Bas\u0131n b\u00fcltenlerimize, haber makalelerimize, etkinlik foto\u011fraf galerilerine ve multimedya dosyalar\u0131m\u0131za eri\u015ferek medya kaynaklar\u0131n\u0131 ke\u015ffedin","robots":{"index":"index","follow":"follow","max-snippet":"max-snippet:-1","max-image-preview":"max-image-preview:large","max-video-preview":"max-video-preview:-1"},"canonical":"https:\/\/alj.com\/tr\/news-media\/media-resources\/","og_locale":"tr_TR","og_type":"article","og_title":"Medya Kaynaklar\u0131 | Abdul Latif Jameel\u00ae","og_description":"Bas\u0131n b\u00fcltenlerimize, haber makalelerimize, etkinlik foto\u011fraf galerilerine ve multimedya dosyalar\u0131m\u0131za eri\u015ferek medya kaynaklar\u0131n\u0131 ke\u015ffedin","og_url":"https:\/\/alj.com\/tr\/news-media\/media-resources\/","og_site_name":"Abdul Latif Jameel","article_publisher":"https:\/\/www.facebook.com\/Abdul.Latif.Jameel.Official","article_modified_time":"2018-09-23T11:39:22+00:00","og_image":[{"width":1294,"height":600,"url":"https:\/\/media.alj.com\/app\/uploads\/2016\/10\/alj-our-presence-in-menat-and-beyond.jpg","type":"image\/jpeg"}],"twitter_card":"summary_large_image","schema":{"@context":"https:\/\/schema.org","@graph":[{"@type":"WebPage","@id":"https:\/\/alj.com\/tr\/news-media\/media-resources\/","url":"https:\/\/alj.com\/tr\/news-media\/media-resources\/","name":"Medya Kaynaklar\u0131 | Abdul Latif Jameel\u00ae","isPartOf":{"@id":"https:\/\/alj.com\/en\/#website"},"datePublished":"2017-01-04T09:23:30+00:00","dateModified":"2018-09-23T11:39:22+00:00","description":"Bas\u0131n b\u00fcltenlerimize, haber makalelerimize, etkinlik foto\u011fraf galerilerine ve multimedya dosyalar\u0131m\u0131za eri\u015ferek medya kaynaklar\u0131n\u0131 ke\u015ffedin","breadcrumb":{"@id":"https:\/\/alj.com\/tr\/news-media\/media-resources\/#breadcrumb"},"inLanguage":"tr","potentialAction":[{"@type":"ReadAction","target":["https:\/\/alj.com\/tr\/news-media\/media-resources\/"]}]},{"@type":"BreadcrumbList","@id":"https:\/\/alj.com\/tr\/news-media\/media-resources\/#breadcrumb","itemListElement":[{"@type":"ListItem","position":1,"name":"Home","item":"https:\/\/alj.com\/tr\/"},{"@type":"ListItem","position":2,"name":"Haber ve Medya","item":"https:\/\/alj.com\/tr\/news-media\/"},{"@type":"ListItem","position":3,"name":"Medya Kaynaklar\u0131"}]},{"@type":"WebSite","@id":"https:\/\/alj.com\/en\/#website","url":"https:\/\/alj.com\/en\/","name":"Abdul Latif Jameel","description":"Abdul Latif Jameel","potentialAction":[{"@type":"SearchAction","target":{"@type":"EntryPoint","urlTemplate":"https:\/\/alj.com\/en\/?s={search_term_string}"},"query-input":"required name=search_term_string"}],"inLanguage":"tr"}]}},"_links":{"self":[{"href":"https:\/\/alj.com\/tr\/wp-json\/wp\/v2\/pages\/2735"}],"collection":[{"href":"https:\/\/alj.com\/tr\/wp-json\/wp\/v2\/pages"}],"about":[{"href":"https:\/\/alj.com\/tr\/wp-json\/wp\/v2\/types\/page"}],"author":[{"embeddable":true,"href":"https:\/\/alj.com\/tr\/wp-json\/wp\/v2\/users\/14"}],"replies":[{"embeddable":true,"href":"https:\/\/alj.com\/tr\/wp-json\/wp\/v2\/comments?post=2735"}],"version-history":[{"count":0,"href":"https:\/\/alj.com\/tr\/wp-json\/wp\/v2\/pages\/2735\/revisions"}],"up":[{"embeddable":true,"href":"https:\/\/alj.com\/tr\/wp-json\/wp\/v2\/pages\/2729"}],"wp:attachment":[{"href":"https:\/\/alj.com\/tr\/wp-json\/wp\/v2\/media?parent=2735"}],"wp:term":[{"taxonomy":"category","embeddable":true,"href":"https:\/\/alj.com\/tr\/wp-json\/wp\/v2\/categories?post=2735"}],"curies":[{"name":"wp","href":"https:\/\/api.w.org\/{rel}","templated":true}]}}