{"id":54847,"date":"2019-12-08T11:25:45","date_gmt":"2019-12-08T11:25:45","guid":{"rendered":"https:\/\/www.alj.com\/?page_id=54847"},"modified":"2024-04-24T07:08:55","modified_gmt":"2024-04-24T07:08:55","slug":"spotlight-by-fady-jameel","status":"publish","type":"page","link":"https:\/\/alj.com\/tr\/media-center\/spotlight-by-fady-jameel\/","title":{"rendered":"Bak\u0131\u015f, Fady Jameel"},"content":{"rendered":"<h4>Yeni d\u00fc\u015f\u00fcnce liderleri serimizde yerini alan &#8216;Bak\u0131\u015f&#8217; ile, Abdul Latif Jameel Ba\u015fkan Vekili ve Y\u00f6netim Kurulu Ba\u015fkan Yard\u0131mc\u0131s\u0131 <a href=\"https:\/\/alj.com\/tr\/our-people\/fady-jameel\/\">Fady Jameel<\/a>, d\u00fcnyan\u0131n en acil sorunlar\u0131ndan baz\u0131lar\u0131na derinlemesine bak\u0131yor.<\/h4>\n<p>Bu makalelerde Fady kar\u015f\u0131la\u015ft\u0131\u011f\u0131m\u0131z zorluklar\u0131 g\u00f6z \u00f6n\u00fcnde bulundurmakta ve kullan\u0131lan politikalar\u0131, teknolojileri ve yakla\u015f\u0131mlar\u0131 incelemektedir.\u00a0 Ayr\u0131ca, hem <a href=\"https:\/\/www.alj.com\/en\/\">Abdul Latif Jameel<\/a> i\u00e7inde, <a href=\"https:\/\/communityjameel.org\/\">Community Jameel&#8217;den<\/a> hem de end\u00fcstri, bilim ve akademi d\u00fcnyas\u0131ndan \u00e7\u00f6z\u00fcmler \u00fcretmek ve fark yaratmakla ilgilenen insanlarla konu\u015facak.<\/p>\n","protected":false},"excerpt":{"rendered":"<p>Yeni d\u00fc\u015f\u00fcnce liderleri serimizde yerini alan &#8216;Bak\u0131\u015f&#8217; ile, Abdul Latif Jameel Ba\u015fkan Vekili ve Y\u00f6netim Kurulu Ba\u015fkan Yard\u0131mc\u0131s\u0131 Fady Jameel, d\u00fcnyan\u0131n en acil sorunlar\u0131ndan baz\u0131lar\u0131na derinlemesine bak\u0131yor. Bu makalelerde Fady kar\u015f\u0131la\u015ft\u0131\u011f\u0131m\u0131z zorluklar\u0131 g\u00f6z \u00f6n\u00fcnde bulundurmakta ve kullan\u0131lan politikalar\u0131, teknolojileri ve yakla\u015f\u0131mlar\u0131 incelemektedir.\u00a0 Ayr\u0131ca, hem Abdul Latif Jameel i\u00e7inde, Community Jameel&#8217;den hem de end\u00fcstri, bilim ve [&hellip;]<\/p>\n","protected":false},"author":14,"featured_media":54814,"parent":12871,"menu_order":16,"comment_status":"closed","ping_status":"closed","template":"page-templates\/spotlight-by-fj.php","meta":{"footnotes":""},"categories":[],"acf":[],"yoast_head":"<!-- This site is optimized with the Yoast SEO plugin v21.5 - https:\/\/yoast.com\/wordpress\/plugins\/seo\/ -->\n<title>Payla\u015f\u0131ml\u0131 Mobilite \u00c7\u00f6z\u00fcm Yolu | Abdul Latif Jameel\u00ae<\/title>\n<meta name=\"description\" content=\"Payla\u015f\u0131ml\u0131 Mobilite, ula\u015f\u0131m\u0131 yeniden \u015fekillendirme, mobilitenin \u00e7evre etkisini azaltma ve \u015fehirlerimizi d\u00f6n\u00fc\u015ft\u00fcrme potansiyeline sahiptir. Devam\u0131n\u0131 oku.\" \/>\n<meta name=\"robots\" content=\"index, follow, max-snippet:-1, max-image-preview:large, max-video-preview:-1\" \/>\n<link rel=\"canonical\" href=\"https:\/\/alj.com\/tr\/media-center\/spotlight-by-fady-jameel\/\" \/>\n<meta property=\"og:locale\" content=\"tr_TR\" \/>\n<meta property=\"og:type\" content=\"article\" \/>\n<meta property=\"og:title\" content=\"Payla\u015f\u0131ml\u0131 Mobilite \u00c7\u00f6z\u00fcm Yolu | Abdul Latif Jameel\u00ae\" \/>\n<meta property=\"og:description\" content=\"Payla\u015f\u0131ml\u0131 Mobilite, ula\u015f\u0131m\u0131 yeniden \u015fekillendirme, mobilitenin \u00e7evre etkisini azaltma ve \u015fehirlerimizi d\u00f6n\u00fc\u015ft\u00fcrme potansiyeline sahiptir. Devam\u0131n\u0131 oku.\" \/>\n<meta property=\"og:url\" content=\"https:\/\/alj.com\/tr\/media-center\/spotlight-by-fady-jameel\/\" \/>\n<meta property=\"og:site_name\" content=\"Abdul Latif Jameel\" \/>\n<meta property=\"article:publisher\" content=\"https:\/\/www.facebook.com\/Abdul.Latif.Jameel.Official\" \/>\n<meta property=\"article:modified_time\" content=\"2024-04-24T07:08:55+00:00\" \/>\n<meta property=\"og:image\" content=\"https:\/\/media.alj.com\/app\/uploads\/2019\/12\/spotlights.jpg\" \/>\n\t<meta property=\"og:image:width\" content=\"730\" \/>\n\t<meta property=\"og:image:height\" content=\"396\" \/>\n\t<meta property=\"og:image:type\" content=\"image\/jpeg\" \/>\n<meta name=\"twitter:card\" content=\"summary_large_image\" \/>\n<script type=\"application\/ld+json\" class=\"yoast-schema-graph\">{\"@context\":\"https:\/\/schema.org\",\"@graph\":[{\"@type\":\"WebPage\",\"@id\":\"https:\/\/alj.com\/tr\/media-center\/spotlight-by-fady-jameel\/\",\"url\":\"https:\/\/alj.com\/tr\/media-center\/spotlight-by-fady-jameel\/\",\"name\":\"Payla\u015f\u0131ml\u0131 Mobilite \u00c7\u00f6z\u00fcm Yolu | Abdul Latif Jameel\u00ae\",\"isPartOf\":{\"@id\":\"https:\/\/alj.com\/en\/#website\"},\"datePublished\":\"2019-12-08T11:25:45+00:00\",\"dateModified\":\"2024-04-24T07:08:55+00:00\",\"description\":\"Payla\u015f\u0131ml\u0131 Mobilite, ula\u015f\u0131m\u0131 yeniden \u015fekillendirme, mobilitenin \u00e7evre etkisini azaltma ve \u015fehirlerimizi d\u00f6n\u00fc\u015ft\u00fcrme potansiyeline sahiptir. Devam\u0131n\u0131 oku.\",\"breadcrumb\":{\"@id\":\"https:\/\/alj.com\/tr\/media-center\/spotlight-by-fady-jameel\/#breadcrumb\"},\"inLanguage\":\"tr\",\"potentialAction\":[{\"@type\":\"ReadAction\",\"target\":[\"https:\/\/alj.com\/tr\/media-center\/spotlight-by-fady-jameel\/\"]}]},{\"@type\":\"BreadcrumbList\",\"@id\":\"https:\/\/alj.com\/tr\/media-center\/spotlight-by-fady-jameel\/#breadcrumb\",\"itemListElement\":[{\"@type\":\"ListItem\",\"position\":1,\"name\":\"Home\",\"item\":\"https:\/\/alj.com\/tr\/\"},{\"@type\":\"ListItem\",\"position\":2,\"name\":\"Media Center\",\"item\":\"https:\/\/alj.com\/tr\/media-center\/\"},{\"@type\":\"ListItem\",\"position\":3,\"name\":\"Bak\u0131\u015f, Fady Jameel\"}]},{\"@type\":\"WebSite\",\"@id\":\"https:\/\/alj.com\/en\/#website\",\"url\":\"https:\/\/alj.com\/en\/\",\"name\":\"Abdul Latif Jameel\",\"description\":\"Abdul Latif Jameel\",\"potentialAction\":[{\"@type\":\"SearchAction\",\"target\":{\"@type\":\"EntryPoint\",\"urlTemplate\":\"https:\/\/alj.com\/en\/?s={search_term_string}\"},\"query-input\":\"required name=search_term_string\"}],\"inLanguage\":\"tr\"}]}<\/script>\n<!-- \/ Yoast SEO plugin. -->","yoast_head_json":{"title":"Payla\u015f\u0131ml\u0131 Mobilite \u00c7\u00f6z\u00fcm Yolu | Abdul Latif Jameel\u00ae","description":"Payla\u015f\u0131ml\u0131 Mobilite, ula\u015f\u0131m\u0131 yeniden \u015fekillendirme, mobilitenin \u00e7evre etkisini azaltma ve \u015fehirlerimizi d\u00f6n\u00fc\u015ft\u00fcrme potansiyeline sahiptir. Devam\u0131n\u0131 oku.","robots":{"index":"index","follow":"follow","max-snippet":"max-snippet:-1","max-image-preview":"max-image-preview:large","max-video-preview":"max-video-preview:-1"},"canonical":"https:\/\/alj.com\/tr\/media-center\/spotlight-by-fady-jameel\/","og_locale":"tr_TR","og_type":"article","og_title":"Payla\u015f\u0131ml\u0131 Mobilite \u00c7\u00f6z\u00fcm Yolu | Abdul Latif Jameel\u00ae","og_description":"Payla\u015f\u0131ml\u0131 Mobilite, ula\u015f\u0131m\u0131 yeniden \u015fekillendirme, mobilitenin \u00e7evre etkisini azaltma ve \u015fehirlerimizi d\u00f6n\u00fc\u015ft\u00fcrme potansiyeline sahiptir. Devam\u0131n\u0131 oku.","og_url":"https:\/\/alj.com\/tr\/media-center\/spotlight-by-fady-jameel\/","og_site_name":"Abdul Latif Jameel","article_publisher":"https:\/\/www.facebook.com\/Abdul.Latif.Jameel.Official","article_modified_time":"2024-04-24T07:08:55+00:00","og_image":[{"width":730,"height":396,"url":"https:\/\/media.alj.com\/app\/uploads\/2019\/12\/spotlights.jpg","type":"image\/jpeg"}],"twitter_card":"summary_large_image","schema":{"@context":"https:\/\/schema.org","@graph":[{"@type":"WebPage","@id":"https:\/\/alj.com\/tr\/media-center\/spotlight-by-fady-jameel\/","url":"https:\/\/alj.com\/tr\/media-center\/spotlight-by-fady-jameel\/","name":"Payla\u015f\u0131ml\u0131 Mobilite \u00c7\u00f6z\u00fcm Yolu | Abdul Latif Jameel\u00ae","isPartOf":{"@id":"https:\/\/alj.com\/en\/#website"},"datePublished":"2019-12-08T11:25:45+00:00","dateModified":"2024-04-24T07:08:55+00:00","description":"Payla\u015f\u0131ml\u0131 Mobilite, ula\u015f\u0131m\u0131 yeniden \u015fekillendirme, mobilitenin \u00e7evre etkisini azaltma ve \u015fehirlerimizi d\u00f6n\u00fc\u015ft\u00fcrme potansiyeline sahiptir. Devam\u0131n\u0131 oku.","breadcrumb":{"@id":"https:\/\/alj.com\/tr\/media-center\/spotlight-by-fady-jameel\/#breadcrumb"},"inLanguage":"tr","potentialAction":[{"@type":"ReadAction","target":["https:\/\/alj.com\/tr\/media-center\/spotlight-by-fady-jameel\/"]}]},{"@type":"BreadcrumbList","@id":"https:\/\/alj.com\/tr\/media-center\/spotlight-by-fady-jameel\/#breadcrumb","itemListElement":[{"@type":"ListItem","position":1,"name":"Home","item":"https:\/\/alj.com\/tr\/"},{"@type":"ListItem","position":2,"name":"Media Center","item":"https:\/\/alj.com\/tr\/media-center\/"},{"@type":"ListItem","position":3,"name":"Bak\u0131\u015f, Fady Jameel"}]},{"@type":"WebSite","@id":"https:\/\/alj.com\/en\/#website","url":"https:\/\/alj.com\/en\/","name":"Abdul Latif Jameel","description":"Abdul Latif Jameel","potentialAction":[{"@type":"SearchAction","target":{"@type":"EntryPoint","urlTemplate":"https:\/\/alj.com\/en\/?s={search_term_string}"},"query-input":"required name=search_term_string"}],"inLanguage":"tr"}]}},"_links":{"self":[{"href":"https:\/\/alj.com\/tr\/wp-json\/wp\/v2\/pages\/54847"}],"collection":[{"href":"https:\/\/alj.com\/tr\/wp-json\/wp\/v2\/pages"}],"about":[{"href":"https:\/\/alj.com\/tr\/wp-json\/wp\/v2\/types\/page"}],"author":[{"embeddable":true,"href":"https:\/\/alj.com\/tr\/wp-json\/wp\/v2\/users\/14"}],"replies":[{"embeddable":true,"href":"https:\/\/alj.com\/tr\/wp-json\/wp\/v2\/comments?post=54847"}],"version-history":[{"count":0,"href":"https:\/\/alj.com\/tr\/wp-json\/wp\/v2\/pages\/54847\/revisions"}],"up":[{"embeddable":true,"href":"https:\/\/alj.com\/tr\/wp-json\/wp\/v2\/pages\/12871"}],"wp:featuredmedia":[{"embeddable":true,"href":"https:\/\/alj.com\/tr\/wp-json\/wp\/v2\/media\/54814"}],"wp:attachment":[{"href":"https:\/\/alj.com\/tr\/wp-json\/wp\/v2\/media?parent=54847"}],"wp:term":[{"taxonomy":"category","embeddable":true,"href":"https:\/\/alj.com\/tr\/wp-json\/wp\/v2\/categories?post=54847"}],"curies":[{"name":"wp","href":"https:\/\/api.w.org\/{rel}","templated":true}]}}