{"id":7148,"date":"2017-04-22T18:20:59","date_gmt":"2017-04-22T18:20:59","guid":{"rendered":"http:\/\/alj.corp.staging.omniaconnect.net\/tr\/?page_id=7148"},"modified":"2018-11-27T13:19:06","modified_gmt":"2018-11-27T13:19:06","slug":"expanded-vehicle-services","status":"publish","type":"page","link":"https:\/\/alj.com\/tr\/transportation\/expanded-vehicle-services\/","title":{"rendered":"Geni\u015f Kapsaml\u0131 Ta\u015f\u0131t Hizmetleri"},"content":{"rendered":"<h2>Hizmet Odakl\u0131 \u00c7\u00f6z\u00fcmler Yaratmak<\/h2>\n<div class=\"p1-style\">Amac\u0131m\u0131z, ta\u015f\u0131tla ilgili hizmetlere artan talebi kar\u015f\u0131lamak i\u00e7in m\u00fc\u015fterilerimiz ile dinamik, uzun s\u00fcreli ili\u015fkiler kurmam\u0131z\u0131 sa\u011flayan hizmet odakl\u0131 i\u015fletmeler olu\u015fturmakt\u0131r.<\/div>\n<p>Bu nedenle nakliye olanaklar\u0131m\u0131z\u0131 kapsaml\u0131 hizmet deneyimi sa\u011flayacak \u015fekilde geni\u015flettik \u2013 ikinci el ta\u015f\u0131tlardan oto kaporta tamirine, ki\u015fiselle\u015ftirmeye ve ara\u00e7 telematik sistemlerine kadar.<\/p>\n<p>M\u00fc\u015fterilerimizin ta\u015f\u0131tlar\u0131n\u0131n kullan\u0131m \u00f6mr\u00fc boyunca onlarla ger\u00e7ekle\u015fen her etkile\u015fimde onlar\u0131n beklentilerini a\u015farak, sanayi hizmetlerinin tamam\u0131nda ve m\u00fc\u015fterilerimizin en g\u00fcvendi\u011fi nakliye \u00e7\u00f6z\u00fcmleri tedarik\u00e7isi olma yolunda \u00e7\u0131tay\u0131 y\u00fckseltiyoruz.<\/p>\n","protected":false},"excerpt":{"rendered":"<p>Hizmet Odakl\u0131 \u00c7\u00f6z\u00fcmler Yaratmak Amac\u0131m\u0131z, ta\u015f\u0131tla ilgili hizmetlere artan talebi kar\u015f\u0131lamak i\u00e7in m\u00fc\u015fterilerimiz ile dinamik, uzun s\u00fcreli ili\u015fkiler kurmam\u0131z\u0131 sa\u011flayan hizmet odakl\u0131 i\u015fletmeler olu\u015fturmakt\u0131r. Bu nedenle nakliye olanaklar\u0131m\u0131z\u0131 kapsaml\u0131 hizmet deneyimi sa\u011flayacak \u015fekilde geni\u015flettik \u2013 ikinci el ta\u015f\u0131tlardan oto kaporta tamirine, ki\u015fiselle\u015ftirmeye ve ara\u00e7 telematik sistemlerine kadar. M\u00fc\u015fterilerimizin ta\u015f\u0131tlar\u0131n\u0131n kullan\u0131m \u00f6mr\u00fc boyunca onlarla ger\u00e7ekle\u015fen her [&hellip;]<\/p>\n","protected":false},"author":14,"featured_media":4187,"parent":2604,"menu_order":21,"comment_status":"closed","ping_status":"closed","template":"page-templates\/business-inner.php","meta":{"footnotes":""},"categories":[],"acf":[],"yoast_head":"<!-- This site is optimized with the Yoast SEO plugin v21.5 - https:\/\/yoast.com\/wordpress\/plugins\/seo\/ -->\n<title>Sat\u0131\u015f Sonras\u0131 Ara\u00e7 Hizmetleri | Abdul Latif Jameel\u00ae<\/title>\n<meta name=\"description\" content=\"\u0130kinci el ara\u00e7lardan kaporta tamirine ve ara\u00e7 telematiklerine kadar kapsaml\u0131 bir hizmet deneyimi sa\u011flamak i\u00e7in elimizden gelenin en iyisini yapmaya \u00e7al\u0131\u015f\u0131yoruz.\" \/>\n<meta name=\"robots\" content=\"index, follow, max-snippet:-1, max-image-preview:large, max-video-preview:-1\" \/>\n<link rel=\"canonical\" href=\"https:\/\/alj.com\/tr\/transportation\/expanded-vehicle-services\/\" \/>\n<meta property=\"og:locale\" content=\"tr_TR\" \/>\n<meta property=\"og:type\" content=\"article\" \/>\n<meta property=\"og:title\" content=\"Sat\u0131\u015f Sonras\u0131 Ara\u00e7 Hizmetleri | Abdul Latif Jameel\u00ae\" \/>\n<meta property=\"og:description\" content=\"\u0130kinci el ara\u00e7lardan kaporta tamirine ve ara\u00e7 telematiklerine kadar kapsaml\u0131 bir hizmet deneyimi sa\u011flamak i\u00e7in elimizden gelenin en iyisini yapmaya \u00e7al\u0131\u015f\u0131yoruz.\" \/>\n<meta property=\"og:url\" content=\"https:\/\/alj.com\/tr\/transportation\/expanded-vehicle-services\/\" \/>\n<meta property=\"og:site_name\" content=\"Abdul Latif Jameel\" \/>\n<meta property=\"article:publisher\" content=\"https:\/\/www.facebook.com\/Abdul.Latif.Jameel.Official\" \/>\n<meta property=\"article:modified_time\" content=\"2018-11-27T13:19:06+00:00\" \/>\n<meta property=\"og:image\" content=\"https:\/\/media.alj.com\/app\/uploads\/2016\/10\/alj-our-presence-in-menat-and-beyond.jpg\" \/>\n\t<meta property=\"og:image:width\" content=\"1294\" \/>\n\t<meta property=\"og:image:height\" content=\"600\" \/>\n\t<meta property=\"og:image:type\" content=\"image\/jpeg\" \/>\n<meta name=\"twitter:card\" content=\"summary_large_image\" \/>\n<meta name=\"twitter:label1\" content=\"Est. reading time\" \/>\n\t<meta name=\"twitter:data1\" content=\"1 minute\" \/>\n<script type=\"application\/ld+json\" class=\"yoast-schema-graph\">{\"@context\":\"https:\/\/schema.org\",\"@graph\":[{\"@type\":\"WebPage\",\"@id\":\"https:\/\/alj.com\/tr\/transportation\/expanded-vehicle-services\/\",\"url\":\"https:\/\/alj.com\/tr\/transportation\/expanded-vehicle-services\/\",\"name\":\"Sat\u0131\u015f Sonras\u0131 Ara\u00e7 Hizmetleri | Abdul Latif Jameel\u00ae\",\"isPartOf\":{\"@id\":\"https:\/\/alj.com\/en\/#website\"},\"datePublished\":\"2017-04-22T18:20:59+00:00\",\"dateModified\":\"2018-11-27T13:19:06+00:00\",\"description\":\"\u0130kinci el ara\u00e7lardan kaporta tamirine ve ara\u00e7 telematiklerine kadar kapsaml\u0131 bir hizmet deneyimi sa\u011flamak i\u00e7in elimizden gelenin en iyisini yapmaya \u00e7al\u0131\u015f\u0131yoruz.\",\"breadcrumb\":{\"@id\":\"https:\/\/alj.com\/tr\/transportation\/expanded-vehicle-services\/#breadcrumb\"},\"inLanguage\":\"tr\",\"potentialAction\":[{\"@type\":\"ReadAction\",\"target\":[\"https:\/\/alj.com\/tr\/transportation\/expanded-vehicle-services\/\"]}]},{\"@type\":\"BreadcrumbList\",\"@id\":\"https:\/\/alj.com\/tr\/transportation\/expanded-vehicle-services\/#breadcrumb\",\"itemListElement\":[{\"@type\":\"ListItem\",\"position\":1,\"name\":\"Home\",\"item\":\"https:\/\/alj.com\/tr\/\"},{\"@type\":\"ListItem\",\"position\":2,\"name\":\"Ula\u015f\u0131m\",\"item\":\"https:\/\/alj.com\/tr\/transportation\/\"},{\"@type\":\"ListItem\",\"position\":3,\"name\":\"Geni\u015f Kapsaml\u0131 Ta\u015f\u0131t Hizmetleri\"}]},{\"@type\":\"WebSite\",\"@id\":\"https:\/\/alj.com\/en\/#website\",\"url\":\"https:\/\/alj.com\/en\/\",\"name\":\"Abdul Latif Jameel\",\"description\":\"Abdul Latif Jameel\",\"potentialAction\":[{\"@type\":\"SearchAction\",\"target\":{\"@type\":\"EntryPoint\",\"urlTemplate\":\"https:\/\/alj.com\/en\/?s={search_term_string}\"},\"query-input\":\"required name=search_term_string\"}],\"inLanguage\":\"tr\"}]}<\/script>\n<!-- \/ Yoast SEO plugin. -->","yoast_head_json":{"title":"Sat\u0131\u015f Sonras\u0131 Ara\u00e7 Hizmetleri | Abdul Latif Jameel\u00ae","description":"\u0130kinci el ara\u00e7lardan kaporta tamirine ve ara\u00e7 telematiklerine kadar kapsaml\u0131 bir hizmet deneyimi sa\u011flamak i\u00e7in elimizden gelenin en iyisini yapmaya \u00e7al\u0131\u015f\u0131yoruz.","robots":{"index":"index","follow":"follow","max-snippet":"max-snippet:-1","max-image-preview":"max-image-preview:large","max-video-preview":"max-video-preview:-1"},"canonical":"https:\/\/alj.com\/tr\/transportation\/expanded-vehicle-services\/","og_locale":"tr_TR","og_type":"article","og_title":"Sat\u0131\u015f Sonras\u0131 Ara\u00e7 Hizmetleri | Abdul Latif Jameel\u00ae","og_description":"\u0130kinci el ara\u00e7lardan kaporta tamirine ve ara\u00e7 telematiklerine kadar kapsaml\u0131 bir hizmet deneyimi sa\u011flamak i\u00e7in elimizden gelenin en iyisini yapmaya \u00e7al\u0131\u015f\u0131yoruz.","og_url":"https:\/\/alj.com\/tr\/transportation\/expanded-vehicle-services\/","og_site_name":"Abdul Latif Jameel","article_publisher":"https:\/\/www.facebook.com\/Abdul.Latif.Jameel.Official","article_modified_time":"2018-11-27T13:19:06+00:00","og_image":[{"width":1294,"height":600,"url":"https:\/\/media.alj.com\/app\/uploads\/2016\/10\/alj-our-presence-in-menat-and-beyond.jpg","type":"image\/jpeg"}],"twitter_card":"summary_large_image","twitter_misc":{"Est. reading time":"1 minute"},"schema":{"@context":"https:\/\/schema.org","@graph":[{"@type":"WebPage","@id":"https:\/\/alj.com\/tr\/transportation\/expanded-vehicle-services\/","url":"https:\/\/alj.com\/tr\/transportation\/expanded-vehicle-services\/","name":"Sat\u0131\u015f Sonras\u0131 Ara\u00e7 Hizmetleri | Abdul Latif Jameel\u00ae","isPartOf":{"@id":"https:\/\/alj.com\/en\/#website"},"datePublished":"2017-04-22T18:20:59+00:00","dateModified":"2018-11-27T13:19:06+00:00","description":"\u0130kinci el ara\u00e7lardan kaporta tamirine ve ara\u00e7 telematiklerine kadar kapsaml\u0131 bir hizmet deneyimi sa\u011flamak i\u00e7in elimizden gelenin en iyisini yapmaya \u00e7al\u0131\u015f\u0131yoruz.","breadcrumb":{"@id":"https:\/\/alj.com\/tr\/transportation\/expanded-vehicle-services\/#breadcrumb"},"inLanguage":"tr","potentialAction":[{"@type":"ReadAction","target":["https:\/\/alj.com\/tr\/transportation\/expanded-vehicle-services\/"]}]},{"@type":"BreadcrumbList","@id":"https:\/\/alj.com\/tr\/transportation\/expanded-vehicle-services\/#breadcrumb","itemListElement":[{"@type":"ListItem","position":1,"name":"Home","item":"https:\/\/alj.com\/tr\/"},{"@type":"ListItem","position":2,"name":"Ula\u015f\u0131m","item":"https:\/\/alj.com\/tr\/transportation\/"},{"@type":"ListItem","position":3,"name":"Geni\u015f Kapsaml\u0131 Ta\u015f\u0131t Hizmetleri"}]},{"@type":"WebSite","@id":"https:\/\/alj.com\/en\/#website","url":"https:\/\/alj.com\/en\/","name":"Abdul Latif Jameel","description":"Abdul Latif Jameel","potentialAction":[{"@type":"SearchAction","target":{"@type":"EntryPoint","urlTemplate":"https:\/\/alj.com\/en\/?s={search_term_string}"},"query-input":"required name=search_term_string"}],"inLanguage":"tr"}]}},"_links":{"self":[{"href":"https:\/\/alj.com\/tr\/wp-json\/wp\/v2\/pages\/7148"}],"collection":[{"href":"https:\/\/alj.com\/tr\/wp-json\/wp\/v2\/pages"}],"about":[{"href":"https:\/\/alj.com\/tr\/wp-json\/wp\/v2\/types\/page"}],"author":[{"embeddable":true,"href":"https:\/\/alj.com\/tr\/wp-json\/wp\/v2\/users\/14"}],"replies":[{"embeddable":true,"href":"https:\/\/alj.com\/tr\/wp-json\/wp\/v2\/comments?post=7148"}],"version-history":[{"count":0,"href":"https:\/\/alj.com\/tr\/wp-json\/wp\/v2\/pages\/7148\/revisions"}],"up":[{"embeddable":true,"href":"https:\/\/alj.com\/tr\/wp-json\/wp\/v2\/pages\/2604"}],"wp:featuredmedia":[{"embeddable":true,"href":"https:\/\/alj.com\/tr\/wp-json\/wp\/v2\/media\/4187"}],"wp:attachment":[{"href":"https:\/\/alj.com\/tr\/wp-json\/wp\/v2\/media?parent=7148"}],"wp:term":[{"taxonomy":"category","embeddable":true,"href":"https:\/\/alj.com\/tr\/wp-json\/wp\/v2\/categories?post=7148"}],"curies":[{"name":"wp","href":"https:\/\/api.w.org\/{rel}","templated":true}]}}