{"id":7154,"date":"2017-04-22T18:24:30","date_gmt":"2017-04-22T18:24:30","guid":{"rendered":"http:\/\/alj.corp.staging.omniaconnect.net\/tr\/?page_id=7154"},"modified":"2025-06-19T12:22:09","modified_gmt":"2025-06-19T12:22:09","slug":"careers","status":"publish","type":"page","link":"https:\/\/alj.com\/tr\/about\/careers\/","title":{"rendered":"Kariyer"},"content":{"rendered":"<h2>Neden Bizimle \u00c7al\u0131\u015fmal\u0131s\u0131n\u0131z?<\/h2>\n<p>Tam anlam\u0131yla uluslararas\u0131 ayak izimiz ve 75 y\u0131l\u0131 a\u015fk\u0131n ticari ba\u015far\u0131 ge\u00e7mi\u015fimiz ile bug\u00fcn yaln\u0131zca Orta Do\u011fu, Kuzey Afrika ve T\u00fcrkiye (MENAT) b\u00f6lgesindeki \u00f6nde gelen bir i\u015fveren olmakla kalm\u0131yor, ayn\u0131 zamanda \u015eili\u2019den Japonya\u2019ya, Birle\u015fik Krall\u0131k\u2019tan Avustralya\u2019ya heyecan verici kariyer f\u0131rsatlar\u0131 sunuyoruz.<\/p>\n<p>Benimsedi\u011fimiz de\u011ferler; i\u015f ortaklar\u0131m\u0131zla, toplumla ve birbirimizle i\u015f yapma bi\u00e7imimize y\u00f6n veriyor.<\/p>\n<p>Sayg\u0131, Yenilik\u00e7ilik, \u00d6nc\u00fc Bir Ruh ve Destek Sunma sayesinde fikirlerin geli\u015febilece\u011fi, insanlar\u0131n ilerleyebilece\u011fi ve daha fazla ba\u015far\u0131n\u0131n elde edilebilece\u011fi bir k\u00fclt\u00fcr yaratt\u0131k.<\/p>\n","protected":false},"excerpt":{"rendered":"<p>Neden Bizimle \u00c7al\u0131\u015fmal\u0131s\u0131n\u0131z? Tam anlam\u0131yla uluslararas\u0131 ayak izimiz ve 75 y\u0131l\u0131 a\u015fk\u0131n ticari ba\u015far\u0131 ge\u00e7mi\u015fimiz ile bug\u00fcn yaln\u0131zca Orta Do\u011fu, Kuzey Afrika ve T\u00fcrkiye (MENAT) b\u00f6lgesindeki \u00f6nde gelen bir i\u015fveren olmakla kalm\u0131yor, ayn\u0131 zamanda \u015eili\u2019den Japonya\u2019ya, Birle\u015fik Krall\u0131k\u2019tan Avustralya\u2019ya heyecan verici kariyer f\u0131rsatlar\u0131 sunuyoruz. Benimsedi\u011fimiz de\u011ferler; i\u015f ortaklar\u0131m\u0131zla, toplumla ve birbirimizle i\u015f yapma bi\u00e7imimize y\u00f6n [&hellip;]<\/p>\n","protected":false},"author":14,"featured_media":0,"parent":2665,"menu_order":25,"comment_status":"closed","ping_status":"closed","template":"page-templates\/about-us-values-careers.php","meta":{"footnotes":""},"categories":[],"acf":[],"yoast_head":"<!-- This site is optimized with the Yoast SEO plugin v21.5 - https:\/\/yoast.com\/wordpress\/plugins\/seo\/ -->\n<title>Kariyer - Bize Kat\u0131l\u0131n | Abdul Latif Jameel\u00ae<\/title>\n<meta name=\"description\" content=\"Abdul Latif Jameel b\u00f6lgede lider bir i\u015fverendir. Kariyer portal\u0131m\u0131z\u0131 kullanarak Abdul Latif Jameel ile \u00e7al\u0131\u015fmak hakk\u0131nda daha fazla bilgi edinin.\" \/>\n<meta name=\"robots\" content=\"index, follow, max-snippet:-1, max-image-preview:large, max-video-preview:-1\" \/>\n<link rel=\"canonical\" href=\"https:\/\/alj.com\/tr\/about\/careers\/\" \/>\n<meta property=\"og:locale\" content=\"tr_TR\" \/>\n<meta property=\"og:type\" content=\"article\" \/>\n<meta property=\"og:title\" content=\"Kariyer - Bize Kat\u0131l\u0131n | Abdul Latif Jameel\u00ae\" \/>\n<meta property=\"og:description\" content=\"Abdul Latif Jameel b\u00f6lgede lider bir i\u015fverendir. Kariyer portal\u0131m\u0131z\u0131 kullanarak Abdul Latif Jameel ile \u00e7al\u0131\u015fmak hakk\u0131nda daha fazla bilgi edinin.\" \/>\n<meta property=\"og:url\" content=\"https:\/\/alj.com\/tr\/about\/careers\/\" \/>\n<meta property=\"og:site_name\" content=\"Abdul Latif Jameel\" \/>\n<meta property=\"article:publisher\" content=\"https:\/\/www.facebook.com\/Abdul.Latif.Jameel.Official\" \/>\n<meta property=\"article:modified_time\" content=\"2025-06-19T12:22:09+00:00\" \/>\n<meta property=\"og:image\" content=\"https:\/\/media.alj.com\/app\/uploads\/2016\/10\/alj-our-presence-in-menat-and-beyond.jpg\" \/>\n\t<meta property=\"og:image:width\" content=\"1294\" \/>\n\t<meta property=\"og:image:height\" content=\"600\" \/>\n\t<meta property=\"og:image:type\" content=\"image\/jpeg\" \/>\n<meta name=\"twitter:card\" content=\"summary_large_image\" \/>\n<meta name=\"twitter:label1\" content=\"Est. reading time\" \/>\n\t<meta name=\"twitter:data1\" content=\"1 minute\" \/>\n<script type=\"application\/ld+json\" class=\"yoast-schema-graph\">{\"@context\":\"https:\/\/schema.org\",\"@graph\":[{\"@type\":\"WebPage\",\"@id\":\"https:\/\/alj.com\/tr\/about\/careers\/\",\"url\":\"https:\/\/alj.com\/tr\/about\/careers\/\",\"name\":\"Kariyer - Bize Kat\u0131l\u0131n | Abdul Latif Jameel\u00ae\",\"isPartOf\":{\"@id\":\"https:\/\/alj.com\/en\/#website\"},\"datePublished\":\"2017-04-22T18:24:30+00:00\",\"dateModified\":\"2025-06-19T12:22:09+00:00\",\"description\":\"Abdul Latif Jameel b\u00f6lgede lider bir i\u015fverendir. Kariyer portal\u0131m\u0131z\u0131 kullanarak Abdul Latif Jameel ile \u00e7al\u0131\u015fmak hakk\u0131nda daha fazla bilgi edinin.\",\"breadcrumb\":{\"@id\":\"https:\/\/alj.com\/tr\/about\/careers\/#breadcrumb\"},\"inLanguage\":\"tr\",\"potentialAction\":[{\"@type\":\"ReadAction\",\"target\":[\"https:\/\/alj.com\/tr\/about\/careers\/\"]}]},{\"@type\":\"BreadcrumbList\",\"@id\":\"https:\/\/alj.com\/tr\/about\/careers\/#breadcrumb\",\"itemListElement\":[{\"@type\":\"ListItem\",\"position\":1,\"name\":\"Home\",\"item\":\"https:\/\/alj.com\/tr\/\"},{\"@type\":\"ListItem\",\"position\":2,\"name\":\"Hakk\u0131m\u0131zda\",\"item\":\"https:\/\/alj.com\/tr\/about\/\"},{\"@type\":\"ListItem\",\"position\":3,\"name\":\"Kariyer\"}]},{\"@type\":\"WebSite\",\"@id\":\"https:\/\/alj.com\/en\/#website\",\"url\":\"https:\/\/alj.com\/en\/\",\"name\":\"Abdul Latif Jameel\",\"description\":\"Abdul Latif Jameel\",\"potentialAction\":[{\"@type\":\"SearchAction\",\"target\":{\"@type\":\"EntryPoint\",\"urlTemplate\":\"https:\/\/alj.com\/en\/?s={search_term_string}\"},\"query-input\":\"required name=search_term_string\"}],\"inLanguage\":\"tr\"}]}<\/script>\n<!-- \/ Yoast SEO plugin. -->","yoast_head_json":{"title":"Kariyer - Bize Kat\u0131l\u0131n | Abdul Latif Jameel\u00ae","description":"Abdul Latif Jameel b\u00f6lgede lider bir i\u015fverendir. Kariyer portal\u0131m\u0131z\u0131 kullanarak Abdul Latif Jameel ile \u00e7al\u0131\u015fmak hakk\u0131nda daha fazla bilgi edinin.","robots":{"index":"index","follow":"follow","max-snippet":"max-snippet:-1","max-image-preview":"max-image-preview:large","max-video-preview":"max-video-preview:-1"},"canonical":"https:\/\/alj.com\/tr\/about\/careers\/","og_locale":"tr_TR","og_type":"article","og_title":"Kariyer - Bize Kat\u0131l\u0131n | Abdul Latif Jameel\u00ae","og_description":"Abdul Latif Jameel b\u00f6lgede lider bir i\u015fverendir. Kariyer portal\u0131m\u0131z\u0131 kullanarak Abdul Latif Jameel ile \u00e7al\u0131\u015fmak hakk\u0131nda daha fazla bilgi edinin.","og_url":"https:\/\/alj.com\/tr\/about\/careers\/","og_site_name":"Abdul Latif Jameel","article_publisher":"https:\/\/www.facebook.com\/Abdul.Latif.Jameel.Official","article_modified_time":"2025-06-19T12:22:09+00:00","og_image":[{"width":1294,"height":600,"url":"https:\/\/media.alj.com\/app\/uploads\/2016\/10\/alj-our-presence-in-menat-and-beyond.jpg","type":"image\/jpeg"}],"twitter_card":"summary_large_image","twitter_misc":{"Est. reading time":"1 minute"},"schema":{"@context":"https:\/\/schema.org","@graph":[{"@type":"WebPage","@id":"https:\/\/alj.com\/tr\/about\/careers\/","url":"https:\/\/alj.com\/tr\/about\/careers\/","name":"Kariyer - Bize Kat\u0131l\u0131n | Abdul Latif Jameel\u00ae","isPartOf":{"@id":"https:\/\/alj.com\/en\/#website"},"datePublished":"2017-04-22T18:24:30+00:00","dateModified":"2025-06-19T12:22:09+00:00","description":"Abdul Latif Jameel b\u00f6lgede lider bir i\u015fverendir. Kariyer portal\u0131m\u0131z\u0131 kullanarak Abdul Latif Jameel ile \u00e7al\u0131\u015fmak hakk\u0131nda daha fazla bilgi edinin.","breadcrumb":{"@id":"https:\/\/alj.com\/tr\/about\/careers\/#breadcrumb"},"inLanguage":"tr","potentialAction":[{"@type":"ReadAction","target":["https:\/\/alj.com\/tr\/about\/careers\/"]}]},{"@type":"BreadcrumbList","@id":"https:\/\/alj.com\/tr\/about\/careers\/#breadcrumb","itemListElement":[{"@type":"ListItem","position":1,"name":"Home","item":"https:\/\/alj.com\/tr\/"},{"@type":"ListItem","position":2,"name":"Hakk\u0131m\u0131zda","item":"https:\/\/alj.com\/tr\/about\/"},{"@type":"ListItem","position":3,"name":"Kariyer"}]},{"@type":"WebSite","@id":"https:\/\/alj.com\/en\/#website","url":"https:\/\/alj.com\/en\/","name":"Abdul Latif Jameel","description":"Abdul Latif Jameel","potentialAction":[{"@type":"SearchAction","target":{"@type":"EntryPoint","urlTemplate":"https:\/\/alj.com\/en\/?s={search_term_string}"},"query-input":"required name=search_term_string"}],"inLanguage":"tr"}]}},"_links":{"self":[{"href":"https:\/\/alj.com\/tr\/wp-json\/wp\/v2\/pages\/7154"}],"collection":[{"href":"https:\/\/alj.com\/tr\/wp-json\/wp\/v2\/pages"}],"about":[{"href":"https:\/\/alj.com\/tr\/wp-json\/wp\/v2\/types\/page"}],"author":[{"embeddable":true,"href":"https:\/\/alj.com\/tr\/wp-json\/wp\/v2\/users\/14"}],"replies":[{"embeddable":true,"href":"https:\/\/alj.com\/tr\/wp-json\/wp\/v2\/comments?post=7154"}],"version-history":[{"count":1,"href":"https:\/\/alj.com\/tr\/wp-json\/wp\/v2\/pages\/7154\/revisions"}],"predecessor-version":[{"id":122381,"href":"https:\/\/alj.com\/tr\/wp-json\/wp\/v2\/pages\/7154\/revisions\/122381"}],"up":[{"embeddable":true,"href":"https:\/\/alj.com\/tr\/wp-json\/wp\/v2\/pages\/2665"}],"wp:attachment":[{"href":"https:\/\/alj.com\/tr\/wp-json\/wp\/v2\/media?parent=7154"}],"wp:term":[{"taxonomy":"category","embeddable":true,"href":"https:\/\/alj.com\/tr\/wp-json\/wp\/v2\/categories?post=7154"}],"curies":[{"name":"wp","href":"https:\/\/api.w.org\/{rel}","templated":true}]}}