{"id":7171,"date":"2016-10-05T12:29:29","date_gmt":"2016-10-05T12:29:29","guid":{"rendered":"http:\/\/alj.corp.staging.omniaconnect.net\/tr\/?page_id=7171"},"modified":"2022-07-04T07:27:02","modified_gmt":"2022-07-04T07:27:02","slug":"engineering-manufacturing","status":"publish","type":"page","link":"https:\/\/alj.com\/tr\/engineering-manufacturing\/","title":{"rendered":"M\u00fchendislik ve \u00dcretim"},"content":{"rendered":"<h2>Global \u00dcretim Yeteneklerimizde Uzmanl\u0131k Kullan\u0131yoruz<\/h2>\n<div class=\"p1-style\">Otomotiv bile\u015fenleri, aksesuarlar ve sat\u0131\u015f sonras\u0131 par\u00e7a \u00fcretimi, montaj\u0131 ve da\u011f\u0131t\u0131m\u0131 i\u015fini aktif \u015fekilde yap\u0131yoruz.<\/div>\n<p>Do\u011frudan yat\u0131r\u0131m veya ortakl\u0131klar vas\u0131tas\u0131 ile, yer ald\u0131\u011f\u0131m\u0131z di\u011fer sekt\u00f6rlerin yan\u0131 s\u0131ra otomotivle ilgili \u00e7ok say\u0131da m\u00fchendislik ve \u00fcretim alan\u0131nda da geni\u015fliyoruz.<\/p>\n","protected":false},"excerpt":{"rendered":"<p>Global \u00dcretim Yeteneklerimizde Uzmanl\u0131k Kullan\u0131yoruz Otomotiv bile\u015fenleri, aksesuarlar ve sat\u0131\u015f sonras\u0131 par\u00e7a \u00fcretimi, montaj\u0131 ve da\u011f\u0131t\u0131m\u0131 i\u015fini aktif \u015fekilde yap\u0131yoruz. Do\u011frudan yat\u0131r\u0131m veya ortakl\u0131klar vas\u0131tas\u0131 ile, yer ald\u0131\u011f\u0131m\u0131z di\u011fer sekt\u00f6rlerin yan\u0131 s\u0131ra otomotivle ilgili \u00e7ok say\u0131da m\u00fchendislik ve \u00fcretim alan\u0131nda da geni\u015fliyoruz.<\/p>\n","protected":false},"author":14,"featured_media":24208,"parent":0,"menu_order":15,"comment_status":"closed","ping_status":"closed","template":"page-templates\/businesses-one-page.php","meta":{"footnotes":""},"categories":[26],"acf":[],"yoast_head":"<!-- This site is optimized with the Yoast SEO plugin v21.5 - https:\/\/yoast.com\/wordpress\/plugins\/seo\/ -->\n<title>M\u00fchendislik ve \u00dcretim | Abdul Latif Jameel\u00ae<\/title>\n<meta name=\"description\" content=\"Otomotiv aksamlar\u0131n\u0131n, aksesuarlar\u0131n\u0131n ve yedek par\u00e7alar\u0131n\u0131n \u00f6nemli bir \u00fcretici ve tedarik\u00e7isi olarak, \u00e7e\u015fitli sat\u0131\u015f sonras\u0131 ihtiya\u00e7lara cevap vermekteyiz.\" \/>\n<meta name=\"robots\" content=\"index, follow, max-snippet:-1, max-image-preview:large, max-video-preview:-1\" \/>\n<link rel=\"canonical\" href=\"https:\/\/alj.com\/tr\/engineering-manufacturing\/\" \/>\n<meta property=\"og:locale\" content=\"tr_TR\" \/>\n<meta property=\"og:type\" content=\"article\" \/>\n<meta property=\"og:title\" content=\"M\u00fchendislik ve \u00dcretim | Abdul Latif Jameel\u00ae\" \/>\n<meta property=\"og:description\" content=\"Otomotiv aksamlar\u0131n\u0131n, aksesuarlar\u0131n\u0131n ve yedek par\u00e7alar\u0131n\u0131n \u00f6nemli bir \u00fcretici ve tedarik\u00e7isi olarak, \u00e7e\u015fitli sat\u0131\u015f sonras\u0131 ihtiya\u00e7lara cevap vermekteyiz.\" \/>\n<meta property=\"og:url\" content=\"https:\/\/alj.com\/tr\/engineering-manufacturing\/\" \/>\n<meta property=\"og:site_name\" content=\"Abdul Latif Jameel\" \/>\n<meta property=\"article:publisher\" content=\"https:\/\/www.facebook.com\/Abdul.Latif.Jameel.Official\" \/>\n<meta property=\"article:modified_time\" content=\"2022-07-04T07:27:02+00:00\" \/>\n<meta property=\"og:image\" content=\"https:\/\/media.alj.com\/app\/uploads\/2016\/10\/alj-our-presence-in-menat-and-beyond.jpg\" \/>\n\t<meta property=\"og:image:width\" content=\"1294\" \/>\n\t<meta property=\"og:image:height\" content=\"600\" \/>\n\t<meta property=\"og:image:type\" content=\"image\/jpeg\" \/>\n<meta name=\"twitter:card\" content=\"summary_large_image\" \/>\n<script type=\"application\/ld+json\" class=\"yoast-schema-graph\">{\"@context\":\"https:\/\/schema.org\",\"@graph\":[{\"@type\":\"WebPage\",\"@id\":\"https:\/\/alj.com\/tr\/engineering-manufacturing\/\",\"url\":\"https:\/\/alj.com\/tr\/engineering-manufacturing\/\",\"name\":\"M\u00fchendislik ve \u00dcretim | Abdul Latif Jameel\u00ae\",\"isPartOf\":{\"@id\":\"https:\/\/alj.com\/en\/#website\"},\"datePublished\":\"2016-10-05T12:29:29+00:00\",\"dateModified\":\"2022-07-04T07:27:02+00:00\",\"description\":\"Otomotiv aksamlar\u0131n\u0131n, aksesuarlar\u0131n\u0131n ve yedek par\u00e7alar\u0131n\u0131n \u00f6nemli bir \u00fcretici ve tedarik\u00e7isi olarak, \u00e7e\u015fitli sat\u0131\u015f sonras\u0131 ihtiya\u00e7lara cevap vermekteyiz.\",\"breadcrumb\":{\"@id\":\"https:\/\/alj.com\/tr\/engineering-manufacturing\/#breadcrumb\"},\"inLanguage\":\"tr\",\"potentialAction\":[{\"@type\":\"ReadAction\",\"target\":[\"https:\/\/alj.com\/tr\/engineering-manufacturing\/\"]}]},{\"@type\":\"BreadcrumbList\",\"@id\":\"https:\/\/alj.com\/tr\/engineering-manufacturing\/#breadcrumb\",\"itemListElement\":[{\"@type\":\"ListItem\",\"position\":1,\"name\":\"Home\",\"item\":\"https:\/\/alj.com\/tr\/\"},{\"@type\":\"ListItem\",\"position\":2,\"name\":\"M\u00fchendislik ve \u00dcretim\"}]},{\"@type\":\"WebSite\",\"@id\":\"https:\/\/alj.com\/en\/#website\",\"url\":\"https:\/\/alj.com\/en\/\",\"name\":\"Abdul Latif Jameel\",\"description\":\"Abdul Latif Jameel\",\"potentialAction\":[{\"@type\":\"SearchAction\",\"target\":{\"@type\":\"EntryPoint\",\"urlTemplate\":\"https:\/\/alj.com\/en\/?s={search_term_string}\"},\"query-input\":\"required name=search_term_string\"}],\"inLanguage\":\"tr\"}]}<\/script>\n<!-- \/ Yoast SEO plugin. -->","yoast_head_json":{"title":"M\u00fchendislik ve \u00dcretim | Abdul Latif Jameel\u00ae","description":"Otomotiv aksamlar\u0131n\u0131n, aksesuarlar\u0131n\u0131n ve yedek par\u00e7alar\u0131n\u0131n \u00f6nemli bir \u00fcretici ve tedarik\u00e7isi olarak, \u00e7e\u015fitli sat\u0131\u015f sonras\u0131 ihtiya\u00e7lara cevap vermekteyiz.","robots":{"index":"index","follow":"follow","max-snippet":"max-snippet:-1","max-image-preview":"max-image-preview:large","max-video-preview":"max-video-preview:-1"},"canonical":"https:\/\/alj.com\/tr\/engineering-manufacturing\/","og_locale":"tr_TR","og_type":"article","og_title":"M\u00fchendislik ve \u00dcretim | Abdul Latif Jameel\u00ae","og_description":"Otomotiv aksamlar\u0131n\u0131n, aksesuarlar\u0131n\u0131n ve yedek par\u00e7alar\u0131n\u0131n \u00f6nemli bir \u00fcretici ve tedarik\u00e7isi olarak, \u00e7e\u015fitli sat\u0131\u015f sonras\u0131 ihtiya\u00e7lara cevap vermekteyiz.","og_url":"https:\/\/alj.com\/tr\/engineering-manufacturing\/","og_site_name":"Abdul Latif Jameel","article_publisher":"https:\/\/www.facebook.com\/Abdul.Latif.Jameel.Official","article_modified_time":"2022-07-04T07:27:02+00:00","og_image":[{"width":1294,"height":600,"url":"https:\/\/media.alj.com\/app\/uploads\/2016\/10\/alj-our-presence-in-menat-and-beyond.jpg","type":"image\/jpeg"}],"twitter_card":"summary_large_image","schema":{"@context":"https:\/\/schema.org","@graph":[{"@type":"WebPage","@id":"https:\/\/alj.com\/tr\/engineering-manufacturing\/","url":"https:\/\/alj.com\/tr\/engineering-manufacturing\/","name":"M\u00fchendislik ve \u00dcretim | Abdul Latif Jameel\u00ae","isPartOf":{"@id":"https:\/\/alj.com\/en\/#website"},"datePublished":"2016-10-05T12:29:29+00:00","dateModified":"2022-07-04T07:27:02+00:00","description":"Otomotiv aksamlar\u0131n\u0131n, aksesuarlar\u0131n\u0131n ve yedek par\u00e7alar\u0131n\u0131n \u00f6nemli bir \u00fcretici ve tedarik\u00e7isi olarak, \u00e7e\u015fitli sat\u0131\u015f sonras\u0131 ihtiya\u00e7lara cevap vermekteyiz.","breadcrumb":{"@id":"https:\/\/alj.com\/tr\/engineering-manufacturing\/#breadcrumb"},"inLanguage":"tr","potentialAction":[{"@type":"ReadAction","target":["https:\/\/alj.com\/tr\/engineering-manufacturing\/"]}]},{"@type":"BreadcrumbList","@id":"https:\/\/alj.com\/tr\/engineering-manufacturing\/#breadcrumb","itemListElement":[{"@type":"ListItem","position":1,"name":"Home","item":"https:\/\/alj.com\/tr\/"},{"@type":"ListItem","position":2,"name":"M\u00fchendislik ve \u00dcretim"}]},{"@type":"WebSite","@id":"https:\/\/alj.com\/en\/#website","url":"https:\/\/alj.com\/en\/","name":"Abdul Latif Jameel","description":"Abdul Latif Jameel","potentialAction":[{"@type":"SearchAction","target":{"@type":"EntryPoint","urlTemplate":"https:\/\/alj.com\/en\/?s={search_term_string}"},"query-input":"required name=search_term_string"}],"inLanguage":"tr"}]}},"_links":{"self":[{"href":"https:\/\/alj.com\/tr\/wp-json\/wp\/v2\/pages\/7171"}],"collection":[{"href":"https:\/\/alj.com\/tr\/wp-json\/wp\/v2\/pages"}],"about":[{"href":"https:\/\/alj.com\/tr\/wp-json\/wp\/v2\/types\/page"}],"author":[{"embeddable":true,"href":"https:\/\/alj.com\/tr\/wp-json\/wp\/v2\/users\/14"}],"replies":[{"embeddable":true,"href":"https:\/\/alj.com\/tr\/wp-json\/wp\/v2\/comments?post=7171"}],"version-history":[{"count":0,"href":"https:\/\/alj.com\/tr\/wp-json\/wp\/v2\/pages\/7171\/revisions"}],"wp:featuredmedia":[{"embeddable":true,"href":"https:\/\/alj.com\/tr\/wp-json\/wp\/v2\/media\/24208"}],"wp:attachment":[{"href":"https:\/\/alj.com\/tr\/wp-json\/wp\/v2\/media?parent=7171"}],"wp:term":[{"taxonomy":"category","embeddable":true,"href":"https:\/\/alj.com\/tr\/wp-json\/wp\/v2\/categories?post=7171"}],"curies":[{"name":"wp","href":"https:\/\/api.w.org\/{rel}","templated":true}]}}