{"id":7174,"date":"2017-04-22T19:02:20","date_gmt":"2017-04-22T19:02:20","guid":{"rendered":"http:\/\/alj.corp.staging.omniaconnect.net\/tr\/?page_id=7174"},"modified":"2022-07-04T07:34:06","modified_gmt":"2022-07-04T07:34:06","slug":"financial-services","status":"publish","type":"page","link":"https:\/\/alj.com\/tr\/financial-services\/","title":{"rendered":"Finansal Hizmetler"},"content":{"rendered":"<h2>\u00d6nemli Zamanlar i\u00e7in Ara\u00e7lar Sa\u011fl\u0131yoruz<\/h2>\n<div class=\"p1-style\">Finansal hizmetler i\u015fimizi bireylerin ve \u015firketlerin geli\u015fmesine olanak sa\u011flayarak MENAT b\u00f6lgesi insanlar\u0131na ve altyap\u0131s\u0131na yat\u0131r\u0131m yapman\u0131n bir yolu olarak g\u00f6r\u00fcyoruz.<\/div>\n<p>Suudi Arabistan, M\u0131s\u0131r ve T\u00fcrkiye\u2019de faaliyet g\u00f6steren ba\u011fl\u0131 kurulu\u015flar\u0131m\u0131z ta\u015f\u0131tlar, t\u00fcketim \u00fcr\u00fcnleri, ticari ekipman ve gayrimenkul alanlar\u0131nda ve ayr\u0131ca ara\u00e7 sigortas\u0131 \u00fcr\u00fcnleri i\u00e7in finansal \u00e7\u00f6z\u00fcmler sa\u011flamaktad\u0131r.<\/p>\n","protected":false},"excerpt":{"rendered":"<p>\u00d6nemli Zamanlar i\u00e7in Ara\u00e7lar Sa\u011fl\u0131yoruz Finansal hizmetler i\u015fimizi bireylerin ve \u015firketlerin geli\u015fmesine olanak sa\u011flayarak MENAT b\u00f6lgesi insanlar\u0131na ve altyap\u0131s\u0131na yat\u0131r\u0131m yapman\u0131n bir yolu olarak g\u00f6r\u00fcyoruz. Suudi Arabistan, M\u0131s\u0131r ve T\u00fcrkiye\u2019de faaliyet g\u00f6steren ba\u011fl\u0131 kurulu\u015flar\u0131m\u0131z ta\u015f\u0131tlar, t\u00fcketim \u00fcr\u00fcnleri, ticari ekipman ve gayrimenkul alanlar\u0131nda ve ayr\u0131ca ara\u00e7 sigortas\u0131 \u00fcr\u00fcnleri i\u00e7in finansal \u00e7\u00f6z\u00fcmler sa\u011flamaktad\u0131r.<\/p>\n","protected":false},"author":14,"featured_media":24220,"parent":0,"menu_order":16,"comment_status":"closed","ping_status":"closed","template":"page-templates\/businesses-one-page.php","meta":{"footnotes":""},"categories":[26],"acf":[],"yoast_head":"<!-- This site is optimized with the Yoast SEO plugin v21.5 - https:\/\/yoast.com\/wordpress\/plugins\/seo\/ -->\n<title>Finansal Hizmetler | Abdul Latif Jameel\u00ae<\/title>\n<meta name=\"description\" content=\"M\u00fc\u015fterilerimizin ihtiya\u00e7lar\u0131n\u0131 kar\u015f\u0131lamak i\u00e7in \u00f6zel finansal hizmetler sunuyoruz. Ara\u00e7 sigortas\u0131 veya t\u00fcketici finansman\u0131 olsun, herkes i\u00e7in \u00e7\u00f6z\u00fcmlerimiz var.\" \/>\n<meta name=\"robots\" content=\"index, follow, max-snippet:-1, max-image-preview:large, max-video-preview:-1\" \/>\n<link rel=\"canonical\" href=\"https:\/\/alj.com\/tr\/financial-services\/\" \/>\n<meta property=\"og:locale\" content=\"tr_TR\" \/>\n<meta property=\"og:type\" content=\"article\" \/>\n<meta property=\"og:title\" content=\"Finansal Hizmetler | Abdul Latif Jameel\u00ae\" \/>\n<meta property=\"og:description\" content=\"M\u00fc\u015fterilerimizin ihtiya\u00e7lar\u0131n\u0131 kar\u015f\u0131lamak i\u00e7in \u00f6zel finansal hizmetler sunuyoruz. Ara\u00e7 sigortas\u0131 veya t\u00fcketici finansman\u0131 olsun, herkes i\u00e7in \u00e7\u00f6z\u00fcmlerimiz var.\" \/>\n<meta property=\"og:url\" content=\"https:\/\/alj.com\/tr\/financial-services\/\" \/>\n<meta property=\"og:site_name\" content=\"Abdul Latif Jameel\" \/>\n<meta property=\"article:publisher\" content=\"https:\/\/www.facebook.com\/Abdul.Latif.Jameel.Official\" \/>\n<meta property=\"article:modified_time\" content=\"2022-07-04T07:34:06+00:00\" \/>\n<meta property=\"og:image\" content=\"https:\/\/media.alj.com\/app\/uploads\/2016\/10\/alj-our-presence-in-menat-and-beyond.jpg\" \/>\n\t<meta property=\"og:image:width\" content=\"1294\" \/>\n\t<meta property=\"og:image:height\" content=\"600\" \/>\n\t<meta property=\"og:image:type\" content=\"image\/jpeg\" \/>\n<meta name=\"twitter:card\" content=\"summary_large_image\" \/>\n<script type=\"application\/ld+json\" class=\"yoast-schema-graph\">{\"@context\":\"https:\/\/schema.org\",\"@graph\":[{\"@type\":\"WebPage\",\"@id\":\"https:\/\/alj.com\/tr\/financial-services\/\",\"url\":\"https:\/\/alj.com\/tr\/financial-services\/\",\"name\":\"Finansal Hizmetler | Abdul Latif Jameel\u00ae\",\"isPartOf\":{\"@id\":\"https:\/\/alj.com\/en\/#website\"},\"datePublished\":\"2017-04-22T19:02:20+00:00\",\"dateModified\":\"2022-07-04T07:34:06+00:00\",\"description\":\"M\u00fc\u015fterilerimizin ihtiya\u00e7lar\u0131n\u0131 kar\u015f\u0131lamak i\u00e7in \u00f6zel finansal hizmetler sunuyoruz. Ara\u00e7 sigortas\u0131 veya t\u00fcketici finansman\u0131 olsun, herkes i\u00e7in \u00e7\u00f6z\u00fcmlerimiz var.\",\"breadcrumb\":{\"@id\":\"https:\/\/alj.com\/tr\/financial-services\/#breadcrumb\"},\"inLanguage\":\"tr\",\"potentialAction\":[{\"@type\":\"ReadAction\",\"target\":[\"https:\/\/alj.com\/tr\/financial-services\/\"]}]},{\"@type\":\"BreadcrumbList\",\"@id\":\"https:\/\/alj.com\/tr\/financial-services\/#breadcrumb\",\"itemListElement\":[{\"@type\":\"ListItem\",\"position\":1,\"name\":\"Home\",\"item\":\"https:\/\/alj.com\/tr\/\"},{\"@type\":\"ListItem\",\"position\":2,\"name\":\"Finansal Hizmetler\"}]},{\"@type\":\"WebSite\",\"@id\":\"https:\/\/alj.com\/en\/#website\",\"url\":\"https:\/\/alj.com\/en\/\",\"name\":\"Abdul Latif Jameel\",\"description\":\"Abdul Latif Jameel\",\"potentialAction\":[{\"@type\":\"SearchAction\",\"target\":{\"@type\":\"EntryPoint\",\"urlTemplate\":\"https:\/\/alj.com\/en\/?s={search_term_string}\"},\"query-input\":\"required name=search_term_string\"}],\"inLanguage\":\"tr\"}]}<\/script>\n<!-- \/ Yoast SEO plugin. -->","yoast_head_json":{"title":"Finansal Hizmetler | Abdul Latif Jameel\u00ae","description":"M\u00fc\u015fterilerimizin ihtiya\u00e7lar\u0131n\u0131 kar\u015f\u0131lamak i\u00e7in \u00f6zel finansal hizmetler sunuyoruz. Ara\u00e7 sigortas\u0131 veya t\u00fcketici finansman\u0131 olsun, herkes i\u00e7in \u00e7\u00f6z\u00fcmlerimiz var.","robots":{"index":"index","follow":"follow","max-snippet":"max-snippet:-1","max-image-preview":"max-image-preview:large","max-video-preview":"max-video-preview:-1"},"canonical":"https:\/\/alj.com\/tr\/financial-services\/","og_locale":"tr_TR","og_type":"article","og_title":"Finansal Hizmetler | Abdul Latif Jameel\u00ae","og_description":"M\u00fc\u015fterilerimizin ihtiya\u00e7lar\u0131n\u0131 kar\u015f\u0131lamak i\u00e7in \u00f6zel finansal hizmetler sunuyoruz. Ara\u00e7 sigortas\u0131 veya t\u00fcketici finansman\u0131 olsun, herkes i\u00e7in \u00e7\u00f6z\u00fcmlerimiz var.","og_url":"https:\/\/alj.com\/tr\/financial-services\/","og_site_name":"Abdul Latif Jameel","article_publisher":"https:\/\/www.facebook.com\/Abdul.Latif.Jameel.Official","article_modified_time":"2022-07-04T07:34:06+00:00","og_image":[{"width":1294,"height":600,"url":"https:\/\/media.alj.com\/app\/uploads\/2016\/10\/alj-our-presence-in-menat-and-beyond.jpg","type":"image\/jpeg"}],"twitter_card":"summary_large_image","schema":{"@context":"https:\/\/schema.org","@graph":[{"@type":"WebPage","@id":"https:\/\/alj.com\/tr\/financial-services\/","url":"https:\/\/alj.com\/tr\/financial-services\/","name":"Finansal Hizmetler | Abdul Latif Jameel\u00ae","isPartOf":{"@id":"https:\/\/alj.com\/en\/#website"},"datePublished":"2017-04-22T19:02:20+00:00","dateModified":"2022-07-04T07:34:06+00:00","description":"M\u00fc\u015fterilerimizin ihtiya\u00e7lar\u0131n\u0131 kar\u015f\u0131lamak i\u00e7in \u00f6zel finansal hizmetler sunuyoruz. Ara\u00e7 sigortas\u0131 veya t\u00fcketici finansman\u0131 olsun, herkes i\u00e7in \u00e7\u00f6z\u00fcmlerimiz var.","breadcrumb":{"@id":"https:\/\/alj.com\/tr\/financial-services\/#breadcrumb"},"inLanguage":"tr","potentialAction":[{"@type":"ReadAction","target":["https:\/\/alj.com\/tr\/financial-services\/"]}]},{"@type":"BreadcrumbList","@id":"https:\/\/alj.com\/tr\/financial-services\/#breadcrumb","itemListElement":[{"@type":"ListItem","position":1,"name":"Home","item":"https:\/\/alj.com\/tr\/"},{"@type":"ListItem","position":2,"name":"Finansal Hizmetler"}]},{"@type":"WebSite","@id":"https:\/\/alj.com\/en\/#website","url":"https:\/\/alj.com\/en\/","name":"Abdul Latif Jameel","description":"Abdul Latif Jameel","potentialAction":[{"@type":"SearchAction","target":{"@type":"EntryPoint","urlTemplate":"https:\/\/alj.com\/en\/?s={search_term_string}"},"query-input":"required name=search_term_string"}],"inLanguage":"tr"}]}},"_links":{"self":[{"href":"https:\/\/alj.com\/tr\/wp-json\/wp\/v2\/pages\/7174"}],"collection":[{"href":"https:\/\/alj.com\/tr\/wp-json\/wp\/v2\/pages"}],"about":[{"href":"https:\/\/alj.com\/tr\/wp-json\/wp\/v2\/types\/page"}],"author":[{"embeddable":true,"href":"https:\/\/alj.com\/tr\/wp-json\/wp\/v2\/users\/14"}],"replies":[{"embeddable":true,"href":"https:\/\/alj.com\/tr\/wp-json\/wp\/v2\/comments?post=7174"}],"version-history":[{"count":0,"href":"https:\/\/alj.com\/tr\/wp-json\/wp\/v2\/pages\/7174\/revisions"}],"wp:featuredmedia":[{"embeddable":true,"href":"https:\/\/alj.com\/tr\/wp-json\/wp\/v2\/media\/24220"}],"wp:attachment":[{"href":"https:\/\/alj.com\/tr\/wp-json\/wp\/v2\/media?parent=7174"}],"wp:term":[{"taxonomy":"category","embeddable":true,"href":"https:\/\/alj.com\/tr\/wp-json\/wp\/v2\/categories?post=7174"}],"curies":[{"name":"wp","href":"https:\/\/api.w.org\/{rel}","templated":true}]}}