{"id":7181,"date":"2017-04-22T19:08:46","date_gmt":"2017-04-22T19:08:46","guid":{"rendered":"http:\/\/alj.corp.staging.omniaconnect.net\/tr\/?page_id=7181"},"modified":"2022-12-08T11:42:20","modified_gmt":"2022-12-08T11:42:20","slug":"land-and-real-estate-overview","status":"publish","type":"page","link":"https:\/\/alj.com\/tr\/land-and-real-estate\/land-and-real-estate-overview\/","title":{"rendered":"Arazi ve Gayrimenkul"},"content":{"rendered":"<h2>Daha g\u00fczel bir gelecek i\u00e7in toplu ya\u015fam alanlar\u0131 in\u015fa etmek<\/h2>\n<h4>Ticari arazi ve gayrimenkul i\u015fimiz, m\u00fclk geli\u015ftirme alan\u0131nda onlarca y\u0131ll\u0131k kan\u0131tlanm\u0131\u015f deneyimimiz \u00fczerine 2012 y\u0131l\u0131nda kurulmu\u015ftur.<\/h4>\n<h4>Abdul Latif Jameel Properties, Suudi Arabistan\u2019da \u00f6nde gelen bir konut ve ticari gayrimenkul geli\u015ftiricisidir.<\/h4>\n<p><a href=\"https:\/\/alj-properties.com\/\">Abdul Latif Jameel Properties<\/a>\u2019in kapasitesi, en yeni teknolojilerin ve in\u015faat tekniklerinin kullan\u0131ld\u0131\u011f\u0131 y\u00fcksek kaliteli, enerji tasarruflu ve uygun fiyatl\u0131 modern aile evleri, konut daireleri ve toplu ya\u015fam alanlar\u0131 sunmak i\u00e7in geni\u015f bir emlak geli\u015ftirme yelpazesini kapsar.<\/p>\n","protected":false},"excerpt":{"rendered":"<p>Daha g\u00fczel bir gelecek i\u00e7in toplu ya\u015fam alanlar\u0131 in\u015fa etmek Ticari arazi ve gayrimenkul i\u015fimiz, m\u00fclk geli\u015ftirme alan\u0131nda onlarca y\u0131ll\u0131k kan\u0131tlanm\u0131\u015f deneyimimiz \u00fczerine 2012 y\u0131l\u0131nda kurulmu\u015ftur. Abdul Latif Jameel Properties, Suudi Arabistan\u2019da \u00f6nde gelen bir konut ve ticari gayrimenkul geli\u015ftiricisidir. Abdul Latif Jameel Properties\u2019in kapasitesi, en yeni teknolojilerin ve in\u015faat tekniklerinin kullan\u0131ld\u0131\u011f\u0131 y\u00fcksek kaliteli, enerji [&hellip;]<\/p>\n","protected":false},"author":14,"featured_media":0,"parent":7178,"menu_order":15,"comment_status":"closed","ping_status":"closed","template":"page-templates\/business-overview.php","meta":{"footnotes":""},"categories":[],"acf":[],"yoast_head":"<!-- This site is optimized with the Yoast SEO plugin v21.5 - https:\/\/yoast.com\/wordpress\/plugins\/seo\/ -->\n<title>Konut Geli\u015ftirme | Abdul Latif Jameel\u00ae<\/title>\n<meta name=\"description\" content=\"Suudi Arabistan&#039;\u0131n \u00f6nde gelen gayrimenkul ve m\u00fclk geli\u015ftiricilerinden biri olarak komple gayrimenkul \u00e7\u00f6z\u00fcmleri sunarak konut ihtiya\u00e7lar\u0131na hitap ediyoruz.\" \/>\n<meta name=\"robots\" content=\"index, follow, max-snippet:-1, max-image-preview:large, max-video-preview:-1\" \/>\n<link rel=\"canonical\" href=\"https:\/\/alj.com\/tr\/land-and-real-estate\/land-and-real-estate-overview\/\" \/>\n<meta property=\"og:locale\" content=\"tr_TR\" \/>\n<meta property=\"og:type\" content=\"article\" \/>\n<meta property=\"og:title\" content=\"Konut Geli\u015ftirme | Abdul Latif Jameel\u00ae\" \/>\n<meta property=\"og:description\" content=\"Suudi Arabistan&#039;\u0131n \u00f6nde gelen gayrimenkul ve m\u00fclk geli\u015ftiricilerinden biri olarak komple gayrimenkul \u00e7\u00f6z\u00fcmleri sunarak konut ihtiya\u00e7lar\u0131na hitap ediyoruz.\" \/>\n<meta property=\"og:url\" content=\"https:\/\/alj.com\/tr\/land-and-real-estate\/land-and-real-estate-overview\/\" \/>\n<meta property=\"og:site_name\" content=\"Abdul Latif Jameel\" \/>\n<meta property=\"article:publisher\" content=\"https:\/\/www.facebook.com\/Abdul.Latif.Jameel.Official\" \/>\n<meta property=\"article:modified_time\" content=\"2022-12-08T11:42:20+00:00\" \/>\n<meta property=\"og:image\" content=\"https:\/\/media.alj.com\/app\/uploads\/2016\/10\/alj-our-presence-in-menat-and-beyond.jpg\" \/>\n\t<meta property=\"og:image:width\" content=\"1294\" \/>\n\t<meta property=\"og:image:height\" content=\"600\" \/>\n\t<meta property=\"og:image:type\" content=\"image\/jpeg\" \/>\n<meta name=\"twitter:card\" content=\"summary_large_image\" \/>\n<meta name=\"twitter:label1\" content=\"Est. reading time\" \/>\n\t<meta name=\"twitter:data1\" content=\"1 minute\" \/>\n<script type=\"application\/ld+json\" class=\"yoast-schema-graph\">{\"@context\":\"https:\/\/schema.org\",\"@graph\":[{\"@type\":\"WebPage\",\"@id\":\"https:\/\/alj.com\/tr\/land-and-real-estate\/land-and-real-estate-overview\/\",\"url\":\"https:\/\/alj.com\/tr\/land-and-real-estate\/land-and-real-estate-overview\/\",\"name\":\"Konut Geli\u015ftirme | Abdul Latif Jameel\u00ae\",\"isPartOf\":{\"@id\":\"https:\/\/alj.com\/en\/#website\"},\"datePublished\":\"2017-04-22T19:08:46+00:00\",\"dateModified\":\"2022-12-08T11:42:20+00:00\",\"description\":\"Suudi Arabistan'\u0131n \u00f6nde gelen gayrimenkul ve m\u00fclk geli\u015ftiricilerinden biri olarak komple gayrimenkul \u00e7\u00f6z\u00fcmleri sunarak konut ihtiya\u00e7lar\u0131na hitap ediyoruz.\",\"breadcrumb\":{\"@id\":\"https:\/\/alj.com\/tr\/land-and-real-estate\/land-and-real-estate-overview\/#breadcrumb\"},\"inLanguage\":\"tr\",\"potentialAction\":[{\"@type\":\"ReadAction\",\"target\":[\"https:\/\/alj.com\/tr\/land-and-real-estate\/land-and-real-estate-overview\/\"]}]},{\"@type\":\"BreadcrumbList\",\"@id\":\"https:\/\/alj.com\/tr\/land-and-real-estate\/land-and-real-estate-overview\/#breadcrumb\",\"itemListElement\":[{\"@type\":\"ListItem\",\"position\":1,\"name\":\"Home\",\"item\":\"https:\/\/alj.com\/tr\/\"},{\"@type\":\"ListItem\",\"position\":2,\"name\":\"Arazi ve Gayrimenkul\",\"item\":\"https:\/\/alj.com\/tr\/land-and-real-estate\/\"},{\"@type\":\"ListItem\",\"position\":3,\"name\":\"Arazi ve Gayrimenkul\"}]},{\"@type\":\"WebSite\",\"@id\":\"https:\/\/alj.com\/en\/#website\",\"url\":\"https:\/\/alj.com\/en\/\",\"name\":\"Abdul Latif Jameel\",\"description\":\"Abdul Latif Jameel\",\"potentialAction\":[{\"@type\":\"SearchAction\",\"target\":{\"@type\":\"EntryPoint\",\"urlTemplate\":\"https:\/\/alj.com\/en\/?s={search_term_string}\"},\"query-input\":\"required name=search_term_string\"}],\"inLanguage\":\"tr\"}]}<\/script>\n<!-- \/ Yoast SEO plugin. -->","yoast_head_json":{"title":"Konut Geli\u015ftirme | Abdul Latif Jameel\u00ae","description":"Suudi Arabistan'\u0131n \u00f6nde gelen gayrimenkul ve m\u00fclk geli\u015ftiricilerinden biri olarak komple gayrimenkul \u00e7\u00f6z\u00fcmleri sunarak konut ihtiya\u00e7lar\u0131na hitap ediyoruz.","robots":{"index":"index","follow":"follow","max-snippet":"max-snippet:-1","max-image-preview":"max-image-preview:large","max-video-preview":"max-video-preview:-1"},"canonical":"https:\/\/alj.com\/tr\/land-and-real-estate\/land-and-real-estate-overview\/","og_locale":"tr_TR","og_type":"article","og_title":"Konut Geli\u015ftirme | Abdul Latif Jameel\u00ae","og_description":"Suudi Arabistan'\u0131n \u00f6nde gelen gayrimenkul ve m\u00fclk geli\u015ftiricilerinden biri olarak komple gayrimenkul \u00e7\u00f6z\u00fcmleri sunarak konut ihtiya\u00e7lar\u0131na hitap ediyoruz.","og_url":"https:\/\/alj.com\/tr\/land-and-real-estate\/land-and-real-estate-overview\/","og_site_name":"Abdul Latif Jameel","article_publisher":"https:\/\/www.facebook.com\/Abdul.Latif.Jameel.Official","article_modified_time":"2022-12-08T11:42:20+00:00","og_image":[{"width":1294,"height":600,"url":"https:\/\/media.alj.com\/app\/uploads\/2016\/10\/alj-our-presence-in-menat-and-beyond.jpg","type":"image\/jpeg"}],"twitter_card":"summary_large_image","twitter_misc":{"Est. reading time":"1 minute"},"schema":{"@context":"https:\/\/schema.org","@graph":[{"@type":"WebPage","@id":"https:\/\/alj.com\/tr\/land-and-real-estate\/land-and-real-estate-overview\/","url":"https:\/\/alj.com\/tr\/land-and-real-estate\/land-and-real-estate-overview\/","name":"Konut Geli\u015ftirme | Abdul Latif Jameel\u00ae","isPartOf":{"@id":"https:\/\/alj.com\/en\/#website"},"datePublished":"2017-04-22T19:08:46+00:00","dateModified":"2022-12-08T11:42:20+00:00","description":"Suudi Arabistan'\u0131n \u00f6nde gelen gayrimenkul ve m\u00fclk geli\u015ftiricilerinden biri olarak komple gayrimenkul \u00e7\u00f6z\u00fcmleri sunarak konut ihtiya\u00e7lar\u0131na hitap ediyoruz.","breadcrumb":{"@id":"https:\/\/alj.com\/tr\/land-and-real-estate\/land-and-real-estate-overview\/#breadcrumb"},"inLanguage":"tr","potentialAction":[{"@type":"ReadAction","target":["https:\/\/alj.com\/tr\/land-and-real-estate\/land-and-real-estate-overview\/"]}]},{"@type":"BreadcrumbList","@id":"https:\/\/alj.com\/tr\/land-and-real-estate\/land-and-real-estate-overview\/#breadcrumb","itemListElement":[{"@type":"ListItem","position":1,"name":"Home","item":"https:\/\/alj.com\/tr\/"},{"@type":"ListItem","position":2,"name":"Arazi ve Gayrimenkul","item":"https:\/\/alj.com\/tr\/land-and-real-estate\/"},{"@type":"ListItem","position":3,"name":"Arazi ve Gayrimenkul"}]},{"@type":"WebSite","@id":"https:\/\/alj.com\/en\/#website","url":"https:\/\/alj.com\/en\/","name":"Abdul Latif Jameel","description":"Abdul Latif Jameel","potentialAction":[{"@type":"SearchAction","target":{"@type":"EntryPoint","urlTemplate":"https:\/\/alj.com\/en\/?s={search_term_string}"},"query-input":"required name=search_term_string"}],"inLanguage":"tr"}]}},"_links":{"self":[{"href":"https:\/\/alj.com\/tr\/wp-json\/wp\/v2\/pages\/7181"}],"collection":[{"href":"https:\/\/alj.com\/tr\/wp-json\/wp\/v2\/pages"}],"about":[{"href":"https:\/\/alj.com\/tr\/wp-json\/wp\/v2\/types\/page"}],"author":[{"embeddable":true,"href":"https:\/\/alj.com\/tr\/wp-json\/wp\/v2\/users\/14"}],"replies":[{"embeddable":true,"href":"https:\/\/alj.com\/tr\/wp-json\/wp\/v2\/comments?post=7181"}],"version-history":[{"count":0,"href":"https:\/\/alj.com\/tr\/wp-json\/wp\/v2\/pages\/7181\/revisions"}],"up":[{"embeddable":true,"href":"https:\/\/alj.com\/tr\/wp-json\/wp\/v2\/pages\/7178"}],"wp:attachment":[{"href":"https:\/\/alj.com\/tr\/wp-json\/wp\/v2\/media?parent=7181"}],"wp:term":[{"taxonomy":"category","embeddable":true,"href":"https:\/\/alj.com\/tr\/wp-json\/wp\/v2\/categories?post=7181"}],"curies":[{"name":"wp","href":"https:\/\/api.w.org\/{rel}","templated":true}]}}