{"id":7218,"date":"2017-04-22T19:27:00","date_gmt":"2017-04-22T19:27:00","guid":{"rendered":"http:\/\/alj.corp.staging.omniaconnect.net\/tr\/?page_id=7218"},"modified":"2021-03-11T10:13:50","modified_gmt":"2021-03-11T10:13:50","slug":"solar-power-solutions","status":"publish","type":"page","link":"https:\/\/alj.com\/tr\/energy-and-environmental-services\/solar-power-solutions\/","title":{"rendered":"G\u00fcne\u015f Enerjisi \u00c7\u00f6z\u00fcmleri"},"content":{"rendered":"<h2>I\u015f\u0131\u011f\u0131 G\u00f6rmek<\/h2>\n<div class=\"p1-style\">90 dakika i\u00e7inde t\u00fcm gezegenin bir y\u0131ll\u0131k enerji ihtiyac\u0131n\u0131 kar\u015f\u0131lamaya yetecek kadar g\u00fcne\u015f \u0131\u015f\u0131\u011f\u0131 d\u00fcnyaya \u00e7arpmaktad\u0131r. G\u00fcne\u015f enerjisi bu kadar bol oldu\u011fu halde, IEA\u2019ya g\u00f6re d\u00fcnyan\u0131n mevcut enerji kar\u0131\u015f\u0131m\u0131n\u0131n sadece k\u00fc\u00e7\u00fck bir k\u0131sm\u0131n\u0131 temsil etmektedir.<\/div>\n<p>Bu h\u0131zla de\u011fi\u015fiyor; d\u00fcnya genelinde enerji eri\u015fimini ve tedarikini iyile\u015ftirme y\u00f6n\u00fcndeki k\u00fcresel devinimin harekete ge\u00e7irdi\u011fi h\u00fck\u00fcmetler ve \u015firketler g\u00fcne\u015f enerjisi \u00fcretim kapasitesine daha \u00f6nce g\u00f6r\u00fclmemi\u015f boyutta yat\u0131r\u0131m yap\u0131yor.<\/p>\n","protected":false},"excerpt":{"rendered":"<p>I\u015f\u0131\u011f\u0131 G\u00f6rmek 90 dakika i\u00e7inde t\u00fcm gezegenin bir y\u0131ll\u0131k enerji ihtiyac\u0131n\u0131 kar\u015f\u0131lamaya yetecek kadar g\u00fcne\u015f \u0131\u015f\u0131\u011f\u0131 d\u00fcnyaya \u00e7arpmaktad\u0131r. G\u00fcne\u015f enerjisi bu kadar bol oldu\u011fu halde, IEA\u2019ya g\u00f6re d\u00fcnyan\u0131n mevcut enerji kar\u0131\u015f\u0131m\u0131n\u0131n sadece k\u00fc\u00e7\u00fck bir k\u0131sm\u0131n\u0131 temsil etmektedir. Bu h\u0131zla de\u011fi\u015fiyor; d\u00fcnya genelinde enerji eri\u015fimini ve tedarikini iyile\u015ftirme y\u00f6n\u00fcndeki k\u00fcresel devinimin harekete ge\u00e7irdi\u011fi h\u00fck\u00fcmetler ve \u015firketler [&hellip;]<\/p>\n","protected":false},"author":14,"featured_media":4179,"parent":7209,"menu_order":17,"comment_status":"closed","ping_status":"closed","template":"page-templates\/business-inner.php","meta":{"footnotes":""},"categories":[],"acf":[],"yoast_head":"<!-- This site is optimized with the Yoast SEO plugin v21.5 - https:\/\/yoast.com\/wordpress\/plugins\/seo\/ -->\n<title>G\u00fcne\u015f Enerjisi \u00c7\u00f6z\u00fcmleri | Abdul Latif Jameel\u00ae<\/title>\n<meta name=\"description\" content=\"Enerji kaynaklar\u0131n\u0131 ve eri\u015fimini k\u00fcresel \u00f6l\u00e7ekte iyile\u015ftirmek i\u00e7in harekete ge\u00e7mi\u015f olan, d\u00fcnyadaki en b\u00fcy\u00fck fotovoltaik geli\u015ftiricilerden biriyiz.\" \/>\n<meta name=\"robots\" content=\"index, follow, max-snippet:-1, max-image-preview:large, max-video-preview:-1\" \/>\n<link rel=\"canonical\" href=\"https:\/\/alj.com\/tr\/energy-and-environmental-services\/solar-power-solutions\/\" \/>\n<meta property=\"og:locale\" content=\"tr_TR\" \/>\n<meta property=\"og:type\" content=\"article\" \/>\n<meta property=\"og:title\" content=\"G\u00fcne\u015f Enerjisi \u00c7\u00f6z\u00fcmleri | Abdul Latif Jameel\u00ae\" \/>\n<meta property=\"og:description\" content=\"Enerji kaynaklar\u0131n\u0131 ve eri\u015fimini k\u00fcresel \u00f6l\u00e7ekte iyile\u015ftirmek i\u00e7in harekete ge\u00e7mi\u015f olan, d\u00fcnyadaki en b\u00fcy\u00fck fotovoltaik geli\u015ftiricilerden biriyiz.\" \/>\n<meta property=\"og:url\" content=\"https:\/\/alj.com\/tr\/energy-and-environmental-services\/solar-power-solutions\/\" \/>\n<meta property=\"og:site_name\" content=\"Abdul Latif Jameel\" \/>\n<meta property=\"article:publisher\" content=\"https:\/\/www.facebook.com\/Abdul.Latif.Jameel.Official\" \/>\n<meta property=\"article:modified_time\" content=\"2021-03-11T10:13:50+00:00\" \/>\n<meta property=\"og:image\" content=\"https:\/\/media.alj.com\/app\/uploads\/2016\/10\/alj-our-presence-in-menat-and-beyond.jpg\" \/>\n\t<meta property=\"og:image:width\" content=\"1294\" \/>\n\t<meta property=\"og:image:height\" content=\"600\" \/>\n\t<meta property=\"og:image:type\" content=\"image\/jpeg\" \/>\n<meta name=\"twitter:card\" content=\"summary_large_image\" \/>\n<meta name=\"twitter:label1\" content=\"Est. reading time\" \/>\n\t<meta name=\"twitter:data1\" content=\"1 minute\" \/>\n<script type=\"application\/ld+json\" class=\"yoast-schema-graph\">{\"@context\":\"https:\/\/schema.org\",\"@graph\":[{\"@type\":\"WebPage\",\"@id\":\"https:\/\/alj.com\/tr\/energy-and-environmental-services\/solar-power-solutions\/\",\"url\":\"https:\/\/alj.com\/tr\/energy-and-environmental-services\/solar-power-solutions\/\",\"name\":\"G\u00fcne\u015f Enerjisi \u00c7\u00f6z\u00fcmleri | Abdul Latif Jameel\u00ae\",\"isPartOf\":{\"@id\":\"https:\/\/alj.com\/en\/#website\"},\"datePublished\":\"2017-04-22T19:27:00+00:00\",\"dateModified\":\"2021-03-11T10:13:50+00:00\",\"description\":\"Enerji kaynaklar\u0131n\u0131 ve eri\u015fimini k\u00fcresel \u00f6l\u00e7ekte iyile\u015ftirmek i\u00e7in harekete ge\u00e7mi\u015f olan, d\u00fcnyadaki en b\u00fcy\u00fck fotovoltaik geli\u015ftiricilerden biriyiz.\",\"breadcrumb\":{\"@id\":\"https:\/\/alj.com\/tr\/energy-and-environmental-services\/solar-power-solutions\/#breadcrumb\"},\"inLanguage\":\"tr\",\"potentialAction\":[{\"@type\":\"ReadAction\",\"target\":[\"https:\/\/alj.com\/tr\/energy-and-environmental-services\/solar-power-solutions\/\"]}]},{\"@type\":\"BreadcrumbList\",\"@id\":\"https:\/\/alj.com\/tr\/energy-and-environmental-services\/solar-power-solutions\/#breadcrumb\",\"itemListElement\":[{\"@type\":\"ListItem\",\"position\":1,\"name\":\"Home\",\"item\":\"https:\/\/alj.com\/tr\/\"},{\"@type\":\"ListItem\",\"position\":2,\"name\":\"Enerji ve \u00c7evre Hizmetleri\",\"item\":\"https:\/\/alj.com\/tr\/energy-and-environmental-services\/\"},{\"@type\":\"ListItem\",\"position\":3,\"name\":\"G\u00fcne\u015f Enerjisi \u00c7\u00f6z\u00fcmleri\"}]},{\"@type\":\"WebSite\",\"@id\":\"https:\/\/alj.com\/en\/#website\",\"url\":\"https:\/\/alj.com\/en\/\",\"name\":\"Abdul Latif Jameel\",\"description\":\"Abdul Latif Jameel\",\"potentialAction\":[{\"@type\":\"SearchAction\",\"target\":{\"@type\":\"EntryPoint\",\"urlTemplate\":\"https:\/\/alj.com\/en\/?s={search_term_string}\"},\"query-input\":\"required name=search_term_string\"}],\"inLanguage\":\"tr\"}]}<\/script>\n<!-- \/ Yoast SEO plugin. -->","yoast_head_json":{"title":"G\u00fcne\u015f Enerjisi \u00c7\u00f6z\u00fcmleri | Abdul Latif Jameel\u00ae","description":"Enerji kaynaklar\u0131n\u0131 ve eri\u015fimini k\u00fcresel \u00f6l\u00e7ekte iyile\u015ftirmek i\u00e7in harekete ge\u00e7mi\u015f olan, d\u00fcnyadaki en b\u00fcy\u00fck fotovoltaik geli\u015ftiricilerden biriyiz.","robots":{"index":"index","follow":"follow","max-snippet":"max-snippet:-1","max-image-preview":"max-image-preview:large","max-video-preview":"max-video-preview:-1"},"canonical":"https:\/\/alj.com\/tr\/energy-and-environmental-services\/solar-power-solutions\/","og_locale":"tr_TR","og_type":"article","og_title":"G\u00fcne\u015f Enerjisi \u00c7\u00f6z\u00fcmleri | Abdul Latif Jameel\u00ae","og_description":"Enerji kaynaklar\u0131n\u0131 ve eri\u015fimini k\u00fcresel \u00f6l\u00e7ekte iyile\u015ftirmek i\u00e7in harekete ge\u00e7mi\u015f olan, d\u00fcnyadaki en b\u00fcy\u00fck fotovoltaik geli\u015ftiricilerden biriyiz.","og_url":"https:\/\/alj.com\/tr\/energy-and-environmental-services\/solar-power-solutions\/","og_site_name":"Abdul Latif Jameel","article_publisher":"https:\/\/www.facebook.com\/Abdul.Latif.Jameel.Official","article_modified_time":"2021-03-11T10:13:50+00:00","og_image":[{"width":1294,"height":600,"url":"https:\/\/media.alj.com\/app\/uploads\/2016\/10\/alj-our-presence-in-menat-and-beyond.jpg","type":"image\/jpeg"}],"twitter_card":"summary_large_image","twitter_misc":{"Est. reading time":"1 minute"},"schema":{"@context":"https:\/\/schema.org","@graph":[{"@type":"WebPage","@id":"https:\/\/alj.com\/tr\/energy-and-environmental-services\/solar-power-solutions\/","url":"https:\/\/alj.com\/tr\/energy-and-environmental-services\/solar-power-solutions\/","name":"G\u00fcne\u015f Enerjisi \u00c7\u00f6z\u00fcmleri | Abdul Latif Jameel\u00ae","isPartOf":{"@id":"https:\/\/alj.com\/en\/#website"},"datePublished":"2017-04-22T19:27:00+00:00","dateModified":"2021-03-11T10:13:50+00:00","description":"Enerji kaynaklar\u0131n\u0131 ve eri\u015fimini k\u00fcresel \u00f6l\u00e7ekte iyile\u015ftirmek i\u00e7in harekete ge\u00e7mi\u015f olan, d\u00fcnyadaki en b\u00fcy\u00fck fotovoltaik geli\u015ftiricilerden biriyiz.","breadcrumb":{"@id":"https:\/\/alj.com\/tr\/energy-and-environmental-services\/solar-power-solutions\/#breadcrumb"},"inLanguage":"tr","potentialAction":[{"@type":"ReadAction","target":["https:\/\/alj.com\/tr\/energy-and-environmental-services\/solar-power-solutions\/"]}]},{"@type":"BreadcrumbList","@id":"https:\/\/alj.com\/tr\/energy-and-environmental-services\/solar-power-solutions\/#breadcrumb","itemListElement":[{"@type":"ListItem","position":1,"name":"Home","item":"https:\/\/alj.com\/tr\/"},{"@type":"ListItem","position":2,"name":"Enerji ve \u00c7evre Hizmetleri","item":"https:\/\/alj.com\/tr\/energy-and-environmental-services\/"},{"@type":"ListItem","position":3,"name":"G\u00fcne\u015f Enerjisi \u00c7\u00f6z\u00fcmleri"}]},{"@type":"WebSite","@id":"https:\/\/alj.com\/en\/#website","url":"https:\/\/alj.com\/en\/","name":"Abdul Latif Jameel","description":"Abdul Latif Jameel","potentialAction":[{"@type":"SearchAction","target":{"@type":"EntryPoint","urlTemplate":"https:\/\/alj.com\/en\/?s={search_term_string}"},"query-input":"required name=search_term_string"}],"inLanguage":"tr"}]}},"_links":{"self":[{"href":"https:\/\/alj.com\/tr\/wp-json\/wp\/v2\/pages\/7218"}],"collection":[{"href":"https:\/\/alj.com\/tr\/wp-json\/wp\/v2\/pages"}],"about":[{"href":"https:\/\/alj.com\/tr\/wp-json\/wp\/v2\/types\/page"}],"author":[{"embeddable":true,"href":"https:\/\/alj.com\/tr\/wp-json\/wp\/v2\/users\/14"}],"replies":[{"embeddable":true,"href":"https:\/\/alj.com\/tr\/wp-json\/wp\/v2\/comments?post=7218"}],"version-history":[{"count":0,"href":"https:\/\/alj.com\/tr\/wp-json\/wp\/v2\/pages\/7218\/revisions"}],"up":[{"embeddable":true,"href":"https:\/\/alj.com\/tr\/wp-json\/wp\/v2\/pages\/7209"}],"wp:featuredmedia":[{"embeddable":true,"href":"https:\/\/alj.com\/tr\/wp-json\/wp\/v2\/media\/4179"}],"wp:attachment":[{"href":"https:\/\/alj.com\/tr\/wp-json\/wp\/v2\/media?parent=7218"}],"wp:term":[{"taxonomy":"category","embeddable":true,"href":"https:\/\/alj.com\/tr\/wp-json\/wp\/v2\/categories?post=7218"}],"curies":[{"name":"wp","href":"https:\/\/api.w.org\/{rel}","templated":true}]}}