{"id":7230,"date":"2017-04-22T19:34:10","date_gmt":"2017-04-22T19:34:10","guid":{"rendered":"http:\/\/alj.corp.staging.omniaconnect.net\/tr\/?page_id=7230"},"modified":"2020-10-26T07:13:27","modified_gmt":"2020-10-26T07:13:27","slug":"water-environmental-solutions","status":"publish","type":"page","link":"https:\/\/alj.com\/tr\/energy-and-environmental-services\/water-environmental-solutions\/","title":{"rendered":"Su ve \u00c7evre \u00c7\u00f6z\u00fcmleri"},"content":{"rendered":"<h2>Herkes i\u00e7in Temiz Su Elde Ediyoruz<\/h2>\n<div class=\"p1-style\">Birle\u015fmi\u015f Milletler\u2019e g\u00f6re, son y\u00fcz y\u0131l i\u00e7inde su kullan\u0131m\u0131, n\u00fcfus art\u0131\u015f h\u0131z\u0131n\u0131n iki kat\u0131ndan fazla artt\u0131.<\/div>\n<p>Birle\u015fmi\u015f Milletler\u2019in Ekonomik ve Sosyal \u0130\u015fler Daire Ba\u015fkanl\u0131\u011f\u0131\u2019na g\u00f6re 21. Y\u00fczy\u0131l\u0131n ortalar\u0131nda d\u00fcnya n\u00fcfusunun iki milyardan daha fazla artmas\u0131 bekleniyor. Bu b\u00fcy\u00fcme, su g\u00fcvenli\u011finin, \u00f6zellikle artan talebi kar\u015f\u0131lamak i\u00e7in enerji yo\u011fun su \u015femalar\u0131n\u0131n \u00e7ok \u00f6nemli oldu\u011fu Orta Do\u011fu\u2019da, d\u00fcnyan\u0131n en bask\u0131n ve zorlay\u0131c\u0131 sorunlar\u0131ndan biri oldu\u011fu anlam\u0131na geliyor.<\/p>\n","protected":false},"excerpt":{"rendered":"<p>Herkes i\u00e7in Temiz Su Elde Ediyoruz Birle\u015fmi\u015f Milletler\u2019e g\u00f6re, son y\u00fcz y\u0131l i\u00e7inde su kullan\u0131m\u0131, n\u00fcfus art\u0131\u015f h\u0131z\u0131n\u0131n iki kat\u0131ndan fazla artt\u0131. Birle\u015fmi\u015f Milletler\u2019in Ekonomik ve Sosyal \u0130\u015fler Daire Ba\u015fkanl\u0131\u011f\u0131\u2019na g\u00f6re 21. Y\u00fczy\u0131l\u0131n ortalar\u0131nda d\u00fcnya n\u00fcfusunun iki milyardan daha fazla artmas\u0131 bekleniyor. Bu b\u00fcy\u00fcme, su g\u00fcvenli\u011finin, \u00f6zellikle artan talebi kar\u015f\u0131lamak i\u00e7in enerji yo\u011fun su \u015femalar\u0131n\u0131n [&hellip;]<\/p>\n","protected":false},"author":14,"featured_media":24202,"parent":7209,"menu_order":20,"comment_status":"closed","ping_status":"closed","template":"page-templates\/business-inner.php","meta":{"footnotes":""},"categories":[],"acf":[],"yoast_head":"<!-- This site is optimized with the Yoast SEO plugin v21.5 - https:\/\/yoast.com\/wordpress\/plugins\/seo\/ -->\n<title>Su ve \u00c7evre \u00c7\u00f6z\u00fcmleri | Abdul Latif Jameel\u00ae<\/title>\n<meta name=\"description\" content=\"B\u00f6lge ve d\u00fcnya n\u00fcfusunun ihtiya\u00e7lar\u0131n\u0131 kar\u015f\u0131lamak i\u00e7in s\u00fcrd\u00fcr\u00fclebilir programlarla suyu tuzdan ar\u0131nd\u0131rma, su ve at\u0131k su ar\u0131tma giri\u015fimlerine odaklan\u0131yoruz.\" \/>\n<meta name=\"robots\" content=\"index, follow, max-snippet:-1, max-image-preview:large, max-video-preview:-1\" \/>\n<link rel=\"canonical\" href=\"https:\/\/alj.com\/tr\/energy-and-environmental-services\/water-environmental-solutions\/\" \/>\n<meta property=\"og:locale\" content=\"tr_TR\" \/>\n<meta property=\"og:type\" content=\"article\" \/>\n<meta property=\"og:title\" content=\"Su ve \u00c7evre \u00c7\u00f6z\u00fcmleri | Abdul Latif Jameel\u00ae\" \/>\n<meta property=\"og:description\" content=\"B\u00f6lge ve d\u00fcnya n\u00fcfusunun ihtiya\u00e7lar\u0131n\u0131 kar\u015f\u0131lamak i\u00e7in s\u00fcrd\u00fcr\u00fclebilir programlarla suyu tuzdan ar\u0131nd\u0131rma, su ve at\u0131k su ar\u0131tma giri\u015fimlerine odaklan\u0131yoruz.\" \/>\n<meta property=\"og:url\" content=\"https:\/\/alj.com\/tr\/energy-and-environmental-services\/water-environmental-solutions\/\" \/>\n<meta property=\"og:site_name\" content=\"Abdul Latif Jameel\" \/>\n<meta property=\"article:publisher\" content=\"https:\/\/www.facebook.com\/Abdul.Latif.Jameel.Official\" \/>\n<meta property=\"article:modified_time\" content=\"2020-10-26T07:13:27+00:00\" \/>\n<meta property=\"og:image\" content=\"https:\/\/media.alj.com\/app\/uploads\/2016\/10\/alj-our-presence-in-menat-and-beyond.jpg\" \/>\n\t<meta property=\"og:image:width\" content=\"1294\" \/>\n\t<meta property=\"og:image:height\" content=\"600\" \/>\n\t<meta property=\"og:image:type\" content=\"image\/jpeg\" \/>\n<meta name=\"twitter:card\" content=\"summary_large_image\" \/>\n<meta name=\"twitter:label1\" content=\"Est. reading time\" \/>\n\t<meta name=\"twitter:data1\" content=\"1 minute\" \/>\n<script type=\"application\/ld+json\" class=\"yoast-schema-graph\">{\"@context\":\"https:\/\/schema.org\",\"@graph\":[{\"@type\":\"WebPage\",\"@id\":\"https:\/\/alj.com\/tr\/energy-and-environmental-services\/water-environmental-solutions\/\",\"url\":\"https:\/\/alj.com\/tr\/energy-and-environmental-services\/water-environmental-solutions\/\",\"name\":\"Su ve \u00c7evre \u00c7\u00f6z\u00fcmleri | Abdul Latif Jameel\u00ae\",\"isPartOf\":{\"@id\":\"https:\/\/alj.com\/en\/#website\"},\"datePublished\":\"2017-04-22T19:34:10+00:00\",\"dateModified\":\"2020-10-26T07:13:27+00:00\",\"description\":\"B\u00f6lge ve d\u00fcnya n\u00fcfusunun ihtiya\u00e7lar\u0131n\u0131 kar\u015f\u0131lamak i\u00e7in s\u00fcrd\u00fcr\u00fclebilir programlarla suyu tuzdan ar\u0131nd\u0131rma, su ve at\u0131k su ar\u0131tma giri\u015fimlerine odaklan\u0131yoruz.\",\"breadcrumb\":{\"@id\":\"https:\/\/alj.com\/tr\/energy-and-environmental-services\/water-environmental-solutions\/#breadcrumb\"},\"inLanguage\":\"tr\",\"potentialAction\":[{\"@type\":\"ReadAction\",\"target\":[\"https:\/\/alj.com\/tr\/energy-and-environmental-services\/water-environmental-solutions\/\"]}]},{\"@type\":\"BreadcrumbList\",\"@id\":\"https:\/\/alj.com\/tr\/energy-and-environmental-services\/water-environmental-solutions\/#breadcrumb\",\"itemListElement\":[{\"@type\":\"ListItem\",\"position\":1,\"name\":\"Home\",\"item\":\"https:\/\/alj.com\/tr\/\"},{\"@type\":\"ListItem\",\"position\":2,\"name\":\"Enerji ve \u00c7evre Hizmetleri\",\"item\":\"https:\/\/alj.com\/tr\/energy-and-environmental-services\/\"},{\"@type\":\"ListItem\",\"position\":3,\"name\":\"Su ve \u00c7evre \u00c7\u00f6z\u00fcmleri\"}]},{\"@type\":\"WebSite\",\"@id\":\"https:\/\/alj.com\/en\/#website\",\"url\":\"https:\/\/alj.com\/en\/\",\"name\":\"Abdul Latif Jameel\",\"description\":\"Abdul Latif Jameel\",\"potentialAction\":[{\"@type\":\"SearchAction\",\"target\":{\"@type\":\"EntryPoint\",\"urlTemplate\":\"https:\/\/alj.com\/en\/?s={search_term_string}\"},\"query-input\":\"required name=search_term_string\"}],\"inLanguage\":\"tr\"}]}<\/script>\n<!-- \/ Yoast SEO plugin. -->","yoast_head_json":{"title":"Su ve \u00c7evre \u00c7\u00f6z\u00fcmleri | Abdul Latif Jameel\u00ae","description":"B\u00f6lge ve d\u00fcnya n\u00fcfusunun ihtiya\u00e7lar\u0131n\u0131 kar\u015f\u0131lamak i\u00e7in s\u00fcrd\u00fcr\u00fclebilir programlarla suyu tuzdan ar\u0131nd\u0131rma, su ve at\u0131k su ar\u0131tma giri\u015fimlerine odaklan\u0131yoruz.","robots":{"index":"index","follow":"follow","max-snippet":"max-snippet:-1","max-image-preview":"max-image-preview:large","max-video-preview":"max-video-preview:-1"},"canonical":"https:\/\/alj.com\/tr\/energy-and-environmental-services\/water-environmental-solutions\/","og_locale":"tr_TR","og_type":"article","og_title":"Su ve \u00c7evre \u00c7\u00f6z\u00fcmleri | Abdul Latif Jameel\u00ae","og_description":"B\u00f6lge ve d\u00fcnya n\u00fcfusunun ihtiya\u00e7lar\u0131n\u0131 kar\u015f\u0131lamak i\u00e7in s\u00fcrd\u00fcr\u00fclebilir programlarla suyu tuzdan ar\u0131nd\u0131rma, su ve at\u0131k su ar\u0131tma giri\u015fimlerine odaklan\u0131yoruz.","og_url":"https:\/\/alj.com\/tr\/energy-and-environmental-services\/water-environmental-solutions\/","og_site_name":"Abdul Latif Jameel","article_publisher":"https:\/\/www.facebook.com\/Abdul.Latif.Jameel.Official","article_modified_time":"2020-10-26T07:13:27+00:00","og_image":[{"width":1294,"height":600,"url":"https:\/\/media.alj.com\/app\/uploads\/2016\/10\/alj-our-presence-in-menat-and-beyond.jpg","type":"image\/jpeg"}],"twitter_card":"summary_large_image","twitter_misc":{"Est. reading time":"1 minute"},"schema":{"@context":"https:\/\/schema.org","@graph":[{"@type":"WebPage","@id":"https:\/\/alj.com\/tr\/energy-and-environmental-services\/water-environmental-solutions\/","url":"https:\/\/alj.com\/tr\/energy-and-environmental-services\/water-environmental-solutions\/","name":"Su ve \u00c7evre \u00c7\u00f6z\u00fcmleri | Abdul Latif Jameel\u00ae","isPartOf":{"@id":"https:\/\/alj.com\/en\/#website"},"datePublished":"2017-04-22T19:34:10+00:00","dateModified":"2020-10-26T07:13:27+00:00","description":"B\u00f6lge ve d\u00fcnya n\u00fcfusunun ihtiya\u00e7lar\u0131n\u0131 kar\u015f\u0131lamak i\u00e7in s\u00fcrd\u00fcr\u00fclebilir programlarla suyu tuzdan ar\u0131nd\u0131rma, su ve at\u0131k su ar\u0131tma giri\u015fimlerine odaklan\u0131yoruz.","breadcrumb":{"@id":"https:\/\/alj.com\/tr\/energy-and-environmental-services\/water-environmental-solutions\/#breadcrumb"},"inLanguage":"tr","potentialAction":[{"@type":"ReadAction","target":["https:\/\/alj.com\/tr\/energy-and-environmental-services\/water-environmental-solutions\/"]}]},{"@type":"BreadcrumbList","@id":"https:\/\/alj.com\/tr\/energy-and-environmental-services\/water-environmental-solutions\/#breadcrumb","itemListElement":[{"@type":"ListItem","position":1,"name":"Home","item":"https:\/\/alj.com\/tr\/"},{"@type":"ListItem","position":2,"name":"Enerji ve \u00c7evre Hizmetleri","item":"https:\/\/alj.com\/tr\/energy-and-environmental-services\/"},{"@type":"ListItem","position":3,"name":"Su ve \u00c7evre \u00c7\u00f6z\u00fcmleri"}]},{"@type":"WebSite","@id":"https:\/\/alj.com\/en\/#website","url":"https:\/\/alj.com\/en\/","name":"Abdul Latif Jameel","description":"Abdul Latif Jameel","potentialAction":[{"@type":"SearchAction","target":{"@type":"EntryPoint","urlTemplate":"https:\/\/alj.com\/en\/?s={search_term_string}"},"query-input":"required name=search_term_string"}],"inLanguage":"tr"}]}},"_links":{"self":[{"href":"https:\/\/alj.com\/tr\/wp-json\/wp\/v2\/pages\/7230"}],"collection":[{"href":"https:\/\/alj.com\/tr\/wp-json\/wp\/v2\/pages"}],"about":[{"href":"https:\/\/alj.com\/tr\/wp-json\/wp\/v2\/types\/page"}],"author":[{"embeddable":true,"href":"https:\/\/alj.com\/tr\/wp-json\/wp\/v2\/users\/14"}],"replies":[{"embeddable":true,"href":"https:\/\/alj.com\/tr\/wp-json\/wp\/v2\/comments?post=7230"}],"version-history":[{"count":0,"href":"https:\/\/alj.com\/tr\/wp-json\/wp\/v2\/pages\/7230\/revisions"}],"up":[{"embeddable":true,"href":"https:\/\/alj.com\/tr\/wp-json\/wp\/v2\/pages\/7209"}],"wp:featuredmedia":[{"embeddable":true,"href":"https:\/\/alj.com\/tr\/wp-json\/wp\/v2\/media\/24202"}],"wp:attachment":[{"href":"https:\/\/alj.com\/tr\/wp-json\/wp\/v2\/media?parent=7230"}],"wp:term":[{"taxonomy":"category","embeddable":true,"href":"https:\/\/alj.com\/tr\/wp-json\/wp\/v2\/categories?post=7230"}],"curies":[{"name":"wp","href":"https:\/\/api.w.org\/{rel}","templated":true}]}}