{"id":7235,"date":"2017-04-22T19:37:09","date_gmt":"2017-04-22T19:37:09","guid":{"rendered":"http:\/\/alj.corp.staging.omniaconnect.net\/tr\/?page_id=7235"},"modified":"2022-07-04T07:29:20","modified_gmt":"2022-07-04T07:29:20","slug":"consumer-products","status":"publish","type":"page","link":"https:\/\/alj.com\/tr\/consumer-products\/","title":{"rendered":"T\u00fcketim \u00dcr\u00fcnleri"},"content":{"rendered":"<h2>D\u00fcnya Markalar\u0131n\u0131 T\u00fcketicilerin Evlerine Getiriyoruz<\/h2>\n<div class=\"p1-style\">MENAT b\u00f6lgesi d\u00fcnyan\u0131n en \u00f6nemli t\u00fcketim merkezlerinden biri olarak geli\u015fmektedir.<\/div>\n<p>Bu durum gen\u00e7, ba\u011flant\u0131l\u0131 ve teknoloji odakl\u0131 n\u00fcfus i\u00e7in t\u00fcketici elektroni\u011fi ve ev aletleri de dahil olmak \u00fczere, geni\u015f yelpazede t\u00fcketim \u00fcr\u00fcnlerine artan talep yaratmaktad\u0131r.<\/p>\n","protected":false},"excerpt":{"rendered":"<p>D\u00fcnya Markalar\u0131n\u0131 T\u00fcketicilerin Evlerine Getiriyoruz MENAT b\u00f6lgesi d\u00fcnyan\u0131n en \u00f6nemli t\u00fcketim merkezlerinden biri olarak geli\u015fmektedir. Bu durum gen\u00e7, ba\u011flant\u0131l\u0131 ve teknoloji odakl\u0131 n\u00fcfus i\u00e7in t\u00fcketici elektroni\u011fi ve ev aletleri de dahil olmak \u00fczere, geni\u015f yelpazede t\u00fcketim \u00fcr\u00fcnlerine artan talep yaratmaktad\u0131r.<\/p>\n","protected":false},"author":14,"featured_media":24190,"parent":0,"menu_order":19,"comment_status":"closed","ping_status":"closed","template":"page-templates\/businesses-one-page.php","meta":{"footnotes":""},"categories":[26],"acf":[],"yoast_head":"<!-- This site is optimized with the Yoast SEO plugin v21.5 - https:\/\/yoast.com\/wordpress\/plugins\/seo\/ -->\n<title>T\u00fcketici \u00dcr\u00fcnleri ve Elektronik | Abdul Latif Jameel\u00ae<\/title>\n<meta name=\"description\" content=\"Uluslararas\u0131 markalar\u0131n elektronik ve klima \u00fcr\u00fcnleri de dahil olmak \u00fczere Suudi Arabistan&#039;da t\u00fcketici \u00fcr\u00fcnlerinin \u00f6nde gelen distrib\u00fct\u00f6r\u00fcy\u00fcz.\" \/>\n<meta name=\"robots\" content=\"index, follow, max-snippet:-1, max-image-preview:large, max-video-preview:-1\" \/>\n<link rel=\"canonical\" href=\"https:\/\/alj.com\/tr\/consumer-products\/\" \/>\n<meta property=\"og:locale\" content=\"tr_TR\" \/>\n<meta property=\"og:type\" content=\"article\" \/>\n<meta property=\"og:title\" content=\"T\u00fcketici \u00dcr\u00fcnleri ve Elektronik | Abdul Latif Jameel\u00ae\" \/>\n<meta property=\"og:description\" content=\"Uluslararas\u0131 markalar\u0131n elektronik ve klima \u00fcr\u00fcnleri de dahil olmak \u00fczere Suudi Arabistan&#039;da t\u00fcketici \u00fcr\u00fcnlerinin \u00f6nde gelen distrib\u00fct\u00f6r\u00fcy\u00fcz.\" \/>\n<meta property=\"og:url\" content=\"https:\/\/alj.com\/tr\/consumer-products\/\" \/>\n<meta property=\"og:site_name\" content=\"Abdul Latif Jameel\" \/>\n<meta property=\"article:publisher\" content=\"https:\/\/www.facebook.com\/Abdul.Latif.Jameel.Official\" \/>\n<meta property=\"article:modified_time\" content=\"2022-07-04T07:29:20+00:00\" \/>\n<meta property=\"og:image\" content=\"https:\/\/media.alj.com\/app\/uploads\/2016\/10\/alj-our-presence-in-menat-and-beyond.jpg\" \/>\n\t<meta property=\"og:image:width\" content=\"1294\" \/>\n\t<meta property=\"og:image:height\" content=\"600\" \/>\n\t<meta property=\"og:image:type\" content=\"image\/jpeg\" \/>\n<meta name=\"twitter:card\" content=\"summary_large_image\" \/>\n<script type=\"application\/ld+json\" class=\"yoast-schema-graph\">{\"@context\":\"https:\/\/schema.org\",\"@graph\":[{\"@type\":\"WebPage\",\"@id\":\"https:\/\/alj.com\/tr\/consumer-products\/\",\"url\":\"https:\/\/alj.com\/tr\/consumer-products\/\",\"name\":\"T\u00fcketici \u00dcr\u00fcnleri ve Elektronik | Abdul Latif Jameel\u00ae\",\"isPartOf\":{\"@id\":\"https:\/\/alj.com\/en\/#website\"},\"datePublished\":\"2017-04-22T19:37:09+00:00\",\"dateModified\":\"2022-07-04T07:29:20+00:00\",\"description\":\"Uluslararas\u0131 markalar\u0131n elektronik ve klima \u00fcr\u00fcnleri de dahil olmak \u00fczere Suudi Arabistan'da t\u00fcketici \u00fcr\u00fcnlerinin \u00f6nde gelen distrib\u00fct\u00f6r\u00fcy\u00fcz.\",\"breadcrumb\":{\"@id\":\"https:\/\/alj.com\/tr\/consumer-products\/#breadcrumb\"},\"inLanguage\":\"tr\",\"potentialAction\":[{\"@type\":\"ReadAction\",\"target\":[\"https:\/\/alj.com\/tr\/consumer-products\/\"]}]},{\"@type\":\"BreadcrumbList\",\"@id\":\"https:\/\/alj.com\/tr\/consumer-products\/#breadcrumb\",\"itemListElement\":[{\"@type\":\"ListItem\",\"position\":1,\"name\":\"Home\",\"item\":\"https:\/\/alj.com\/tr\/\"},{\"@type\":\"ListItem\",\"position\":2,\"name\":\"T\u00fcketim \u00dcr\u00fcnleri\"}]},{\"@type\":\"WebSite\",\"@id\":\"https:\/\/alj.com\/en\/#website\",\"url\":\"https:\/\/alj.com\/en\/\",\"name\":\"Abdul Latif Jameel\",\"description\":\"Abdul Latif Jameel\",\"potentialAction\":[{\"@type\":\"SearchAction\",\"target\":{\"@type\":\"EntryPoint\",\"urlTemplate\":\"https:\/\/alj.com\/en\/?s={search_term_string}\"},\"query-input\":\"required name=search_term_string\"}],\"inLanguage\":\"tr\"}]}<\/script>\n<!-- \/ Yoast SEO plugin. -->","yoast_head_json":{"title":"T\u00fcketici \u00dcr\u00fcnleri ve Elektronik | Abdul Latif Jameel\u00ae","description":"Uluslararas\u0131 markalar\u0131n elektronik ve klima \u00fcr\u00fcnleri de dahil olmak \u00fczere Suudi Arabistan'da t\u00fcketici \u00fcr\u00fcnlerinin \u00f6nde gelen distrib\u00fct\u00f6r\u00fcy\u00fcz.","robots":{"index":"index","follow":"follow","max-snippet":"max-snippet:-1","max-image-preview":"max-image-preview:large","max-video-preview":"max-video-preview:-1"},"canonical":"https:\/\/alj.com\/tr\/consumer-products\/","og_locale":"tr_TR","og_type":"article","og_title":"T\u00fcketici \u00dcr\u00fcnleri ve Elektronik | Abdul Latif Jameel\u00ae","og_description":"Uluslararas\u0131 markalar\u0131n elektronik ve klima \u00fcr\u00fcnleri de dahil olmak \u00fczere Suudi Arabistan'da t\u00fcketici \u00fcr\u00fcnlerinin \u00f6nde gelen distrib\u00fct\u00f6r\u00fcy\u00fcz.","og_url":"https:\/\/alj.com\/tr\/consumer-products\/","og_site_name":"Abdul Latif Jameel","article_publisher":"https:\/\/www.facebook.com\/Abdul.Latif.Jameel.Official","article_modified_time":"2022-07-04T07:29:20+00:00","og_image":[{"width":1294,"height":600,"url":"https:\/\/media.alj.com\/app\/uploads\/2016\/10\/alj-our-presence-in-menat-and-beyond.jpg","type":"image\/jpeg"}],"twitter_card":"summary_large_image","schema":{"@context":"https:\/\/schema.org","@graph":[{"@type":"WebPage","@id":"https:\/\/alj.com\/tr\/consumer-products\/","url":"https:\/\/alj.com\/tr\/consumer-products\/","name":"T\u00fcketici \u00dcr\u00fcnleri ve Elektronik | Abdul Latif Jameel\u00ae","isPartOf":{"@id":"https:\/\/alj.com\/en\/#website"},"datePublished":"2017-04-22T19:37:09+00:00","dateModified":"2022-07-04T07:29:20+00:00","description":"Uluslararas\u0131 markalar\u0131n elektronik ve klima \u00fcr\u00fcnleri de dahil olmak \u00fczere Suudi Arabistan'da t\u00fcketici \u00fcr\u00fcnlerinin \u00f6nde gelen distrib\u00fct\u00f6r\u00fcy\u00fcz.","breadcrumb":{"@id":"https:\/\/alj.com\/tr\/consumer-products\/#breadcrumb"},"inLanguage":"tr","potentialAction":[{"@type":"ReadAction","target":["https:\/\/alj.com\/tr\/consumer-products\/"]}]},{"@type":"BreadcrumbList","@id":"https:\/\/alj.com\/tr\/consumer-products\/#breadcrumb","itemListElement":[{"@type":"ListItem","position":1,"name":"Home","item":"https:\/\/alj.com\/tr\/"},{"@type":"ListItem","position":2,"name":"T\u00fcketim \u00dcr\u00fcnleri"}]},{"@type":"WebSite","@id":"https:\/\/alj.com\/en\/#website","url":"https:\/\/alj.com\/en\/","name":"Abdul Latif Jameel","description":"Abdul Latif Jameel","potentialAction":[{"@type":"SearchAction","target":{"@type":"EntryPoint","urlTemplate":"https:\/\/alj.com\/en\/?s={search_term_string}"},"query-input":"required name=search_term_string"}],"inLanguage":"tr"}]}},"_links":{"self":[{"href":"https:\/\/alj.com\/tr\/wp-json\/wp\/v2\/pages\/7235"}],"collection":[{"href":"https:\/\/alj.com\/tr\/wp-json\/wp\/v2\/pages"}],"about":[{"href":"https:\/\/alj.com\/tr\/wp-json\/wp\/v2\/types\/page"}],"author":[{"embeddable":true,"href":"https:\/\/alj.com\/tr\/wp-json\/wp\/v2\/users\/14"}],"replies":[{"embeddable":true,"href":"https:\/\/alj.com\/tr\/wp-json\/wp\/v2\/comments?post=7235"}],"version-history":[{"count":0,"href":"https:\/\/alj.com\/tr\/wp-json\/wp\/v2\/pages\/7235\/revisions"}],"wp:featuredmedia":[{"embeddable":true,"href":"https:\/\/alj.com\/tr\/wp-json\/wp\/v2\/media\/24190"}],"wp:attachment":[{"href":"https:\/\/alj.com\/tr\/wp-json\/wp\/v2\/media?parent=7235"}],"wp:term":[{"taxonomy":"category","embeddable":true,"href":"https:\/\/alj.com\/tr\/wp-json\/wp\/v2\/categories?post=7235"}],"curies":[{"name":"wp","href":"https:\/\/api.w.org\/{rel}","templated":true}]}}