{"id":7239,"date":"2017-04-22T19:39:14","date_gmt":"2017-04-22T19:39:14","guid":{"rendered":"http:\/\/alj.corp.staging.omniaconnect.net\/tr\/?page_id=7239"},"modified":"2022-07-04T08:00:48","modified_gmt":"2022-07-04T08:00:48","slug":"advertising-media","status":"publish","type":"page","link":"https:\/\/alj.com\/tr\/advertising-media\/","title":{"rendered":"Reklam ve Medya"},"content":{"rendered":"<h2>T\u00fcketiciler ve Toplum ile \u0130leti\u015fim<\/h2>\n<div class=\"p1-style\">G\u00fcn\u00fcm\u00fcz\u00fcn MENAT t\u00fcketicileri t\u00fcm d\u00fcnyadaki daha bilgili m\u00fc\u015fteri olma e\u011filiminin bir par\u00e7as\u0131d\u0131r.<\/div>\n<p>Geleneksel reklamc\u0131l\u0131k ile dijital medya, kanallar ve cihazlar aras\u0131ndaki kar\u015f\u0131l\u0131kl\u0131 etkile\u015fimi \u00e7ok iyi anlayarak, m\u00fc\u015fterilerimiz i\u00e7in b\u00f6lgesel bilgilerimize ve ara\u015ft\u0131rmaya dayanan yenilik\u00e7i, stratejik fikirleri hayata ge\u00e7iriyoruz.<\/p>\n","protected":false},"excerpt":{"rendered":"<p>T\u00fcketiciler ve Toplum ile \u0130leti\u015fim G\u00fcn\u00fcm\u00fcz\u00fcn MENAT t\u00fcketicileri t\u00fcm d\u00fcnyadaki daha bilgili m\u00fc\u015fteri olma e\u011filiminin bir par\u00e7as\u0131d\u0131r. Geleneksel reklamc\u0131l\u0131k ile dijital medya, kanallar ve cihazlar aras\u0131ndaki kar\u015f\u0131l\u0131kl\u0131 etkile\u015fimi \u00e7ok iyi anlayarak, m\u00fc\u015fterilerimiz i\u00e7in b\u00f6lgesel bilgilerimize ve ara\u015ft\u0131rmaya dayanan yenilik\u00e7i, stratejik fikirleri hayata ge\u00e7iriyoruz.<\/p>\n","protected":false},"author":14,"featured_media":95578,"parent":0,"menu_order":20,"comment_status":"closed","ping_status":"closed","template":"page-templates\/businesses-one-page.php","meta":{"footnotes":""},"categories":[26],"acf":[],"yoast_head":"<!-- This site is optimized with the Yoast SEO plugin v21.5 - https:\/\/yoast.com\/wordpress\/plugins\/seo\/ -->\n<title>Reklam ve Medya | Abdul Latif Jameel\u00ae<\/title>\n<meta name=\"description\" content=\"Kapsaml\u0131 reklamlar\u0131m\u0131z ve medya sayesinde global marka m\u00fc\u015fterilerimize \u00f6zel \u00e7\u00f6z\u00fcmler sunuyoruz.\" \/>\n<meta name=\"robots\" content=\"index, follow, max-snippet:-1, max-image-preview:large, max-video-preview:-1\" \/>\n<link rel=\"canonical\" href=\"https:\/\/alj.com\/tr\/advertising-media\/\" \/>\n<meta property=\"og:locale\" content=\"tr_TR\" \/>\n<meta property=\"og:type\" content=\"article\" \/>\n<meta property=\"og:title\" content=\"Reklam ve Medya | Abdul Latif Jameel\u00ae\" \/>\n<meta property=\"og:description\" content=\"Kapsaml\u0131 reklamlar\u0131m\u0131z ve medya sayesinde global marka m\u00fc\u015fterilerimize \u00f6zel \u00e7\u00f6z\u00fcmler sunuyoruz.\" \/>\n<meta property=\"og:url\" content=\"https:\/\/alj.com\/tr\/advertising-media\/\" \/>\n<meta property=\"og:site_name\" content=\"Abdul Latif Jameel\" \/>\n<meta property=\"article:publisher\" content=\"https:\/\/www.facebook.com\/Abdul.Latif.Jameel.Official\" \/>\n<meta property=\"article:modified_time\" content=\"2022-07-04T08:00:48+00:00\" \/>\n<meta property=\"og:image\" content=\"https:\/\/media.alj.com\/app\/uploads\/2016\/10\/alj-our-presence-in-menat-and-beyond.jpg\" \/>\n\t<meta property=\"og:image:width\" content=\"1294\" \/>\n\t<meta property=\"og:image:height\" content=\"600\" \/>\n\t<meta property=\"og:image:type\" content=\"image\/jpeg\" \/>\n<meta name=\"twitter:card\" content=\"summary_large_image\" \/>\n<script type=\"application\/ld+json\" class=\"yoast-schema-graph\">{\"@context\":\"https:\/\/schema.org\",\"@graph\":[{\"@type\":\"WebPage\",\"@id\":\"https:\/\/alj.com\/tr\/advertising-media\/\",\"url\":\"https:\/\/alj.com\/tr\/advertising-media\/\",\"name\":\"Reklam ve Medya | Abdul Latif Jameel\u00ae\",\"isPartOf\":{\"@id\":\"https:\/\/alj.com\/en\/#website\"},\"datePublished\":\"2017-04-22T19:39:14+00:00\",\"dateModified\":\"2022-07-04T08:00:48+00:00\",\"description\":\"Kapsaml\u0131 reklamlar\u0131m\u0131z ve medya sayesinde global marka m\u00fc\u015fterilerimize \u00f6zel \u00e7\u00f6z\u00fcmler sunuyoruz.\",\"breadcrumb\":{\"@id\":\"https:\/\/alj.com\/tr\/advertising-media\/#breadcrumb\"},\"inLanguage\":\"tr\",\"potentialAction\":[{\"@type\":\"ReadAction\",\"target\":[\"https:\/\/alj.com\/tr\/advertising-media\/\"]}]},{\"@type\":\"BreadcrumbList\",\"@id\":\"https:\/\/alj.com\/tr\/advertising-media\/#breadcrumb\",\"itemListElement\":[{\"@type\":\"ListItem\",\"position\":1,\"name\":\"Home\",\"item\":\"https:\/\/alj.com\/tr\/\"},{\"@type\":\"ListItem\",\"position\":2,\"name\":\"Reklam ve Medya\"}]},{\"@type\":\"WebSite\",\"@id\":\"https:\/\/alj.com\/en\/#website\",\"url\":\"https:\/\/alj.com\/en\/\",\"name\":\"Abdul Latif Jameel\",\"description\":\"Abdul Latif Jameel\",\"potentialAction\":[{\"@type\":\"SearchAction\",\"target\":{\"@type\":\"EntryPoint\",\"urlTemplate\":\"https:\/\/alj.com\/en\/?s={search_term_string}\"},\"query-input\":\"required name=search_term_string\"}],\"inLanguage\":\"tr\"}]}<\/script>\n<!-- \/ Yoast SEO plugin. -->","yoast_head_json":{"title":"Reklam ve Medya | Abdul Latif Jameel\u00ae","description":"Kapsaml\u0131 reklamlar\u0131m\u0131z ve medya sayesinde global marka m\u00fc\u015fterilerimize \u00f6zel \u00e7\u00f6z\u00fcmler sunuyoruz.","robots":{"index":"index","follow":"follow","max-snippet":"max-snippet:-1","max-image-preview":"max-image-preview:large","max-video-preview":"max-video-preview:-1"},"canonical":"https:\/\/alj.com\/tr\/advertising-media\/","og_locale":"tr_TR","og_type":"article","og_title":"Reklam ve Medya | Abdul Latif Jameel\u00ae","og_description":"Kapsaml\u0131 reklamlar\u0131m\u0131z ve medya sayesinde global marka m\u00fc\u015fterilerimize \u00f6zel \u00e7\u00f6z\u00fcmler sunuyoruz.","og_url":"https:\/\/alj.com\/tr\/advertising-media\/","og_site_name":"Abdul Latif Jameel","article_publisher":"https:\/\/www.facebook.com\/Abdul.Latif.Jameel.Official","article_modified_time":"2022-07-04T08:00:48+00:00","og_image":[{"width":1294,"height":600,"url":"https:\/\/media.alj.com\/app\/uploads\/2016\/10\/alj-our-presence-in-menat-and-beyond.jpg","type":"image\/jpeg"}],"twitter_card":"summary_large_image","schema":{"@context":"https:\/\/schema.org","@graph":[{"@type":"WebPage","@id":"https:\/\/alj.com\/tr\/advertising-media\/","url":"https:\/\/alj.com\/tr\/advertising-media\/","name":"Reklam ve Medya | Abdul Latif Jameel\u00ae","isPartOf":{"@id":"https:\/\/alj.com\/en\/#website"},"datePublished":"2017-04-22T19:39:14+00:00","dateModified":"2022-07-04T08:00:48+00:00","description":"Kapsaml\u0131 reklamlar\u0131m\u0131z ve medya sayesinde global marka m\u00fc\u015fterilerimize \u00f6zel \u00e7\u00f6z\u00fcmler sunuyoruz.","breadcrumb":{"@id":"https:\/\/alj.com\/tr\/advertising-media\/#breadcrumb"},"inLanguage":"tr","potentialAction":[{"@type":"ReadAction","target":["https:\/\/alj.com\/tr\/advertising-media\/"]}]},{"@type":"BreadcrumbList","@id":"https:\/\/alj.com\/tr\/advertising-media\/#breadcrumb","itemListElement":[{"@type":"ListItem","position":1,"name":"Home","item":"https:\/\/alj.com\/tr\/"},{"@type":"ListItem","position":2,"name":"Reklam ve Medya"}]},{"@type":"WebSite","@id":"https:\/\/alj.com\/en\/#website","url":"https:\/\/alj.com\/en\/","name":"Abdul Latif Jameel","description":"Abdul Latif Jameel","potentialAction":[{"@type":"SearchAction","target":{"@type":"EntryPoint","urlTemplate":"https:\/\/alj.com\/en\/?s={search_term_string}"},"query-input":"required name=search_term_string"}],"inLanguage":"tr"}]}},"_links":{"self":[{"href":"https:\/\/alj.com\/tr\/wp-json\/wp\/v2\/pages\/7239"}],"collection":[{"href":"https:\/\/alj.com\/tr\/wp-json\/wp\/v2\/pages"}],"about":[{"href":"https:\/\/alj.com\/tr\/wp-json\/wp\/v2\/types\/page"}],"author":[{"embeddable":true,"href":"https:\/\/alj.com\/tr\/wp-json\/wp\/v2\/users\/14"}],"replies":[{"embeddable":true,"href":"https:\/\/alj.com\/tr\/wp-json\/wp\/v2\/comments?post=7239"}],"version-history":[{"count":0,"href":"https:\/\/alj.com\/tr\/wp-json\/wp\/v2\/pages\/7239\/revisions"}],"wp:featuredmedia":[{"embeddable":true,"href":"https:\/\/alj.com\/tr\/wp-json\/wp\/v2\/media\/95578"}],"wp:attachment":[{"href":"https:\/\/alj.com\/tr\/wp-json\/wp\/v2\/media?parent=7239"}],"wp:term":[{"taxonomy":"category","embeddable":true,"href":"https:\/\/alj.com\/tr\/wp-json\/wp\/v2\/categories?post=7239"}],"curies":[{"name":"wp","href":"https:\/\/api.w.org\/{rel}","templated":true}]}}