{"id":7249,"date":"2017-04-22T19:46:28","date_gmt":"2017-04-22T19:46:28","guid":{"rendered":"http:\/\/alj.corp.staging.omniaconnect.net\/tr\/?page_id=7249"},"modified":"2022-07-04T07:59:55","modified_gmt":"2022-07-04T07:59:55","slug":"cookie-policy","status":"publish","type":"page","link":"https:\/\/alj.com\/tr\/cookie-policy\/","title":{"rendered":"\u00c7erez Politikas\u0131"},"content":{"rendered":"<p>Bu \u00c7erezlerin Kullan\u0131m\u0131 Politikas\u0131, adresindeki Abdul Latif Jameel web sitesinin <strong>\u201cALJ Web sitesi\u201d<\/strong> \u00e7erez kullan\u0131m\u0131 hakk\u0131nda bilgi vermektedir.<\/p>\n<h2>\u00c7erez Nedir?<\/h2>\n<p>\u00c7erez, harflerden ve rakamlardan olu\u015fan, kabul etmeniz halinde ziyaret etti\u011finiz web siteleri taraf\u0131ndan taray\u0131c\u0131n\u0131za veya bilgisayar\u0131n\u0131z\u0131n sabit diskine yerle\u015ftirilen ve burada saklanan k\u00fc\u00e7\u00fck bir metin belgesidir. \u00c7erezler, bilgisayar\u0131n\u0131z\u0131n sabit diskine aktar\u0131lan bilgiler i\u00e7erir. \u00c7erezler, kimli\u011finizi tespit etmek i\u00e7in kullan\u0131lmaz.<\/p>\n<p>ALJ Web sitesi, sizi ALJ Web sitesinin di\u011fer kullan\u0131c\u0131lar\u0131ndan ay\u0131rmak i\u00e7in \u00e7erezleri kullan\u0131r. \u00c7erezler taraf\u0131ndan toplanan bilgiler bilgisayar ayarlar\u0131n\u0131zla, internete ba\u011flant\u0131n\u0131zla ilgili, i\u015fletim sistemi ve platformu, IP adresi, ALJ Web sitesindeki tarama kal\u0131plar\u0131n\u0131z ve tarama s\u00fcreleriniz ve konumunuz gibi genel bilgileri i\u00e7erir. Bu bilgiler, ALJ Web sitesinin daha verimli \u00e7al\u0131\u015fmas\u0131na yard\u0131mc\u0131 olarak, ALJ Web sitesini ziyaret etti\u011finizde (ayarlar\u0131n\u0131z\u0131 hat\u0131rlayarak) iyi bir deneyim ya\u015faman\u0131z\u0131 ve ayn\u0131 zamanda ALJ Web sitesinin kendini geli\u015ftirmesini sa\u011flar.<\/p>\n<h2>\u00c7erezlerin Kullan\u0131m\u0131na \u0130zin Vermek<\/h2>\n<p>ALJ Web sitesini ilk kulland\u0131\u011f\u0131n\u0131zda a\u00e7\u0131lan penceredeki \u201cKabul ediyorum\u201d d\u00fc\u011fmesine t\u0131klayarak, ALJ Web sitesinin \u00e7erezleri kullanmas\u0131n\u0131 kabul etmi\u015f olursunuz.<\/p>\n<h2>Ne T\u00fcr \u00c7erezler Kullan\u0131l\u0131r?<\/h2>\n<p>ALJ Web sitesi taraf\u0131ndan a\u015fa\u011f\u0131daki \u00e7erezler kullan\u0131l\u0131r:<\/p>\n<ul>\n<li><strong>Kesinlikle gerekli \u00e7erezler.<\/strong> Bu \u00e7erezler, ALJ Web sitesinin \u00e7al\u0131\u015fmas\u0131 i\u00e7in gereklidir<\/li>\n<li><strong>Analitik\/performans \u00e7erezleri. <\/strong>Bu \u00e7erezler, ALJ Web sitesi ziyaret\u00e7ilerinin tan\u0131nmas\u0131n\u0131 ve say\u0131lmas\u0131n\u0131 ve ayr\u0131ca ziyaret\u00e7ilerin ALJ Web sitesi i\u00e7erisinde nas\u0131l hareket etti\u011finin g\u00f6r\u00fclmesini sa\u011flar. Bu, \u00f6rne\u011fin kullan\u0131c\u0131lar\u0131n arad\u0131klar\u0131n\u0131 kolayca bulmas\u0131n\u0131 sa\u011flayarak, ALJ Web sitesinin \u00e7al\u0131\u015fma bi\u00e7imini iyile\u015ftirmemize yard\u0131mc\u0131 olur.<\/li>\n<li><strong>\u0130\u015flevsellik \u00e7erezleri.<\/strong> Bu \u00e7erezler, ALJ Web sitesini yeniden ziyaret etti\u011finizde sizi tan\u0131r. Bu, i\u00e7eri\u011fimizi sizin i\u00e7in ki\u015fiselle\u015ftirmemizi ve tercihlerinizi (\u00f6rne\u011fin, dil ve b\u00f6lge se\u00e7imlerinizi) hat\u0131rlamam\u0131z\u0131 sa\u011flar.<\/li>\n<\/ul>\n<p>A\u015fa\u011f\u0131daki tabloda, ALJ Web sitesinde kullan\u0131lan \u00e7erezler ve hangi ama\u00e7la kullan\u0131ld\u0131klar\u0131 hakk\u0131nda daha fazla bilgi bulabilirsiniz:<\/p>\n<table>\n<tbody>\n<tr>\n<th><span style=\"color: #333333;\">\u00c7erez Politikas\u0131 <\/span><\/th>\n<th><span style=\"color: #333333;\">Ad\u0131<\/span><\/th>\n<th><span style=\"color: #333333;\">Amac\u0131<\/span><\/th>\n<th><span style=\"color: #333333;\">Daha Fazla Bilgi<\/span><\/th>\n<\/tr>\n<tr>\n<td><span style=\"color: #333333;\">Kesinlikle gerekli<\/span><\/td>\n<td><span style=\"color: #333333;\">\u00a0<\/span><\/td>\n<td><span style=\"color: #333333;\">ALJ Web sitesi&#8217;nin \u00e7erez kullan\u0131m\u0131 mesaj\u0131n\u0131 g\u00f6rd\u00fc\u011f\u00fcn\u00fcz\u00fc Abdul Latif Jameel&#8217;e bildirmek i\u00e7in bir mesaj kaydeder.<\/span><\/td>\n<td><span style=\"color: #333333;\">1 aydan sonra s\u00fcresi dolar.<\/span><\/td>\n<\/tr>\n<tr>\n<td>Analitik<\/td>\n<td>Google Analytics<\/td>\n<td>Kullan\u0131c\u0131lar\u0131n ALJ Web sitesine nas\u0131l geldi\u011fini ve nas\u0131l kulland\u0131\u011f\u0131n\u0131 analiz etmeye yard\u0131mc\u0131 olur. Bu \u00e7erez, hedef kitle boyutunun ve kullan\u0131m kal\u0131plar\u0131n\u0131n tahmin edilmesini sa\u011flar ve arama motoru optimizasyonunu sa\u011flamak i\u00e7in bilgi sunar.<\/td>\n<td>Daha fazla bilgi almak i\u00e7in l\u00fctfen <a href=\"https:\/\/support.google.com\/analytics\/answer\/6004245\" target=\"_blank\" rel=\"noopener noreferrer\"> https:\/\/support.google.com\/analytics\/answer\/6004245. <\/a> <br \/>\nadresini ziyaret edin. Bu \u00e7erezin s\u00fcresi 365 g\u00fcn sonra dolar<\/td>\n<\/tr>\n<tr>\n<td>\u0130\u015flevsel<\/td>\n<td>Bas\u0131n Haberleri Kiti<\/td>\n<td>\u0130ndirme i\u015flevinin kullan\u0131labilmesi i\u00e7in oturum verilerinin kaydedilmesi.<\/td>\n<td>Bu \u00e7erezle hi\u00e7bir ki\u015fisel bilgi toplanmaz.<br \/>\nBu \u00e7erezin s\u00fcresi, tarama oturumunuzun sonunda dolar.<\/td>\n<\/tr>\n<tr>\n<td>\u0130\u015flevsel<\/td>\n<td>WPML<\/td>\n<td>Web sitesi dil tercihini saklar.<\/td>\n<td>Bu \u00e7erezle hi\u00e7bir ki\u015fisel bilgi toplanmaz.<br \/>\nBu \u00e7erezin s\u00fcresi 1 hafta sonra dolar.<\/td>\n<\/tr>\n<tr>\n<td>\u0130\u015flevsel<\/td>\n<td>\u00c7erez Politikas\u0131<\/td>\n<td>Kullan\u0131c\u0131 \u00e7erez politikas\u0131n\u0131 kabul etmi\u015fse saklar.<\/td>\n<td>Bu \u00e7erezle hi\u00e7bir ki\u015fisel bilgi toplanmaz.<br \/>\nBu \u00e7erezin ge\u00e7erlilik s\u00fcresi 365 g\u00fcnd\u00fcr.<\/td>\n<\/tr>\n<\/tbody>\n<\/table>\n<h2>\u00c7erezleri Kullanmamay\u0131 Se\u00e7ebilir miyim?<\/h2>\n<p>ALJ.com&#8217;a eri\u015fti\u011finizde, web sitesini kullan\u0131rken deneyiminizi iyile\u015ftirmek i\u00e7in bilgisayar\u0131n\u0131za kal\u0131c\u0131 olmayan \u00e7erezler yerle\u015ftirilir. Bu t\u00fcr kal\u0131c\u0131 olmayan \u00e7erezlerin bilgisayar\u0131n\u0131za yerle\u015ftirilmesini istemiyorsan\u0131z, ana sayfada \u00e7erez bildirimini g\u00f6rd\u00fc\u011f\u00fcn\u00fczde devam etmeyi kabul etmemeniz gerekir.<\/p>\n<h2>\u00c7erez Ayarlar\u0131m\u0131 Nas\u0131l De\u011fi\u015ftirebilirim?<\/h2>\n<p>\u00c7o\u011fu web taray\u0131c\u0131s\u0131, taray\u0131c\u0131 ayarlar\u0131 \u00fczerinden \u00e7o\u011fu \u00e7erezin bir \u00f6l\u00e7\u00fcde kontrol edilebilmesini sa\u011flar. Bilgisayar\u0131n\u0131zda \u00e7erezlerin kullan\u0131lmas\u0131na izin verme konusunda fikrinizi de\u011fi\u015ftirirseniz, taray\u0131c\u0131n\u0131zda t\u00fcm \u00e7erezlerin veya baz\u0131lar\u0131n\u0131n yerle\u015ftirilmesini reddetmenizi sa\u011flayan ayar\u0131 etkinle\u015ftirerek \u00e7erezleri engelleyebilirsiniz. Taray\u0131c\u0131 ayarlar\u0131n\u0131z\u0131 t\u00fcm \u00e7erezleri engelleyecek \u015fekilde kullan\u0131rsan\u0131z (gerekli \u00e7erezler dahil), ALJ Web sitesinin tamam\u0131n\u0131 veya bir k\u0131sm\u0131n\u0131 kullanamayabilirsiniz.<\/p>\n<p>Google Analytics taraf\u0131ndan izlenmeyi istemiyorsan\u0131z l\u00fctfen <a href=\"http:\/\/tools.google.com\/dlpage\/gaoptout\">http:\/\/tools.google.com\/dlpage\/gaoptout<\/a>.<\/p>\n<h2>\u00c7erezler Hakk\u0131nda Daha Fazla Bilgi<\/h2>\n<p>Hangi \u00e7erezlerin ayarland\u0131\u011f\u0131n\u0131 ve bunlar\u0131 nas\u0131l y\u00f6netece\u011finizi ve silece\u011finizi g\u00f6rmek de dahil olmak \u00fczere, \u00e7erezler hakk\u0131nda daha fazla bilgi edinmek isterseniz <a href=\"http:\/\/www.aboutcookies.org\" target=\"_blank\" rel=\"noopener noreferrer\">www.aboutcookies.org<\/a> or <a href=\"http:\/\/www.allaboutcookies.org\" target=\"_blank\" rel=\"noopener noreferrer\">www.allaboutcookies.org.<\/a><\/p>\n<p>Date of policy: February 24, 2015<\/p>\n","protected":false},"excerpt":{"rendered":"<p>Bu \u00c7erezlerin Kullan\u0131m\u0131 Politikas\u0131, adresindeki Abdul Latif Jameel web sitesinin \u201cALJ Web sitesi\u201d \u00e7erez kullan\u0131m\u0131 hakk\u0131nda bilgi vermektedir. \u00c7erez Nedir? \u00c7erez, harflerden ve rakamlardan olu\u015fan, kabul etmeniz halinde ziyaret etti\u011finiz web siteleri taraf\u0131ndan taray\u0131c\u0131n\u0131za veya bilgisayar\u0131n\u0131z\u0131n sabit diskine yerle\u015ftirilen ve burada saklanan k\u00fc\u00e7\u00fck bir metin belgesidir. \u00c7erezler, bilgisayar\u0131n\u0131z\u0131n sabit diskine aktar\u0131lan bilgiler i\u00e7erir. \u00c7erezler, kimli\u011finizi [&hellip;]<\/p>\n","protected":false},"author":14,"featured_media":0,"parent":0,"menu_order":72,"comment_status":"closed","ping_status":"closed","template":"page-templates\/static_page.php","meta":{"footnotes":""},"categories":[],"acf":[],"yoast_head":"<!-- This site is optimized with the Yoast SEO plugin v21.5 - https:\/\/yoast.com\/wordpress\/plugins\/seo\/ -->\n<title>\u00c7erez Politikas\u0131 | Abdul Latif Jameel\u00ae<\/title>\n<meta name=\"description\" content=\"L\u00fctfen, bu web sitesi taraf\u0131ndan \u00e7erezlerin kullan\u0131m\u0131 hakk\u0131nda bilgi sa\u011flayan \u00c7erez Politikas\u0131&#039;n\u0131 okuyun.\" \/>\n<meta name=\"robots\" content=\"index, follow, max-snippet:-1, max-image-preview:large, max-video-preview:-1\" \/>\n<link rel=\"canonical\" href=\"https:\/\/alj.com\/tr\/cookie-policy\/\" \/>\n<meta property=\"og:locale\" content=\"tr_TR\" \/>\n<meta property=\"og:type\" content=\"article\" \/>\n<meta property=\"og:title\" content=\"\u00c7erez Politikas\u0131 | Abdul Latif Jameel\u00ae\" \/>\n<meta property=\"og:description\" content=\"L\u00fctfen, bu web sitesi taraf\u0131ndan \u00e7erezlerin kullan\u0131m\u0131 hakk\u0131nda bilgi sa\u011flayan \u00c7erez Politikas\u0131&#039;n\u0131 okuyun.\" \/>\n<meta property=\"og:url\" content=\"https:\/\/alj.com\/tr\/cookie-policy\/\" \/>\n<meta property=\"og:site_name\" content=\"Abdul Latif Jameel\" \/>\n<meta property=\"article:publisher\" content=\"https:\/\/www.facebook.com\/Abdul.Latif.Jameel.Official\" \/>\n<meta property=\"article:modified_time\" content=\"2022-07-04T07:59:55+00:00\" \/>\n<meta property=\"og:image\" content=\"https:\/\/media.alj.com\/app\/uploads\/2016\/10\/alj-our-presence-in-menat-and-beyond.jpg\" \/>\n\t<meta property=\"og:image:width\" content=\"1294\" \/>\n\t<meta property=\"og:image:height\" content=\"600\" \/>\n\t<meta property=\"og:image:type\" content=\"image\/jpeg\" \/>\n<meta name=\"twitter:card\" content=\"summary_large_image\" \/>\n<meta name=\"twitter:label1\" content=\"Est. reading time\" \/>\n\t<meta name=\"twitter:data1\" content=\"4 minutes\" \/>\n<script type=\"application\/ld+json\" class=\"yoast-schema-graph\">{\"@context\":\"https:\/\/schema.org\",\"@graph\":[{\"@type\":\"WebPage\",\"@id\":\"https:\/\/alj.com\/tr\/cookie-policy\/\",\"url\":\"https:\/\/alj.com\/tr\/cookie-policy\/\",\"name\":\"\u00c7erez Politikas\u0131 | Abdul Latif Jameel\u00ae\",\"isPartOf\":{\"@id\":\"https:\/\/alj.com\/en\/#website\"},\"datePublished\":\"2017-04-22T19:46:28+00:00\",\"dateModified\":\"2022-07-04T07:59:55+00:00\",\"description\":\"L\u00fctfen, bu web sitesi taraf\u0131ndan \u00e7erezlerin kullan\u0131m\u0131 hakk\u0131nda bilgi sa\u011flayan \u00c7erez Politikas\u0131'n\u0131 okuyun.\",\"breadcrumb\":{\"@id\":\"https:\/\/alj.com\/tr\/cookie-policy\/#breadcrumb\"},\"inLanguage\":\"tr\",\"potentialAction\":[{\"@type\":\"ReadAction\",\"target\":[\"https:\/\/alj.com\/tr\/cookie-policy\/\"]}]},{\"@type\":\"BreadcrumbList\",\"@id\":\"https:\/\/alj.com\/tr\/cookie-policy\/#breadcrumb\",\"itemListElement\":[{\"@type\":\"ListItem\",\"position\":1,\"name\":\"Home\",\"item\":\"https:\/\/alj.com\/tr\/\"},{\"@type\":\"ListItem\",\"position\":2,\"name\":\"\u00c7erez Politikas\u0131\"}]},{\"@type\":\"WebSite\",\"@id\":\"https:\/\/alj.com\/en\/#website\",\"url\":\"https:\/\/alj.com\/en\/\",\"name\":\"Abdul Latif Jameel\",\"description\":\"Abdul Latif Jameel\",\"potentialAction\":[{\"@type\":\"SearchAction\",\"target\":{\"@type\":\"EntryPoint\",\"urlTemplate\":\"https:\/\/alj.com\/en\/?s={search_term_string}\"},\"query-input\":\"required name=search_term_string\"}],\"inLanguage\":\"tr\"}]}<\/script>\n<!-- \/ Yoast SEO plugin. -->","yoast_head_json":{"title":"\u00c7erez Politikas\u0131 | Abdul Latif Jameel\u00ae","description":"L\u00fctfen, bu web sitesi taraf\u0131ndan \u00e7erezlerin kullan\u0131m\u0131 hakk\u0131nda bilgi sa\u011flayan \u00c7erez Politikas\u0131'n\u0131 okuyun.","robots":{"index":"index","follow":"follow","max-snippet":"max-snippet:-1","max-image-preview":"max-image-preview:large","max-video-preview":"max-video-preview:-1"},"canonical":"https:\/\/alj.com\/tr\/cookie-policy\/","og_locale":"tr_TR","og_type":"article","og_title":"\u00c7erez Politikas\u0131 | Abdul Latif Jameel\u00ae","og_description":"L\u00fctfen, bu web sitesi taraf\u0131ndan \u00e7erezlerin kullan\u0131m\u0131 hakk\u0131nda bilgi sa\u011flayan \u00c7erez Politikas\u0131'n\u0131 okuyun.","og_url":"https:\/\/alj.com\/tr\/cookie-policy\/","og_site_name":"Abdul Latif Jameel","article_publisher":"https:\/\/www.facebook.com\/Abdul.Latif.Jameel.Official","article_modified_time":"2022-07-04T07:59:55+00:00","og_image":[{"width":1294,"height":600,"url":"https:\/\/media.alj.com\/app\/uploads\/2016\/10\/alj-our-presence-in-menat-and-beyond.jpg","type":"image\/jpeg"}],"twitter_card":"summary_large_image","twitter_misc":{"Est. reading time":"4 minutes"},"schema":{"@context":"https:\/\/schema.org","@graph":[{"@type":"WebPage","@id":"https:\/\/alj.com\/tr\/cookie-policy\/","url":"https:\/\/alj.com\/tr\/cookie-policy\/","name":"\u00c7erez Politikas\u0131 | Abdul Latif Jameel\u00ae","isPartOf":{"@id":"https:\/\/alj.com\/en\/#website"},"datePublished":"2017-04-22T19:46:28+00:00","dateModified":"2022-07-04T07:59:55+00:00","description":"L\u00fctfen, bu web sitesi taraf\u0131ndan \u00e7erezlerin kullan\u0131m\u0131 hakk\u0131nda bilgi sa\u011flayan \u00c7erez Politikas\u0131'n\u0131 okuyun.","breadcrumb":{"@id":"https:\/\/alj.com\/tr\/cookie-policy\/#breadcrumb"},"inLanguage":"tr","potentialAction":[{"@type":"ReadAction","target":["https:\/\/alj.com\/tr\/cookie-policy\/"]}]},{"@type":"BreadcrumbList","@id":"https:\/\/alj.com\/tr\/cookie-policy\/#breadcrumb","itemListElement":[{"@type":"ListItem","position":1,"name":"Home","item":"https:\/\/alj.com\/tr\/"},{"@type":"ListItem","position":2,"name":"\u00c7erez Politikas\u0131"}]},{"@type":"WebSite","@id":"https:\/\/alj.com\/en\/#website","url":"https:\/\/alj.com\/en\/","name":"Abdul Latif Jameel","description":"Abdul Latif Jameel","potentialAction":[{"@type":"SearchAction","target":{"@type":"EntryPoint","urlTemplate":"https:\/\/alj.com\/en\/?s={search_term_string}"},"query-input":"required name=search_term_string"}],"inLanguage":"tr"}]}},"_links":{"self":[{"href":"https:\/\/alj.com\/tr\/wp-json\/wp\/v2\/pages\/7249"}],"collection":[{"href":"https:\/\/alj.com\/tr\/wp-json\/wp\/v2\/pages"}],"about":[{"href":"https:\/\/alj.com\/tr\/wp-json\/wp\/v2\/types\/page"}],"author":[{"embeddable":true,"href":"https:\/\/alj.com\/tr\/wp-json\/wp\/v2\/users\/14"}],"replies":[{"embeddable":true,"href":"https:\/\/alj.com\/tr\/wp-json\/wp\/v2\/comments?post=7249"}],"version-history":[{"count":0,"href":"https:\/\/alj.com\/tr\/wp-json\/wp\/v2\/pages\/7249\/revisions"}],"wp:attachment":[{"href":"https:\/\/alj.com\/tr\/wp-json\/wp\/v2\/media?parent=7249"}],"wp:term":[{"taxonomy":"category","embeddable":true,"href":"https:\/\/alj.com\/tr\/wp-json\/wp\/v2\/categories?post=7249"}],"curies":[{"name":"wp","href":"https:\/\/api.w.org\/{rel}","templated":true}]}}