{"id":7252,"date":"2017-04-22T19:48:18","date_gmt":"2017-04-22T19:48:18","guid":{"rendered":"http:\/\/alj.corp.staging.omniaconnect.net\/tr\/?page_id=7252"},"modified":"2024-08-19T14:51:01","modified_gmt":"2024-08-19T14:51:01","slug":"copyright-notice-and-disclaimer","status":"publish","type":"page","link":"https:\/\/alj.com\/tr\/copyright-notice-and-disclaimer\/","title":{"rendered":"Telif Hakk\u0131 ve Sorumluluk Reddi Beyan\u0131"},"content":{"rendered":"<p>\u00a9 Abdul Latif Jameel. T\u00fcm fikri ve di\u011fer m\u00fclkiyet haklar\u0131 tamamen sakl\u0131d\u0131r.<\/p>\n<p>Abdul Latif Jameel \u00fcnvan\u0131, Abdul Latif Jameel logosundaki ad ve be\u015fgen \u015feklindeki g\u00f6rsel; Abdul Latif Jameel IPR Company Limited \u015firketinin ticari markalar\u0131 veya tescilli ticari markalar\u0131d\u0131r.<\/p>\n<p>\u201cAbdul Latif Jameel\u201d ad\u0131 birka\u00e7 farkl\u0131, ayr\u0131 ve ba\u011f\u0131ms\u0131z t\u00fczel ki\u015fili\u011fi belirten genel bir add\u0131r. Abdul Latif Jameel\u2019in kendisi, bir ana \u015firkete ba\u011fl\u0131 olarak y\u00f6netilen bir t\u00fczel ki\u015filik, dernek veya holding de\u011fildir ve bu ad, yaln\u0131zca toplu olarak \u201cAbdul Latif Jameel\u201d markas\u0131 alt\u0131nda ifade edilen farkl\u0131 ve tamamen ayr\u0131 t\u00fczel ki\u015filiklerden olu\u015fan bir a\u011f i\u00e7in kullan\u0131lmaktad\u0131r. Abdul Latif Jameel, 2006 tarihli Birle\u015fik Krall\u0131k \u015eirketler Yasas\u0131, Madde 1161(5) veya 1964 tarihli ABD Clayton Yasas\u0131, Madde 7 kapsam\u0131nda tan\u0131mland\u0131\u011f\u0131 gibi bir \u201c\u015firketler grubu\u201d de\u011fildir.<\/p>\n<p><strong>\u0130leriye D\u00f6n\u00fck Beyanlar:<\/strong><\/p>\n<p>Bu web sitesi ileriye d\u00f6n\u00fck ifadeler i\u00e7erebilir. \u0130leriye d\u00f6n\u00fck ifadeler, gelecekteki sonu\u00e7lar, olaylar, faaliyetler, geli\u015fmeler veya ko\u015fullar veya Abdul Latif Jameel kurulu\u015flar\u0131n\u0131n veya bunlar\u0131n y\u00f6netimlerinin inan\u00e7, plan veya beklentileri gibi tarihsel ger\u00e7eklerden ba\u015fka hususlarla ilgili ifadelerdir.<\/p>\n<p>\u0130leriye d\u00f6n\u00fck ifadeler genellikle \u201cbeklemek\u201d, \u201cprojelendirmek\u201d, \u201c\u00f6ng\u00f6rmek\u201d, \u201cplanlamak\u201d, \u201ctahmin etmek\u201d, \u201cinanmak\u201d, \u201cniyetinde olmak\u201d, \u201cpotansiyel\u201d, \u201colas\u0131\u201d, \u201cmuhtemel\u201d, \u201cb\u00fcy\u00fck olas\u0131l\u0131kla\u201d, \u201c\u00f6ng\u00f6r\u00fc\u201d, \u201crehberlik\u201d, \u201cbak\u0131\u015f a\u00e7\u0131s\u0131\u201d, \u201cama\u00e7\u201d, \u201chedef\u201d, \u201colabilir\u201d, \u201colacakt\u0131r\u201d, \u201colmal\u0131d\u0131r\u201d, \u201colma potansiyeline sahiptir\u201d veya benzeri terim ya da ifadelerin kullan\u0131m\u0131ndan ay\u0131rt edilebilir. Ancak bu kelimelerin kullan\u0131lmamas\u0131, s\u00f6z konusu ifadenin ileriye d\u00f6n\u00fck olmad\u0131\u011f\u0131 anlam\u0131na gelmez.<\/p>\n<p>\u0130leriye d\u00f6n\u00fck ifadeler, ifadede bulunulan tarihteki beklenti ve varsay\u0131mlara dayan\u0131r ve b\u00fcy\u00fck k\u0131sm\u0131 Abdul Latif Jameel kurulu\u015flar\u0131n\u0131n kontrol\u00fc d\u0131\u015f\u0131nda olan say\u0131s\u0131z risk ve belirsizli\u011fe tabidir. Bu t\u00fcr beklenti veya varsay\u0131mlar\u0131n bo\u015fa \u00e7\u0131kmas\u0131 ya da hatal\u0131 \u00e7\u0131kmas\u0131 yahut bu risk veya belirsizliklerden herhangi birinin ger\u00e7ekle\u015fmesi durumunda gelecekteki fiili sonu\u00e7lar, olaylar, faaliyetler, geli\u015fmeler veya ko\u015fullar; ileriye d\u00f6n\u00fck ifadelerde belirtilen veya ima edilenlerden \u00f6nemli \u00f6l\u00e7\u00fcde farkl\u0131 olabilir. Ayr\u0131ca, ileriye d\u00f6n\u00fck herhangi bir ifade, yaln\u0131zca ifade edildi\u011fi tarih itibar\u0131yla ge\u00e7erlidir ve Abdul Latif Jameel yeni bilgilerin, gelecek olaylar\u0131n veya ba\u015fka t\u00fcrl\u00fc durumlar\u0131n sonucunda ileriye d\u00f6n\u00fck herhangi bir ifadeyi d\u00fczeltme veya g\u00fcncelleme y\u00fck\u00fcml\u00fcl\u00fc\u011f\u00fcn\u00fc \u00fcstlenmez ve i\u015fbu beyanla reddeder.<\/p>\n<p>Abdul Latif Jameel veya ad\u0131na hareket eden herhangi bir ki\u015fi taraf\u0131ndan yaz\u0131l\u0131, s\u00f6zl\u00fc veya elektronik olarak iletilen t\u00fcm ileriye d\u00f6n\u00fck ifadeler, b\u00fct\u00fcn\u00fcyle yukar\u0131da verilen ihtiyati beyanlar\u0131n kapsam\u0131ndad\u0131r.<\/p>\n<p><strong>Teklif veya Sat\u0131\u015f Niteli\u011fi Ta\u015f\u0131mama:<\/strong><\/p>\n<p>Bu web sitesi veya di\u011fer ileti\u015fim materyalleri, herhangi bir menkul k\u0131ymetle ya da potansiyel i\u015flemle ilgili bir vekaletname olmay\u0131p vekalet, onay veya yetkilendirme talebi niteli\u011finde de\u011fildir ve herhangi bir menkul k\u0131ymeti satma teklifi veya sat\u0131n alma talebi te\u015fkil etmez; ayr\u0131ca herhangi bir menkul k\u0131ymetin teklifi, talebi veya sat\u0131\u015f\u0131, bu t\u00fcr bir teklif, talep veya sat\u0131\u015f\u0131n s\u00f6z konusu yarg\u0131 b\u00f6lgesinin menkul k\u0131ymetler yasalar\u0131na g\u00f6re kay\u0131ttan ge\u00e7irilmesi veya uygun bulunmas\u0131 gerekmeksizin yasal olmad\u0131\u011f\u0131 herhangi bir yarg\u0131 b\u00f6lgesinde ger\u00e7ekle\u015ftirilemez. Menkul K\u0131ymetler Yasas\u0131\u2019n\u0131n 10. Paragraf\u0131ndaki gereklilikleri kar\u015f\u0131layan bir izahname arac\u0131l\u0131\u011f\u0131yla yap\u0131lmas\u0131 veya bu gerekliliklerden muaf olunmas\u0131 durumlar\u0131 d\u0131\u015f\u0131nda hi\u00e7bir menkul k\u0131ymet teklifi yap\u0131lamaz.<\/p>\n","protected":false},"excerpt":{"rendered":"<p>\u00a9 Abdul Latif Jameel. T\u00fcm fikri ve di\u011fer m\u00fclkiyet haklar\u0131 tamamen sakl\u0131d\u0131r. Abdul Latif Jameel \u00fcnvan\u0131, Abdul Latif Jameel logosundaki ad ve be\u015fgen \u015feklindeki g\u00f6rsel; Abdul Latif Jameel IPR Company Limited \u015firketinin ticari markalar\u0131 veya tescilli ticari markalar\u0131d\u0131r. \u201cAbdul Latif Jameel\u201d ad\u0131 birka\u00e7 farkl\u0131, ayr\u0131 ve ba\u011f\u0131ms\u0131z t\u00fczel ki\u015fili\u011fi belirten genel bir add\u0131r. Abdul Latif [&hellip;]<\/p>\n","protected":false},"author":14,"featured_media":0,"parent":0,"menu_order":74,"comment_status":"closed","ping_status":"closed","template":"page-templates\/static_page.php","meta":{"footnotes":""},"categories":[],"acf":[],"yoast_head":"<!-- This site is optimized with the Yoast SEO plugin v21.5 - https:\/\/yoast.com\/wordpress\/plugins\/seo\/ -->\n<title>Telif Hakk\u0131 Uyar\u0131s\u0131 ve Sorumluluk Reddi | Abdul Latif Jameel\u00ae<\/title>\n<meta name=\"description\" content=\"ALJ web sitesindeki t\u00fcm haklar tamamen mahfuzdur. Bu siteyi kullanma izni kesinlikle Kullan\u0131m Ko\u015fullar\u0131na tabidir. Daha fazlas\u0131n\u0131 \u00f6\u011frenmek i\u00e7in t\u0131klay\u0131n.\" \/>\n<meta name=\"robots\" content=\"index, follow, max-snippet:-1, max-image-preview:large, max-video-preview:-1\" \/>\n<link rel=\"canonical\" href=\"https:\/\/alj.com\/tr\/copyright-notice-and-disclaimer\/\" \/>\n<meta property=\"og:locale\" content=\"tr_TR\" \/>\n<meta property=\"og:type\" content=\"article\" \/>\n<meta property=\"og:title\" content=\"Telif Hakk\u0131 Uyar\u0131s\u0131 ve Sorumluluk Reddi | Abdul Latif Jameel\u00ae\" \/>\n<meta property=\"og:description\" content=\"ALJ web sitesindeki t\u00fcm haklar tamamen mahfuzdur. Bu siteyi kullanma izni kesinlikle Kullan\u0131m Ko\u015fullar\u0131na tabidir. Daha fazlas\u0131n\u0131 \u00f6\u011frenmek i\u00e7in t\u0131klay\u0131n.\" \/>\n<meta property=\"og:url\" content=\"https:\/\/alj.com\/tr\/copyright-notice-and-disclaimer\/\" \/>\n<meta property=\"og:site_name\" content=\"Abdul Latif Jameel\" \/>\n<meta property=\"article:publisher\" content=\"https:\/\/www.facebook.com\/Abdul.Latif.Jameel.Official\" \/>\n<meta property=\"article:modified_time\" content=\"2024-08-19T14:51:01+00:00\" \/>\n<meta property=\"og:image\" content=\"https:\/\/media.alj.com\/app\/uploads\/2016\/10\/alj-our-presence-in-menat-and-beyond.jpg\" \/>\n\t<meta property=\"og:image:width\" content=\"1294\" \/>\n\t<meta property=\"og:image:height\" content=\"600\" \/>\n\t<meta property=\"og:image:type\" content=\"image\/jpeg\" \/>\n<meta name=\"twitter:card\" content=\"summary_large_image\" \/>\n<meta name=\"twitter:label1\" content=\"Est. reading time\" \/>\n\t<meta name=\"twitter:data1\" content=\"3 minutes\" \/>\n<script type=\"application\/ld+json\" class=\"yoast-schema-graph\">{\"@context\":\"https:\/\/schema.org\",\"@graph\":[{\"@type\":\"WebPage\",\"@id\":\"https:\/\/alj.com\/tr\/copyright-notice-and-disclaimer\/\",\"url\":\"https:\/\/alj.com\/tr\/copyright-notice-and-disclaimer\/\",\"name\":\"Telif Hakk\u0131 Uyar\u0131s\u0131 ve Sorumluluk Reddi | Abdul Latif Jameel\u00ae\",\"isPartOf\":{\"@id\":\"https:\/\/alj.com\/en\/#website\"},\"datePublished\":\"2017-04-22T19:48:18+00:00\",\"dateModified\":\"2024-08-19T14:51:01+00:00\",\"description\":\"ALJ web sitesindeki t\u00fcm haklar tamamen mahfuzdur. Bu siteyi kullanma izni kesinlikle Kullan\u0131m Ko\u015fullar\u0131na tabidir. Daha fazlas\u0131n\u0131 \u00f6\u011frenmek i\u00e7in t\u0131klay\u0131n.\",\"breadcrumb\":{\"@id\":\"https:\/\/alj.com\/tr\/copyright-notice-and-disclaimer\/#breadcrumb\"},\"inLanguage\":\"tr\",\"potentialAction\":[{\"@type\":\"ReadAction\",\"target\":[\"https:\/\/alj.com\/tr\/copyright-notice-and-disclaimer\/\"]}]},{\"@type\":\"BreadcrumbList\",\"@id\":\"https:\/\/alj.com\/tr\/copyright-notice-and-disclaimer\/#breadcrumb\",\"itemListElement\":[{\"@type\":\"ListItem\",\"position\":1,\"name\":\"Home\",\"item\":\"https:\/\/alj.com\/tr\/\"},{\"@type\":\"ListItem\",\"position\":2,\"name\":\"Telif Hakk\u0131 ve Sorumluluk Reddi Beyan\u0131\"}]},{\"@type\":\"WebSite\",\"@id\":\"https:\/\/alj.com\/en\/#website\",\"url\":\"https:\/\/alj.com\/en\/\",\"name\":\"Abdul Latif Jameel\",\"description\":\"Abdul Latif Jameel\",\"potentialAction\":[{\"@type\":\"SearchAction\",\"target\":{\"@type\":\"EntryPoint\",\"urlTemplate\":\"https:\/\/alj.com\/en\/?s={search_term_string}\"},\"query-input\":\"required name=search_term_string\"}],\"inLanguage\":\"tr\"}]}<\/script>\n<!-- \/ Yoast SEO plugin. -->","yoast_head_json":{"title":"Telif Hakk\u0131 Uyar\u0131s\u0131 ve Sorumluluk Reddi | Abdul Latif Jameel\u00ae","description":"ALJ web sitesindeki t\u00fcm haklar tamamen mahfuzdur. Bu siteyi kullanma izni kesinlikle Kullan\u0131m Ko\u015fullar\u0131na tabidir. Daha fazlas\u0131n\u0131 \u00f6\u011frenmek i\u00e7in t\u0131klay\u0131n.","robots":{"index":"index","follow":"follow","max-snippet":"max-snippet:-1","max-image-preview":"max-image-preview:large","max-video-preview":"max-video-preview:-1"},"canonical":"https:\/\/alj.com\/tr\/copyright-notice-and-disclaimer\/","og_locale":"tr_TR","og_type":"article","og_title":"Telif Hakk\u0131 Uyar\u0131s\u0131 ve Sorumluluk Reddi | Abdul Latif Jameel\u00ae","og_description":"ALJ web sitesindeki t\u00fcm haklar tamamen mahfuzdur. Bu siteyi kullanma izni kesinlikle Kullan\u0131m Ko\u015fullar\u0131na tabidir. Daha fazlas\u0131n\u0131 \u00f6\u011frenmek i\u00e7in t\u0131klay\u0131n.","og_url":"https:\/\/alj.com\/tr\/copyright-notice-and-disclaimer\/","og_site_name":"Abdul Latif Jameel","article_publisher":"https:\/\/www.facebook.com\/Abdul.Latif.Jameel.Official","article_modified_time":"2024-08-19T14:51:01+00:00","og_image":[{"width":1294,"height":600,"url":"https:\/\/media.alj.com\/app\/uploads\/2016\/10\/alj-our-presence-in-menat-and-beyond.jpg","type":"image\/jpeg"}],"twitter_card":"summary_large_image","twitter_misc":{"Est. reading time":"3 minutes"},"schema":{"@context":"https:\/\/schema.org","@graph":[{"@type":"WebPage","@id":"https:\/\/alj.com\/tr\/copyright-notice-and-disclaimer\/","url":"https:\/\/alj.com\/tr\/copyright-notice-and-disclaimer\/","name":"Telif Hakk\u0131 Uyar\u0131s\u0131 ve Sorumluluk Reddi | Abdul Latif Jameel\u00ae","isPartOf":{"@id":"https:\/\/alj.com\/en\/#website"},"datePublished":"2017-04-22T19:48:18+00:00","dateModified":"2024-08-19T14:51:01+00:00","description":"ALJ web sitesindeki t\u00fcm haklar tamamen mahfuzdur. Bu siteyi kullanma izni kesinlikle Kullan\u0131m Ko\u015fullar\u0131na tabidir. Daha fazlas\u0131n\u0131 \u00f6\u011frenmek i\u00e7in t\u0131klay\u0131n.","breadcrumb":{"@id":"https:\/\/alj.com\/tr\/copyright-notice-and-disclaimer\/#breadcrumb"},"inLanguage":"tr","potentialAction":[{"@type":"ReadAction","target":["https:\/\/alj.com\/tr\/copyright-notice-and-disclaimer\/"]}]},{"@type":"BreadcrumbList","@id":"https:\/\/alj.com\/tr\/copyright-notice-and-disclaimer\/#breadcrumb","itemListElement":[{"@type":"ListItem","position":1,"name":"Home","item":"https:\/\/alj.com\/tr\/"},{"@type":"ListItem","position":2,"name":"Telif Hakk\u0131 ve Sorumluluk Reddi Beyan\u0131"}]},{"@type":"WebSite","@id":"https:\/\/alj.com\/en\/#website","url":"https:\/\/alj.com\/en\/","name":"Abdul Latif Jameel","description":"Abdul Latif Jameel","potentialAction":[{"@type":"SearchAction","target":{"@type":"EntryPoint","urlTemplate":"https:\/\/alj.com\/en\/?s={search_term_string}"},"query-input":"required name=search_term_string"}],"inLanguage":"tr"}]}},"_links":{"self":[{"href":"https:\/\/alj.com\/tr\/wp-json\/wp\/v2\/pages\/7252"}],"collection":[{"href":"https:\/\/alj.com\/tr\/wp-json\/wp\/v2\/pages"}],"about":[{"href":"https:\/\/alj.com\/tr\/wp-json\/wp\/v2\/types\/page"}],"author":[{"embeddable":true,"href":"https:\/\/alj.com\/tr\/wp-json\/wp\/v2\/users\/14"}],"replies":[{"embeddable":true,"href":"https:\/\/alj.com\/tr\/wp-json\/wp\/v2\/comments?post=7252"}],"version-history":[{"count":0,"href":"https:\/\/alj.com\/tr\/wp-json\/wp\/v2\/pages\/7252\/revisions"}],"wp:attachment":[{"href":"https:\/\/alj.com\/tr\/wp-json\/wp\/v2\/media?parent=7252"}],"wp:term":[{"taxonomy":"category","embeddable":true,"href":"https:\/\/alj.com\/tr\/wp-json\/wp\/v2\/categories?post=7252"}],"curies":[{"name":"wp","href":"https:\/\/api.w.org\/{rel}","templated":true}]}}