{"id":77291,"date":"2016-10-05T12:25:32","date_gmt":"2016-10-05T12:25:32","guid":{"rendered":"https:\/\/www.alj.com\/health-overview\/"},"modified":"2023-08-07T08:27:32","modified_gmt":"2023-08-07T08:27:32","slug":"health-overview","status":"publish","type":"page","link":"https:\/\/alj.com\/tr\/health-overview\/","title":{"rendered":"Sa\u011fl\u0131k"},"content":{"rendered":"<h2>Modern T\u0131bbi Bak\u0131ma Eri\u015fimi H\u0131zland\u0131rma<\/h2>\n<h4>Gezegenimizin kar\u015f\u0131la\u015ft\u0131\u011f\u0131 en acil sa\u011fl\u0131k sorunlar\u0131n\u0131n \u00fcstesinden gelmek en b\u00fcy\u00fck \u00f6nceliklerimizden biridir.<\/h4>\n<p>Sa\u011fl\u0131k hizmetini herkes i\u00e7in d\u00f6n\u00fc\u015f\u00fcme u\u011fratmak amac\u0131yla teknolojilerin g\u00fcc\u00fcnden faydalanma konusunda k\u00f6kl\u00fc bir hay\u0131rseverlik miras\u0131na sahibiz. Ve bug\u00fcn, d\u00fcnya genelinde hassas durumdaki insanlar\u0131n sa\u011fl\u0131\u011f\u0131n\u0131 ve refah\u0131n\u0131 iyile\u015ftirmeye y\u00f6nelik bu ba\u011fl\u0131l\u0131\u011f\u0131 geni\u015fletmeye devam ediyoruz.<\/p>\n<p><a href=\"https:\/\/aljhealth.com\/\">Abdul Latif Jameel Health<\/a>&#8216;i yaratmakla, modern t\u0131bbi bak\u0131ma eri\u015fimi h\u0131zland\u0131rmaya odaklan\u0131rken, d\u00fcnya genelinde geli\u015fmekte olan pazarlarda kar\u015f\u0131lanmam\u0131\u015f t\u0131bbi ihtiya\u00e7lar\u0131 da ele alaca\u011f\u0131z.<\/p>\n","protected":false},"excerpt":{"rendered":"<p>Modern T\u0131bbi Bak\u0131ma Eri\u015fimi H\u0131zland\u0131rma Gezegenimizin kar\u015f\u0131la\u015ft\u0131\u011f\u0131 en acil sa\u011fl\u0131k sorunlar\u0131n\u0131n \u00fcstesinden gelmek en b\u00fcy\u00fck \u00f6nceliklerimizden biridir. Sa\u011fl\u0131k hizmetini herkes i\u00e7in d\u00f6n\u00fc\u015f\u00fcme u\u011fratmak amac\u0131yla teknolojilerin g\u00fcc\u00fcnden faydalanma konusunda k\u00f6kl\u00fc bir hay\u0131rseverlik miras\u0131na sahibiz. Ve bug\u00fcn, d\u00fcnya genelinde hassas durumdaki insanlar\u0131n sa\u011fl\u0131\u011f\u0131n\u0131 ve refah\u0131n\u0131 iyile\u015ftirmeye y\u00f6nelik bu ba\u011fl\u0131l\u0131\u011f\u0131 geni\u015fletmeye devam ediyoruz. Abdul Latif Jameel Health&#8216;i yaratmakla, [&hellip;]<\/p>\n","protected":false},"author":14,"featured_media":27701,"parent":0,"menu_order":0,"comment_status":"closed","ping_status":"closed","template":"page-templates\/businesses-one-page.php","meta":{"footnotes":""},"categories":[26],"acf":[],"yoast_head":"<!-- This site is optimized with the Yoast SEO plugin v21.5 - https:\/\/yoast.com\/wordpress\/plugins\/seo\/ -->\n<title>Modern Sa\u011fl\u0131k Hizmetlerine Eri\u015fimi H\u0131zland\u0131rma | Abdul Latif Jameel\u00ae<\/title>\n<meta name=\"description\" content=\"Jameel Toplulu\u011fu, sa\u011fl\u0131k hizmetlerinde d\u00f6n\u00fc\u015f\u00fcm\u00fc ger\u00e7ekle\u015ftirmek i\u00e7in teknolojinin g\u00fcc\u00fcnden yararlanarak d\u00fcnya \u00e7ap\u0131nda savunmas\u0131z insanlar\u0131n sa\u011fl\u0131\u011f\u0131n\u0131 ve refah\u0131n\u0131 iyile\u015ftirmeye devam ediyor.\" \/>\n<meta name=\"robots\" content=\"index, follow, max-snippet:-1, max-image-preview:large, max-video-preview:-1\" \/>\n<link rel=\"canonical\" href=\"https:\/\/alj.com\/tr\/health-overview\/\" \/>\n<meta property=\"og:locale\" content=\"tr_TR\" \/>\n<meta property=\"og:type\" content=\"article\" \/>\n<meta property=\"og:title\" content=\"Modern Sa\u011fl\u0131k Hizmetlerine Eri\u015fimi H\u0131zland\u0131rma | Abdul Latif Jameel\u00ae\" \/>\n<meta property=\"og:description\" content=\"Jameel Toplulu\u011fu, sa\u011fl\u0131k hizmetlerinde d\u00f6n\u00fc\u015f\u00fcm\u00fc ger\u00e7ekle\u015ftirmek i\u00e7in teknolojinin g\u00fcc\u00fcnden yararlanarak d\u00fcnya \u00e7ap\u0131nda savunmas\u0131z insanlar\u0131n sa\u011fl\u0131\u011f\u0131n\u0131 ve refah\u0131n\u0131 iyile\u015ftirmeye devam ediyor.\" \/>\n<meta property=\"og:url\" content=\"https:\/\/alj.com\/tr\/health-overview\/\" \/>\n<meta property=\"og:site_name\" content=\"Abdul Latif Jameel\" \/>\n<meta property=\"article:publisher\" content=\"https:\/\/www.facebook.com\/Abdul.Latif.Jameel.Official\" \/>\n<meta property=\"article:modified_time\" content=\"2023-08-07T08:27:32+00:00\" \/>\n<meta property=\"og:image\" content=\"https:\/\/media.alj.com\/app\/uploads\/2016\/10\/alj-our-presence-in-menat-and-beyond.jpg\" \/>\n\t<meta property=\"og:image:width\" content=\"1294\" \/>\n\t<meta property=\"og:image:height\" content=\"600\" \/>\n\t<meta property=\"og:image:type\" content=\"image\/jpeg\" \/>\n<meta name=\"twitter:card\" content=\"summary_large_image\" \/>\n<meta name=\"twitter:label1\" content=\"Est. reading time\" \/>\n\t<meta name=\"twitter:data1\" content=\"1 minute\" \/>\n<script type=\"application\/ld+json\" class=\"yoast-schema-graph\">{\"@context\":\"https:\/\/schema.org\",\"@graph\":[{\"@type\":\"WebPage\",\"@id\":\"https:\/\/alj.com\/tr\/health-overview\/\",\"url\":\"https:\/\/alj.com\/tr\/health-overview\/\",\"name\":\"Modern Sa\u011fl\u0131k Hizmetlerine Eri\u015fimi H\u0131zland\u0131rma | Abdul Latif Jameel\u00ae\",\"isPartOf\":{\"@id\":\"https:\/\/alj.com\/en\/#website\"},\"datePublished\":\"2016-10-05T12:25:32+00:00\",\"dateModified\":\"2023-08-07T08:27:32+00:00\",\"description\":\"Jameel Toplulu\u011fu, sa\u011fl\u0131k hizmetlerinde d\u00f6n\u00fc\u015f\u00fcm\u00fc ger\u00e7ekle\u015ftirmek i\u00e7in teknolojinin g\u00fcc\u00fcnden yararlanarak d\u00fcnya \u00e7ap\u0131nda savunmas\u0131z insanlar\u0131n sa\u011fl\u0131\u011f\u0131n\u0131 ve refah\u0131n\u0131 iyile\u015ftirmeye devam ediyor.\",\"breadcrumb\":{\"@id\":\"https:\/\/alj.com\/tr\/health-overview\/#breadcrumb\"},\"inLanguage\":\"tr\",\"potentialAction\":[{\"@type\":\"ReadAction\",\"target\":[\"https:\/\/alj.com\/tr\/health-overview\/\"]}]},{\"@type\":\"BreadcrumbList\",\"@id\":\"https:\/\/alj.com\/tr\/health-overview\/#breadcrumb\",\"itemListElement\":[{\"@type\":\"ListItem\",\"position\":1,\"name\":\"Home\",\"item\":\"https:\/\/alj.com\/tr\/\"},{\"@type\":\"ListItem\",\"position\":2,\"name\":\"Sa\u011fl\u0131k\"}]},{\"@type\":\"WebSite\",\"@id\":\"https:\/\/alj.com\/en\/#website\",\"url\":\"https:\/\/alj.com\/en\/\",\"name\":\"Abdul Latif Jameel\",\"description\":\"Abdul Latif Jameel\",\"potentialAction\":[{\"@type\":\"SearchAction\",\"target\":{\"@type\":\"EntryPoint\",\"urlTemplate\":\"https:\/\/alj.com\/en\/?s={search_term_string}\"},\"query-input\":\"required name=search_term_string\"}],\"inLanguage\":\"tr\"}]}<\/script>\n<!-- \/ Yoast SEO plugin. -->","yoast_head_json":{"title":"Modern Sa\u011fl\u0131k Hizmetlerine Eri\u015fimi H\u0131zland\u0131rma | Abdul Latif Jameel\u00ae","description":"Jameel Toplulu\u011fu, sa\u011fl\u0131k hizmetlerinde d\u00f6n\u00fc\u015f\u00fcm\u00fc ger\u00e7ekle\u015ftirmek i\u00e7in teknolojinin g\u00fcc\u00fcnden yararlanarak d\u00fcnya \u00e7ap\u0131nda savunmas\u0131z insanlar\u0131n sa\u011fl\u0131\u011f\u0131n\u0131 ve refah\u0131n\u0131 iyile\u015ftirmeye devam ediyor.","robots":{"index":"index","follow":"follow","max-snippet":"max-snippet:-1","max-image-preview":"max-image-preview:large","max-video-preview":"max-video-preview:-1"},"canonical":"https:\/\/alj.com\/tr\/health-overview\/","og_locale":"tr_TR","og_type":"article","og_title":"Modern Sa\u011fl\u0131k Hizmetlerine Eri\u015fimi H\u0131zland\u0131rma | Abdul Latif Jameel\u00ae","og_description":"Jameel Toplulu\u011fu, sa\u011fl\u0131k hizmetlerinde d\u00f6n\u00fc\u015f\u00fcm\u00fc ger\u00e7ekle\u015ftirmek i\u00e7in teknolojinin g\u00fcc\u00fcnden yararlanarak d\u00fcnya \u00e7ap\u0131nda savunmas\u0131z insanlar\u0131n sa\u011fl\u0131\u011f\u0131n\u0131 ve refah\u0131n\u0131 iyile\u015ftirmeye devam ediyor.","og_url":"https:\/\/alj.com\/tr\/health-overview\/","og_site_name":"Abdul Latif Jameel","article_publisher":"https:\/\/www.facebook.com\/Abdul.Latif.Jameel.Official","article_modified_time":"2023-08-07T08:27:32+00:00","og_image":[{"width":1294,"height":600,"url":"https:\/\/media.alj.com\/app\/uploads\/2016\/10\/alj-our-presence-in-menat-and-beyond.jpg","type":"image\/jpeg"}],"twitter_card":"summary_large_image","twitter_misc":{"Est. reading time":"1 minute"},"schema":{"@context":"https:\/\/schema.org","@graph":[{"@type":"WebPage","@id":"https:\/\/alj.com\/tr\/health-overview\/","url":"https:\/\/alj.com\/tr\/health-overview\/","name":"Modern Sa\u011fl\u0131k Hizmetlerine Eri\u015fimi H\u0131zland\u0131rma | Abdul Latif Jameel\u00ae","isPartOf":{"@id":"https:\/\/alj.com\/en\/#website"},"datePublished":"2016-10-05T12:25:32+00:00","dateModified":"2023-08-07T08:27:32+00:00","description":"Jameel Toplulu\u011fu, sa\u011fl\u0131k hizmetlerinde d\u00f6n\u00fc\u015f\u00fcm\u00fc ger\u00e7ekle\u015ftirmek i\u00e7in teknolojinin g\u00fcc\u00fcnden yararlanarak d\u00fcnya \u00e7ap\u0131nda savunmas\u0131z insanlar\u0131n sa\u011fl\u0131\u011f\u0131n\u0131 ve refah\u0131n\u0131 iyile\u015ftirmeye devam ediyor.","breadcrumb":{"@id":"https:\/\/alj.com\/tr\/health-overview\/#breadcrumb"},"inLanguage":"tr","potentialAction":[{"@type":"ReadAction","target":["https:\/\/alj.com\/tr\/health-overview\/"]}]},{"@type":"BreadcrumbList","@id":"https:\/\/alj.com\/tr\/health-overview\/#breadcrumb","itemListElement":[{"@type":"ListItem","position":1,"name":"Home","item":"https:\/\/alj.com\/tr\/"},{"@type":"ListItem","position":2,"name":"Sa\u011fl\u0131k"}]},{"@type":"WebSite","@id":"https:\/\/alj.com\/en\/#website","url":"https:\/\/alj.com\/en\/","name":"Abdul Latif Jameel","description":"Abdul Latif Jameel","potentialAction":[{"@type":"SearchAction","target":{"@type":"EntryPoint","urlTemplate":"https:\/\/alj.com\/en\/?s={search_term_string}"},"query-input":"required name=search_term_string"}],"inLanguage":"tr"}]}},"_links":{"self":[{"href":"https:\/\/alj.com\/tr\/wp-json\/wp\/v2\/pages\/77291"}],"collection":[{"href":"https:\/\/alj.com\/tr\/wp-json\/wp\/v2\/pages"}],"about":[{"href":"https:\/\/alj.com\/tr\/wp-json\/wp\/v2\/types\/page"}],"author":[{"embeddable":true,"href":"https:\/\/alj.com\/tr\/wp-json\/wp\/v2\/users\/14"}],"replies":[{"embeddable":true,"href":"https:\/\/alj.com\/tr\/wp-json\/wp\/v2\/comments?post=77291"}],"version-history":[{"count":0,"href":"https:\/\/alj.com\/tr\/wp-json\/wp\/v2\/pages\/77291\/revisions"}],"wp:featuredmedia":[{"embeddable":true,"href":"https:\/\/alj.com\/tr\/wp-json\/wp\/v2\/media\/27701"}],"wp:attachment":[{"href":"https:\/\/alj.com\/tr\/wp-json\/wp\/v2\/media?parent=77291"}],"wp:term":[{"taxonomy":"category","embeddable":true,"href":"https:\/\/alj.com\/tr\/wp-json\/wp\/v2\/categories?post=77291"}],"curies":[{"name":"wp","href":"https:\/\/api.w.org\/{rel}","templated":true}]}}