{"id":9045,"date":"2017-02-09T12:10:26","date_gmt":"2017-02-09T12:10:26","guid":{"rendered":"http:\/\/alj.corp.staging.omniaconnect.net\/tr\/investments\/partner-with-us\/"},"modified":"2022-07-04T07:29:59","modified_gmt":"2022-07-04T07:29:59","slug":"partner-with-us","status":"publish","type":"page","link":"https:\/\/alj.com\/tr\/investments\/partner-with-us\/","title":{"rendered":"Bizimle Ortak Olun"},"content":{"rendered":"<h2>Favori Yat\u0131r\u0131m Orta\u011f\u0131n\u0131z<\/h2>\n<div class=\"p1-style\">Abdul Latif Jameel, \u2018MENAT B\u00f6lgesi\u2019 ad\u0131 verilen Orta Do\u011fu, Kuzey Afrika ve T\u00fcrkiye\u2019de sayg\u0131n bir ortak ve g\u00fcvenilen bir dan\u0131\u015fman olarak ticari ortaklar\u0131m\u0131z\u0131n ve yeni pazarlar\u0131n kar\u015f\u0131l\u0131kl\u0131 olarak refaha kavu\u015fmas\u0131n\u0131 sa\u011flayan ticaret ve yat\u0131r\u0131m f\u0131rsatlar\u0131n\u0131 te\u015fvik etmekte ve kolayla\u015ft\u0131rmaktad\u0131r.<\/div>\n<p>Bu f\u0131rsatlara yan\u0131t vermek i\u00e7in Japonya, Suudi Arabistan, T\u00fcrkiye ve Birle\u015fik Arap Emirlikleri\u2019ndeki stratejik ofislerimizin hepsinde ileti\u015fime ge\u00e7ebilece\u011finiz son derece deneyimli uluslararas\u0131 i\u015f geli\u015ftirme uzmanlar\u0131 bulunduruyoruz.<\/p>\n","protected":false},"excerpt":{"rendered":"<p>Favori Yat\u0131r\u0131m Orta\u011f\u0131n\u0131z Abdul Latif Jameel, \u2018MENAT B\u00f6lgesi\u2019 ad\u0131 verilen Orta Do\u011fu, Kuzey Afrika ve T\u00fcrkiye\u2019de sayg\u0131n bir ortak ve g\u00fcvenilen bir dan\u0131\u015fman olarak ticari ortaklar\u0131m\u0131z\u0131n ve yeni pazarlar\u0131n kar\u015f\u0131l\u0131kl\u0131 olarak refaha kavu\u015fmas\u0131n\u0131 sa\u011flayan ticaret ve yat\u0131r\u0131m f\u0131rsatlar\u0131n\u0131 te\u015fvik etmekte ve kolayla\u015ft\u0131rmaktad\u0131r. Bu f\u0131rsatlara yan\u0131t vermek i\u00e7in Japonya, Suudi Arabistan, T\u00fcrkiye ve Birle\u015fik Arap Emirlikleri\u2019ndeki [&hellip;]<\/p>\n","protected":false},"author":14,"featured_media":0,"parent":9039,"menu_order":14,"comment_status":"closed","ping_status":"closed","template":"page-templates\/investment-overview.php","meta":{"footnotes":""},"categories":[],"acf":[],"yoast_head":"<!-- This site is optimized with the Yoast SEO plugin v21.5 - https:\/\/yoast.com\/wordpress\/plugins\/seo\/ -->\n<title>Uluslararas\u0131 Yat\u0131r\u0131m ve Ticari Ortaklar | Abdul Latif Jameel\u00ae<\/title>\n<meta name=\"description\" content=\"B\u00f6lgedeki yat\u0131r\u0131m f\u0131rsatlar\u0131yla ilgili daha fazla bilgi edinmek i\u00e7in l\u00fctfen Japonya, Suudi Arabistan, T\u00fcrkiye veya BAE&#039;deki stratejik ofislerimizden biriyle ileti\u015fime ge\u00e7in.\" \/>\n<meta name=\"robots\" content=\"index, follow, max-snippet:-1, max-image-preview:large, max-video-preview:-1\" \/>\n<link rel=\"canonical\" href=\"https:\/\/alj.com\/tr\/investments\/partner-with-us\/\" \/>\n<meta property=\"og:locale\" content=\"tr_TR\" \/>\n<meta property=\"og:type\" content=\"article\" \/>\n<meta property=\"og:title\" content=\"Uluslararas\u0131 Yat\u0131r\u0131m ve Ticari Ortaklar | Abdul Latif Jameel\u00ae\" \/>\n<meta property=\"og:description\" content=\"B\u00f6lgedeki yat\u0131r\u0131m f\u0131rsatlar\u0131yla ilgili daha fazla bilgi edinmek i\u00e7in l\u00fctfen Japonya, Suudi Arabistan, T\u00fcrkiye veya BAE&#039;deki stratejik ofislerimizden biriyle ileti\u015fime ge\u00e7in.\" \/>\n<meta property=\"og:url\" content=\"https:\/\/alj.com\/tr\/investments\/partner-with-us\/\" \/>\n<meta property=\"og:site_name\" content=\"Abdul Latif Jameel\" \/>\n<meta property=\"article:publisher\" content=\"https:\/\/www.facebook.com\/Abdul.Latif.Jameel.Official\" \/>\n<meta property=\"article:modified_time\" content=\"2022-07-04T07:29:59+00:00\" \/>\n<meta property=\"og:image\" content=\"https:\/\/media.alj.com\/app\/uploads\/2016\/10\/alj-our-presence-in-menat-and-beyond.jpg\" \/>\n\t<meta property=\"og:image:width\" content=\"1294\" \/>\n\t<meta property=\"og:image:height\" content=\"600\" \/>\n\t<meta property=\"og:image:type\" content=\"image\/jpeg\" \/>\n<meta name=\"twitter:card\" content=\"summary_large_image\" \/>\n<meta name=\"twitter:label1\" content=\"Est. reading time\" \/>\n\t<meta name=\"twitter:data1\" content=\"1 minute\" \/>\n<script type=\"application\/ld+json\" class=\"yoast-schema-graph\">{\"@context\":\"https:\/\/schema.org\",\"@graph\":[{\"@type\":\"WebPage\",\"@id\":\"https:\/\/alj.com\/tr\/investments\/partner-with-us\/\",\"url\":\"https:\/\/alj.com\/tr\/investments\/partner-with-us\/\",\"name\":\"Uluslararas\u0131 Yat\u0131r\u0131m ve Ticari Ortaklar | Abdul Latif Jameel\u00ae\",\"isPartOf\":{\"@id\":\"https:\/\/alj.com\/en\/#website\"},\"datePublished\":\"2017-02-09T12:10:26+00:00\",\"dateModified\":\"2022-07-04T07:29:59+00:00\",\"description\":\"B\u00f6lgedeki yat\u0131r\u0131m f\u0131rsatlar\u0131yla ilgili daha fazla bilgi edinmek i\u00e7in l\u00fctfen Japonya, Suudi Arabistan, T\u00fcrkiye veya BAE'deki stratejik ofislerimizden biriyle ileti\u015fime ge\u00e7in.\",\"breadcrumb\":{\"@id\":\"https:\/\/alj.com\/tr\/investments\/partner-with-us\/#breadcrumb\"},\"inLanguage\":\"tr\",\"potentialAction\":[{\"@type\":\"ReadAction\",\"target\":[\"https:\/\/alj.com\/tr\/investments\/partner-with-us\/\"]}]},{\"@type\":\"BreadcrumbList\",\"@id\":\"https:\/\/alj.com\/tr\/investments\/partner-with-us\/#breadcrumb\",\"itemListElement\":[{\"@type\":\"ListItem\",\"position\":1,\"name\":\"Home\",\"item\":\"https:\/\/alj.com\/tr\/\"},{\"@type\":\"ListItem\",\"position\":2,\"name\":\"Yat\u0131r\u0131mlar\",\"item\":\"https:\/\/alj.com\/tr\/investments\/\"},{\"@type\":\"ListItem\",\"position\":3,\"name\":\"Bizimle Ortak Olun\"}]},{\"@type\":\"WebSite\",\"@id\":\"https:\/\/alj.com\/en\/#website\",\"url\":\"https:\/\/alj.com\/en\/\",\"name\":\"Abdul Latif Jameel\",\"description\":\"Abdul Latif Jameel\",\"potentialAction\":[{\"@type\":\"SearchAction\",\"target\":{\"@type\":\"EntryPoint\",\"urlTemplate\":\"https:\/\/alj.com\/en\/?s={search_term_string}\"},\"query-input\":\"required name=search_term_string\"}],\"inLanguage\":\"tr\"}]}<\/script>\n<!-- \/ Yoast SEO plugin. -->","yoast_head_json":{"title":"Uluslararas\u0131 Yat\u0131r\u0131m ve Ticari Ortaklar | Abdul Latif Jameel\u00ae","description":"B\u00f6lgedeki yat\u0131r\u0131m f\u0131rsatlar\u0131yla ilgili daha fazla bilgi edinmek i\u00e7in l\u00fctfen Japonya, Suudi Arabistan, T\u00fcrkiye veya BAE'deki stratejik ofislerimizden biriyle ileti\u015fime ge\u00e7in.","robots":{"index":"index","follow":"follow","max-snippet":"max-snippet:-1","max-image-preview":"max-image-preview:large","max-video-preview":"max-video-preview:-1"},"canonical":"https:\/\/alj.com\/tr\/investments\/partner-with-us\/","og_locale":"tr_TR","og_type":"article","og_title":"Uluslararas\u0131 Yat\u0131r\u0131m ve Ticari Ortaklar | Abdul Latif Jameel\u00ae","og_description":"B\u00f6lgedeki yat\u0131r\u0131m f\u0131rsatlar\u0131yla ilgili daha fazla bilgi edinmek i\u00e7in l\u00fctfen Japonya, Suudi Arabistan, T\u00fcrkiye veya BAE'deki stratejik ofislerimizden biriyle ileti\u015fime ge\u00e7in.","og_url":"https:\/\/alj.com\/tr\/investments\/partner-with-us\/","og_site_name":"Abdul Latif Jameel","article_publisher":"https:\/\/www.facebook.com\/Abdul.Latif.Jameel.Official","article_modified_time":"2022-07-04T07:29:59+00:00","og_image":[{"width":1294,"height":600,"url":"https:\/\/media.alj.com\/app\/uploads\/2016\/10\/alj-our-presence-in-menat-and-beyond.jpg","type":"image\/jpeg"}],"twitter_card":"summary_large_image","twitter_misc":{"Est. reading time":"1 minute"},"schema":{"@context":"https:\/\/schema.org","@graph":[{"@type":"WebPage","@id":"https:\/\/alj.com\/tr\/investments\/partner-with-us\/","url":"https:\/\/alj.com\/tr\/investments\/partner-with-us\/","name":"Uluslararas\u0131 Yat\u0131r\u0131m ve Ticari Ortaklar | Abdul Latif Jameel\u00ae","isPartOf":{"@id":"https:\/\/alj.com\/en\/#website"},"datePublished":"2017-02-09T12:10:26+00:00","dateModified":"2022-07-04T07:29:59+00:00","description":"B\u00f6lgedeki yat\u0131r\u0131m f\u0131rsatlar\u0131yla ilgili daha fazla bilgi edinmek i\u00e7in l\u00fctfen Japonya, Suudi Arabistan, T\u00fcrkiye veya BAE'deki stratejik ofislerimizden biriyle ileti\u015fime ge\u00e7in.","breadcrumb":{"@id":"https:\/\/alj.com\/tr\/investments\/partner-with-us\/#breadcrumb"},"inLanguage":"tr","potentialAction":[{"@type":"ReadAction","target":["https:\/\/alj.com\/tr\/investments\/partner-with-us\/"]}]},{"@type":"BreadcrumbList","@id":"https:\/\/alj.com\/tr\/investments\/partner-with-us\/#breadcrumb","itemListElement":[{"@type":"ListItem","position":1,"name":"Home","item":"https:\/\/alj.com\/tr\/"},{"@type":"ListItem","position":2,"name":"Yat\u0131r\u0131mlar","item":"https:\/\/alj.com\/tr\/investments\/"},{"@type":"ListItem","position":3,"name":"Bizimle Ortak Olun"}]},{"@type":"WebSite","@id":"https:\/\/alj.com\/en\/#website","url":"https:\/\/alj.com\/en\/","name":"Abdul Latif Jameel","description":"Abdul Latif Jameel","potentialAction":[{"@type":"SearchAction","target":{"@type":"EntryPoint","urlTemplate":"https:\/\/alj.com\/en\/?s={search_term_string}"},"query-input":"required name=search_term_string"}],"inLanguage":"tr"}]}},"_links":{"self":[{"href":"https:\/\/alj.com\/tr\/wp-json\/wp\/v2\/pages\/9045"}],"collection":[{"href":"https:\/\/alj.com\/tr\/wp-json\/wp\/v2\/pages"}],"about":[{"href":"https:\/\/alj.com\/tr\/wp-json\/wp\/v2\/types\/page"}],"author":[{"embeddable":true,"href":"https:\/\/alj.com\/tr\/wp-json\/wp\/v2\/users\/14"}],"replies":[{"embeddable":true,"href":"https:\/\/alj.com\/tr\/wp-json\/wp\/v2\/comments?post=9045"}],"version-history":[{"count":0,"href":"https:\/\/alj.com\/tr\/wp-json\/wp\/v2\/pages\/9045\/revisions"}],"up":[{"embeddable":true,"href":"https:\/\/alj.com\/tr\/wp-json\/wp\/v2\/pages\/9039"}],"wp:attachment":[{"href":"https:\/\/alj.com\/tr\/wp-json\/wp\/v2\/media?parent=9045"}],"wp:term":[{"taxonomy":"category","embeddable":true,"href":"https:\/\/alj.com\/tr\/wp-json\/wp\/v2\/categories?post=9045"}],"curies":[{"name":"wp","href":"https:\/\/api.w.org\/{rel}","templated":true}]}}