{"id":9060,"date":"2017-02-11T15:51:16","date_gmt":"2017-02-11T15:51:16","guid":{"rendered":"http:\/\/alj.corp.staging.omniaconnect.net\/tr\/investments\/international\/"},"modified":"2022-07-04T07:30:42","modified_gmt":"2022-07-04T07:30:42","slug":"international","status":"publish","type":"page","link":"https:\/\/alj.com\/tr\/investments\/international\/","title":{"rendered":"Uluslararas\u0131"},"content":{"rendered":"<h2>T\u00fcm b\u00f6lgede ve \u00f6tesinde yeni kap\u0131lar a\u00e7\u0131l\u0131yor ve yeni pazarlar canlan\u0131yor.<\/h2>\n<div class=\"p1-style\">\u00c7o\u011funlu\u011fu daha e\u011fitimli ve daha gen\u00e7 ku\u015faklardan olu\u015fan istekli t\u00fcketiciler ile dolu b\u00fcy\u00fcyen n\u00fcfuslar g\u00f6r\u00fcyoruz. Daha fazla istekli ve birbirine ba\u011fl\u0131 bu n\u00fcfuslar\u0131 ile MENAT \u00fclkeleri ve onlar\u0131n devletleri i\u015f f\u0131rsatlar\u0131na a\u00e7\u0131k ve inan\u0131lmaz bir potansiyel sunuyor.<\/div>\n<p>D\u00fcnyan\u0131n her yan\u0131nda iki taraf a\u00e7\u0131s\u0131ndan kazan\u00e7l\u0131 i\u015f ba\u011flant\u0131lar\u0131 olu\u015fturabilecek say\u0131s\u0131z f\u0131rsat var. Aktif ve yap\u0131c\u0131 bir diyalo\u011fu kolayla\u015ft\u0131rmak ve kendimizi ve i\u015f ortaklar\u0131m\u0131z\u0131 bu potansiyeli ger\u00e7ekle\u015ftirmek \u00fczere seferber etmek i\u00e7in, \u0130stanbul, Dubai ve Tokyo&#8217;da uluslararas\u0131 i\u015f geli\u015ftirme merkezleri kurduk.<\/p>\n","protected":false},"excerpt":{"rendered":"<p>T\u00fcm b\u00f6lgede ve \u00f6tesinde yeni kap\u0131lar a\u00e7\u0131l\u0131yor ve yeni pazarlar canlan\u0131yor. \u00c7o\u011funlu\u011fu daha e\u011fitimli ve daha gen\u00e7 ku\u015faklardan olu\u015fan istekli t\u00fcketiciler ile dolu b\u00fcy\u00fcyen n\u00fcfuslar g\u00f6r\u00fcyoruz. Daha fazla istekli ve birbirine ba\u011fl\u0131 bu n\u00fcfuslar\u0131 ile MENAT \u00fclkeleri ve onlar\u0131n devletleri i\u015f f\u0131rsatlar\u0131na a\u00e7\u0131k ve inan\u0131lmaz bir potansiyel sunuyor. D\u00fcnyan\u0131n her yan\u0131nda iki taraf a\u00e7\u0131s\u0131ndan kazan\u00e7l\u0131 [&hellip;]<\/p>\n","protected":false},"author":14,"featured_media":0,"parent":9039,"menu_order":17,"comment_status":"closed","ping_status":"closed","template":"page-templates\/investment-international.php","meta":{"footnotes":""},"categories":[],"acf":[],"yoast_head":"<!-- This site is optimized with the Yoast SEO plugin v21.5 - https:\/\/yoast.com\/wordpress\/plugins\/seo\/ -->\n<title>Uluslararas\u0131 Yat\u0131r\u0131m ve Ticaret | Abdul Latif Jameel\u00ae<\/title>\n<meta name=\"description\" content=\"Abdul Latif Jameel International BAE&#039;de Dubai Emirli\u011fi&#039;nde bulunmakta olup bir dizi sanayi sekt\u00f6r\u00fcnde faaliyetler y\u00fcr\u00fctmeltedir.\" \/>\n<meta name=\"robots\" content=\"index, follow, max-snippet:-1, max-image-preview:large, max-video-preview:-1\" \/>\n<link rel=\"canonical\" href=\"https:\/\/alj.com\/tr\/investments\/international\/\" \/>\n<meta property=\"og:locale\" content=\"tr_TR\" \/>\n<meta property=\"og:type\" content=\"article\" \/>\n<meta property=\"og:title\" content=\"Uluslararas\u0131 Yat\u0131r\u0131m ve Ticaret | Abdul Latif Jameel\u00ae\" \/>\n<meta property=\"og:description\" content=\"Abdul Latif Jameel International BAE&#039;de Dubai Emirli\u011fi&#039;nde bulunmakta olup bir dizi sanayi sekt\u00f6r\u00fcnde faaliyetler y\u00fcr\u00fctmeltedir.\" \/>\n<meta property=\"og:url\" content=\"https:\/\/alj.com\/tr\/investments\/international\/\" \/>\n<meta property=\"og:site_name\" content=\"Abdul Latif Jameel\" \/>\n<meta property=\"article:publisher\" content=\"https:\/\/www.facebook.com\/Abdul.Latif.Jameel.Official\" \/>\n<meta property=\"article:modified_time\" content=\"2022-07-04T07:30:42+00:00\" \/>\n<meta property=\"og:image\" content=\"https:\/\/media.alj.com\/app\/uploads\/2016\/10\/alj-our-presence-in-menat-and-beyond.jpg\" \/>\n\t<meta property=\"og:image:width\" content=\"1294\" \/>\n\t<meta property=\"og:image:height\" content=\"600\" \/>\n\t<meta property=\"og:image:type\" content=\"image\/jpeg\" \/>\n<meta name=\"twitter:card\" content=\"summary_large_image\" \/>\n<meta name=\"twitter:label1\" content=\"Est. reading time\" \/>\n\t<meta name=\"twitter:data1\" content=\"1 minute\" \/>\n<script type=\"application\/ld+json\" class=\"yoast-schema-graph\">{\"@context\":\"https:\/\/schema.org\",\"@graph\":[{\"@type\":\"WebPage\",\"@id\":\"https:\/\/alj.com\/tr\/investments\/international\/\",\"url\":\"https:\/\/alj.com\/tr\/investments\/international\/\",\"name\":\"Uluslararas\u0131 Yat\u0131r\u0131m ve Ticaret | Abdul Latif Jameel\u00ae\",\"isPartOf\":{\"@id\":\"https:\/\/alj.com\/en\/#website\"},\"datePublished\":\"2017-02-11T15:51:16+00:00\",\"dateModified\":\"2022-07-04T07:30:42+00:00\",\"description\":\"Abdul Latif Jameel International BAE'de Dubai Emirli\u011fi'nde bulunmakta olup bir dizi sanayi sekt\u00f6r\u00fcnde faaliyetler y\u00fcr\u00fctmeltedir.\",\"breadcrumb\":{\"@id\":\"https:\/\/alj.com\/tr\/investments\/international\/#breadcrumb\"},\"inLanguage\":\"tr\",\"potentialAction\":[{\"@type\":\"ReadAction\",\"target\":[\"https:\/\/alj.com\/tr\/investments\/international\/\"]}]},{\"@type\":\"BreadcrumbList\",\"@id\":\"https:\/\/alj.com\/tr\/investments\/international\/#breadcrumb\",\"itemListElement\":[{\"@type\":\"ListItem\",\"position\":1,\"name\":\"Home\",\"item\":\"https:\/\/alj.com\/tr\/\"},{\"@type\":\"ListItem\",\"position\":2,\"name\":\"Yat\u0131r\u0131mlar\",\"item\":\"https:\/\/alj.com\/tr\/investments\/\"},{\"@type\":\"ListItem\",\"position\":3,\"name\":\"Uluslararas\u0131\"}]},{\"@type\":\"WebSite\",\"@id\":\"https:\/\/alj.com\/en\/#website\",\"url\":\"https:\/\/alj.com\/en\/\",\"name\":\"Abdul Latif Jameel\",\"description\":\"Abdul Latif Jameel\",\"potentialAction\":[{\"@type\":\"SearchAction\",\"target\":{\"@type\":\"EntryPoint\",\"urlTemplate\":\"https:\/\/alj.com\/en\/?s={search_term_string}\"},\"query-input\":\"required name=search_term_string\"}],\"inLanguage\":\"tr\"}]}<\/script>\n<!-- \/ Yoast SEO plugin. -->","yoast_head_json":{"title":"Uluslararas\u0131 Yat\u0131r\u0131m ve Ticaret | Abdul Latif Jameel\u00ae","description":"Abdul Latif Jameel International BAE'de Dubai Emirli\u011fi'nde bulunmakta olup bir dizi sanayi sekt\u00f6r\u00fcnde faaliyetler y\u00fcr\u00fctmeltedir.","robots":{"index":"index","follow":"follow","max-snippet":"max-snippet:-1","max-image-preview":"max-image-preview:large","max-video-preview":"max-video-preview:-1"},"canonical":"https:\/\/alj.com\/tr\/investments\/international\/","og_locale":"tr_TR","og_type":"article","og_title":"Uluslararas\u0131 Yat\u0131r\u0131m ve Ticaret | Abdul Latif Jameel\u00ae","og_description":"Abdul Latif Jameel International BAE'de Dubai Emirli\u011fi'nde bulunmakta olup bir dizi sanayi sekt\u00f6r\u00fcnde faaliyetler y\u00fcr\u00fctmeltedir.","og_url":"https:\/\/alj.com\/tr\/investments\/international\/","og_site_name":"Abdul Latif Jameel","article_publisher":"https:\/\/www.facebook.com\/Abdul.Latif.Jameel.Official","article_modified_time":"2022-07-04T07:30:42+00:00","og_image":[{"width":1294,"height":600,"url":"https:\/\/media.alj.com\/app\/uploads\/2016\/10\/alj-our-presence-in-menat-and-beyond.jpg","type":"image\/jpeg"}],"twitter_card":"summary_large_image","twitter_misc":{"Est. reading time":"1 minute"},"schema":{"@context":"https:\/\/schema.org","@graph":[{"@type":"WebPage","@id":"https:\/\/alj.com\/tr\/investments\/international\/","url":"https:\/\/alj.com\/tr\/investments\/international\/","name":"Uluslararas\u0131 Yat\u0131r\u0131m ve Ticaret | Abdul Latif Jameel\u00ae","isPartOf":{"@id":"https:\/\/alj.com\/en\/#website"},"datePublished":"2017-02-11T15:51:16+00:00","dateModified":"2022-07-04T07:30:42+00:00","description":"Abdul Latif Jameel International BAE'de Dubai Emirli\u011fi'nde bulunmakta olup bir dizi sanayi sekt\u00f6r\u00fcnde faaliyetler y\u00fcr\u00fctmeltedir.","breadcrumb":{"@id":"https:\/\/alj.com\/tr\/investments\/international\/#breadcrumb"},"inLanguage":"tr","potentialAction":[{"@type":"ReadAction","target":["https:\/\/alj.com\/tr\/investments\/international\/"]}]},{"@type":"BreadcrumbList","@id":"https:\/\/alj.com\/tr\/investments\/international\/#breadcrumb","itemListElement":[{"@type":"ListItem","position":1,"name":"Home","item":"https:\/\/alj.com\/tr\/"},{"@type":"ListItem","position":2,"name":"Yat\u0131r\u0131mlar","item":"https:\/\/alj.com\/tr\/investments\/"},{"@type":"ListItem","position":3,"name":"Uluslararas\u0131"}]},{"@type":"WebSite","@id":"https:\/\/alj.com\/en\/#website","url":"https:\/\/alj.com\/en\/","name":"Abdul Latif Jameel","description":"Abdul Latif Jameel","potentialAction":[{"@type":"SearchAction","target":{"@type":"EntryPoint","urlTemplate":"https:\/\/alj.com\/en\/?s={search_term_string}"},"query-input":"required name=search_term_string"}],"inLanguage":"tr"}]}},"_links":{"self":[{"href":"https:\/\/alj.com\/tr\/wp-json\/wp\/v2\/pages\/9060"}],"collection":[{"href":"https:\/\/alj.com\/tr\/wp-json\/wp\/v2\/pages"}],"about":[{"href":"https:\/\/alj.com\/tr\/wp-json\/wp\/v2\/types\/page"}],"author":[{"embeddable":true,"href":"https:\/\/alj.com\/tr\/wp-json\/wp\/v2\/users\/14"}],"replies":[{"embeddable":true,"href":"https:\/\/alj.com\/tr\/wp-json\/wp\/v2\/comments?post=9060"}],"version-history":[{"count":0,"href":"https:\/\/alj.com\/tr\/wp-json\/wp\/v2\/pages\/9060\/revisions"}],"up":[{"embeddable":true,"href":"https:\/\/alj.com\/tr\/wp-json\/wp\/v2\/pages\/9039"}],"wp:attachment":[{"href":"https:\/\/alj.com\/tr\/wp-json\/wp\/v2\/media?parent=9060"}],"wp:term":[{"taxonomy":"category","embeddable":true,"href":"https:\/\/alj.com\/tr\/wp-json\/wp\/v2\/categories?post=9060"}],"curies":[{"name":"wp","href":"https:\/\/api.w.org\/{rel}","templated":true}]}}