{"id":9065,"date":"2017-04-17T13:40:51","date_gmt":"2017-04-17T13:40:51","guid":{"rendered":"http:\/\/alj.corp.staging.omniaconnect.net\/tr\/investments\/menat-region\/"},"modified":"2022-07-04T07:33:15","modified_gmt":"2022-07-04T07:33:15","slug":"menat-region","status":"publish","type":"page","link":"https:\/\/alj.com\/tr\/investments\/menat-region\/","title":{"rendered":"MENAT B\u00f6lgesi"},"content":{"rendered":"<h2>Olas\u0131l\u0131klar A\u00e7\u0131s\u0131ndan Zengin Bir B\u00f6lge<\/h2>\n<div class=\"p1-style\">Hizmet verdi\u011fimiz toplumlarda geli\u015fen ve g\u00fc\u00e7lenen uzun ge\u00e7mi\u015fe dayal\u0131 miras\u0131m\u0131z sayesinde, Abdul Latif Jameel, Orta Do\u011fu, Kuzey Afrika ve T\u00fcrkiye (MENAT) b\u00f6lgesinde sayg\u0131 duyulan bir rehber, ortak ve g\u00fcvenilir bir dan\u0131\u015fmand\u0131r.<\/div>\n<p>Binlerce y\u0131l boyunca \u2018Do\u011fu ve Bat\u0131 aras\u0131ndaki k\u00f6pr\u00fc\u2019 olarak selamlanan MENAT b\u00f6lgesi, bug\u00fcn k\u00fcresel seyahat, turizm ve tabii ki ticaretin co\u011frafi merkezinde yer al\u0131yor. Olas\u0131l\u0131klar a\u00e7\u0131s\u0131ndan zenginli\u011fi ve yat\u0131r\u0131m a\u00e7\u0131s\u0131ndan olgunlu\u011fu, gitgide daha istekli ve birbirine ba\u011fl\u0131 bu n\u00fcfuslar\u0131 ile MENAT \u00fclkeleri ve onlar\u0131n devletleri inan\u0131lmaz bir h\u0131zla modernle\u015fiyor ve kalk\u0131n\u0131yor.<\/p>\n<p>Birlikte, bu heyecan verici potansiyelin \u00f6n\u00fcn\u00fc a\u00e7abilir ve d\u00fcnyan\u0131n en heyecan verici b\u00f6lgelerinden biri i\u00e7in daha da parlak bir gelece\u011fi in\u015fa edebiliriz.<\/p>\n","protected":false},"excerpt":{"rendered":"<p>Olas\u0131l\u0131klar A\u00e7\u0131s\u0131ndan Zengin Bir B\u00f6lge Hizmet verdi\u011fimiz toplumlarda geli\u015fen ve g\u00fc\u00e7lenen uzun ge\u00e7mi\u015fe dayal\u0131 miras\u0131m\u0131z sayesinde, Abdul Latif Jameel, Orta Do\u011fu, Kuzey Afrika ve T\u00fcrkiye (MENAT) b\u00f6lgesinde sayg\u0131 duyulan bir rehber, ortak ve g\u00fcvenilir bir dan\u0131\u015fmand\u0131r. Binlerce y\u0131l boyunca \u2018Do\u011fu ve Bat\u0131 aras\u0131ndaki k\u00f6pr\u00fc\u2019 olarak selamlanan MENAT b\u00f6lgesi, bug\u00fcn k\u00fcresel seyahat, turizm ve tabii ki [&hellip;]<\/p>\n","protected":false},"author":14,"featured_media":0,"parent":9039,"menu_order":20,"comment_status":"closed","ping_status":"closed","template":"page-templates\/investment-international.php","meta":{"footnotes":""},"categories":[],"acf":[],"yoast_head":"<!-- This site is optimized with the Yoast SEO plugin v21.5 - https:\/\/yoast.com\/wordpress\/plugins\/seo\/ -->\n<title>Yat\u0131r\u0131mlar: Ortado\u011fu, Kuzey Afrika ve T\u00fcrkiye | Abdul Latif Jameel\u00ae<\/title>\n<meta name=\"description\" content=\"MENAT b\u00f6lgesi inan\u0131lmaz bir h\u0131zda geli\u015fiyor ve umut vadeden yat\u0131r\u0131m potansiyeline sahiptir. B\u00f6lgedeki f\u0131rsatlar hakk\u0131nda daha fazla bilgi edinin.\" \/>\n<meta name=\"robots\" content=\"index, follow, max-snippet:-1, max-image-preview:large, max-video-preview:-1\" \/>\n<link rel=\"canonical\" href=\"https:\/\/alj.com\/tr\/investments\/menat-region\/\" \/>\n<meta property=\"og:locale\" content=\"tr_TR\" \/>\n<meta property=\"og:type\" content=\"article\" \/>\n<meta property=\"og:title\" content=\"Yat\u0131r\u0131mlar: Ortado\u011fu, Kuzey Afrika ve T\u00fcrkiye | Abdul Latif Jameel\u00ae\" \/>\n<meta property=\"og:description\" content=\"MENAT b\u00f6lgesi inan\u0131lmaz bir h\u0131zda geli\u015fiyor ve umut vadeden yat\u0131r\u0131m potansiyeline sahiptir. B\u00f6lgedeki f\u0131rsatlar hakk\u0131nda daha fazla bilgi edinin.\" \/>\n<meta property=\"og:url\" content=\"https:\/\/alj.com\/tr\/investments\/menat-region\/\" \/>\n<meta property=\"og:site_name\" content=\"Abdul Latif Jameel\" \/>\n<meta property=\"article:publisher\" content=\"https:\/\/www.facebook.com\/Abdul.Latif.Jameel.Official\" \/>\n<meta property=\"article:modified_time\" content=\"2022-07-04T07:33:15+00:00\" \/>\n<meta property=\"og:image\" content=\"https:\/\/media.alj.com\/app\/uploads\/2016\/10\/alj-our-presence-in-menat-and-beyond.jpg\" \/>\n\t<meta property=\"og:image:width\" content=\"1294\" \/>\n\t<meta property=\"og:image:height\" content=\"600\" \/>\n\t<meta property=\"og:image:type\" content=\"image\/jpeg\" \/>\n<meta name=\"twitter:card\" content=\"summary_large_image\" \/>\n<meta name=\"twitter:label1\" content=\"Est. reading time\" \/>\n\t<meta name=\"twitter:data1\" content=\"1 minute\" \/>\n<script type=\"application\/ld+json\" class=\"yoast-schema-graph\">{\"@context\":\"https:\/\/schema.org\",\"@graph\":[{\"@type\":\"WebPage\",\"@id\":\"https:\/\/alj.com\/tr\/investments\/menat-region\/\",\"url\":\"https:\/\/alj.com\/tr\/investments\/menat-region\/\",\"name\":\"Yat\u0131r\u0131mlar: Ortado\u011fu, Kuzey Afrika ve T\u00fcrkiye | Abdul Latif Jameel\u00ae\",\"isPartOf\":{\"@id\":\"https:\/\/alj.com\/en\/#website\"},\"datePublished\":\"2017-04-17T13:40:51+00:00\",\"dateModified\":\"2022-07-04T07:33:15+00:00\",\"description\":\"MENAT b\u00f6lgesi inan\u0131lmaz bir h\u0131zda geli\u015fiyor ve umut vadeden yat\u0131r\u0131m potansiyeline sahiptir. B\u00f6lgedeki f\u0131rsatlar hakk\u0131nda daha fazla bilgi edinin.\",\"breadcrumb\":{\"@id\":\"https:\/\/alj.com\/tr\/investments\/menat-region\/#breadcrumb\"},\"inLanguage\":\"tr\",\"potentialAction\":[{\"@type\":\"ReadAction\",\"target\":[\"https:\/\/alj.com\/tr\/investments\/menat-region\/\"]}]},{\"@type\":\"BreadcrumbList\",\"@id\":\"https:\/\/alj.com\/tr\/investments\/menat-region\/#breadcrumb\",\"itemListElement\":[{\"@type\":\"ListItem\",\"position\":1,\"name\":\"Home\",\"item\":\"https:\/\/alj.com\/tr\/\"},{\"@type\":\"ListItem\",\"position\":2,\"name\":\"Yat\u0131r\u0131mlar\",\"item\":\"https:\/\/alj.com\/tr\/investments\/\"},{\"@type\":\"ListItem\",\"position\":3,\"name\":\"MENAT B\u00f6lgesi\"}]},{\"@type\":\"WebSite\",\"@id\":\"https:\/\/alj.com\/en\/#website\",\"url\":\"https:\/\/alj.com\/en\/\",\"name\":\"Abdul Latif Jameel\",\"description\":\"Abdul Latif Jameel\",\"potentialAction\":[{\"@type\":\"SearchAction\",\"target\":{\"@type\":\"EntryPoint\",\"urlTemplate\":\"https:\/\/alj.com\/en\/?s={search_term_string}\"},\"query-input\":\"required name=search_term_string\"}],\"inLanguage\":\"tr\"}]}<\/script>\n<!-- \/ Yoast SEO plugin. -->","yoast_head_json":{"title":"Yat\u0131r\u0131mlar: Ortado\u011fu, Kuzey Afrika ve T\u00fcrkiye | Abdul Latif Jameel\u00ae","description":"MENAT b\u00f6lgesi inan\u0131lmaz bir h\u0131zda geli\u015fiyor ve umut vadeden yat\u0131r\u0131m potansiyeline sahiptir. B\u00f6lgedeki f\u0131rsatlar hakk\u0131nda daha fazla bilgi edinin.","robots":{"index":"index","follow":"follow","max-snippet":"max-snippet:-1","max-image-preview":"max-image-preview:large","max-video-preview":"max-video-preview:-1"},"canonical":"https:\/\/alj.com\/tr\/investments\/menat-region\/","og_locale":"tr_TR","og_type":"article","og_title":"Yat\u0131r\u0131mlar: Ortado\u011fu, Kuzey Afrika ve T\u00fcrkiye | Abdul Latif Jameel\u00ae","og_description":"MENAT b\u00f6lgesi inan\u0131lmaz bir h\u0131zda geli\u015fiyor ve umut vadeden yat\u0131r\u0131m potansiyeline sahiptir. B\u00f6lgedeki f\u0131rsatlar hakk\u0131nda daha fazla bilgi edinin.","og_url":"https:\/\/alj.com\/tr\/investments\/menat-region\/","og_site_name":"Abdul Latif Jameel","article_publisher":"https:\/\/www.facebook.com\/Abdul.Latif.Jameel.Official","article_modified_time":"2022-07-04T07:33:15+00:00","og_image":[{"width":1294,"height":600,"url":"https:\/\/media.alj.com\/app\/uploads\/2016\/10\/alj-our-presence-in-menat-and-beyond.jpg","type":"image\/jpeg"}],"twitter_card":"summary_large_image","twitter_misc":{"Est. reading time":"1 minute"},"schema":{"@context":"https:\/\/schema.org","@graph":[{"@type":"WebPage","@id":"https:\/\/alj.com\/tr\/investments\/menat-region\/","url":"https:\/\/alj.com\/tr\/investments\/menat-region\/","name":"Yat\u0131r\u0131mlar: Ortado\u011fu, Kuzey Afrika ve T\u00fcrkiye | Abdul Latif Jameel\u00ae","isPartOf":{"@id":"https:\/\/alj.com\/en\/#website"},"datePublished":"2017-04-17T13:40:51+00:00","dateModified":"2022-07-04T07:33:15+00:00","description":"MENAT b\u00f6lgesi inan\u0131lmaz bir h\u0131zda geli\u015fiyor ve umut vadeden yat\u0131r\u0131m potansiyeline sahiptir. B\u00f6lgedeki f\u0131rsatlar hakk\u0131nda daha fazla bilgi edinin.","breadcrumb":{"@id":"https:\/\/alj.com\/tr\/investments\/menat-region\/#breadcrumb"},"inLanguage":"tr","potentialAction":[{"@type":"ReadAction","target":["https:\/\/alj.com\/tr\/investments\/menat-region\/"]}]},{"@type":"BreadcrumbList","@id":"https:\/\/alj.com\/tr\/investments\/menat-region\/#breadcrumb","itemListElement":[{"@type":"ListItem","position":1,"name":"Home","item":"https:\/\/alj.com\/tr\/"},{"@type":"ListItem","position":2,"name":"Yat\u0131r\u0131mlar","item":"https:\/\/alj.com\/tr\/investments\/"},{"@type":"ListItem","position":3,"name":"MENAT B\u00f6lgesi"}]},{"@type":"WebSite","@id":"https:\/\/alj.com\/en\/#website","url":"https:\/\/alj.com\/en\/","name":"Abdul Latif Jameel","description":"Abdul Latif Jameel","potentialAction":[{"@type":"SearchAction","target":{"@type":"EntryPoint","urlTemplate":"https:\/\/alj.com\/en\/?s={search_term_string}"},"query-input":"required name=search_term_string"}],"inLanguage":"tr"}]}},"_links":{"self":[{"href":"https:\/\/alj.com\/tr\/wp-json\/wp\/v2\/pages\/9065"}],"collection":[{"href":"https:\/\/alj.com\/tr\/wp-json\/wp\/v2\/pages"}],"about":[{"href":"https:\/\/alj.com\/tr\/wp-json\/wp\/v2\/types\/page"}],"author":[{"embeddable":true,"href":"https:\/\/alj.com\/tr\/wp-json\/wp\/v2\/users\/14"}],"replies":[{"embeddable":true,"href":"https:\/\/alj.com\/tr\/wp-json\/wp\/v2\/comments?post=9065"}],"version-history":[{"count":0,"href":"https:\/\/alj.com\/tr\/wp-json\/wp\/v2\/pages\/9065\/revisions"}],"up":[{"embeddable":true,"href":"https:\/\/alj.com\/tr\/wp-json\/wp\/v2\/pages\/9039"}],"wp:attachment":[{"href":"https:\/\/alj.com\/tr\/wp-json\/wp\/v2\/media?parent=9065"}],"wp:term":[{"taxonomy":"category","embeddable":true,"href":"https:\/\/alj.com\/tr\/wp-json\/wp\/v2\/categories?post=9065"}],"curies":[{"name":"wp","href":"https:\/\/api.w.org\/{rel}","templated":true}]}}